{"id":169944,"date":"2025-10-13T08:37:53","date_gmt":"2025-10-13T08:37:53","guid":{"rendered":"https:\/\/moto-oprema.com\/?post_type=product&#038;p=169944"},"modified":"2025-10-13T08:41:59","modified_gmt":"2025-10-13T08:41:59","slug":"fox-180-mx-handschuhe-sammeln-grau-fluo-gelb-kopija","status":"publish","type":"product","link":"https:\/\/moto-oprema.com\/de\/Artikel\/fox-180-mx-handschuhe-sammeln-grau-fluo-gelb-kopija\/","title":{"rendered":"FOX 180 MX HANDSCHUHE SAMMELN BLAU"},"content":{"rendered":"<p>Wenn es um Handschuhe geht, sind Komfort und Griffigkeit das A und O. Die FOX 180 Collect Gloves bieten dank der Kompressionsmanschettenschnalle einen sicheren und zuverl\u00e4ssigen Halt. Strapazierf\u00e4hige Materialien sorgen f\u00fcr ausgezeichnete Zuverl\u00e4ssigkeit und Leistung, w\u00e4hrend die gepolsterte Handfl\u00e4che und der Daumen\u00fcberzug f\u00fcr zus\u00e4tzlichen Komfort und Haltbarkeit sorgen.  <\/p>\n<p>Spec:<\/p>\n<p>1. geformte Neoprenmanschette mit Klettverschluss f\u00fcr einen sicheren Halt<\/p>\n<p>2. die gepolsterte, einlagige, leitf\u00e4hige Clarino\u00ae-Handfl\u00e4che ist mit dem Typenschild kompatibel<\/p>\n<p>3. strapazierf\u00e4higes Nylon-Au\u00dfenmaterial mit sublimierten Grafiken<\/p>\n<p>4. die Fingereins\u00e4tze aus dehnbarem Mesh erh\u00f6hen die Atmungsaktivit\u00e4t und Beweglichkeit der Finger<\/p>\n<p>5: Silikonaufdruck auf den Fingerspitzen f\u00fcr besseren Halt<\/p>\n<p>&nbsp;<\/p>\n","protected":false},"excerpt":{"rendered":"<p>Wenn es um Handschuhe geht, sind Komfort und Griffigkeit das A und O. Die FOX 180&#8230;<\/p>\n","protected":false},"featured_media":169969,"comment_status":"open","ping_status":"closed","template":"","meta":{"_acf_changed":false},"brand":[2115],"gender":[2173],"product_brand":[],"product_cat":[2028,2070],"product_tag":[],"class_list":{"0":"post-169944","1":"product","2":"type-product","3":"status-publish","4":"has-post-thumbnail","6":"brand-fox-de","7":"gender-unisex-de","8":"product_cat-motocross-ausrustung","9":"product_cat-mx-handschuhe","10":"pa_size-l-de","11":"pa_size-m-de","12":"pa_size-s-de","13":"pa_size-xl-de","15":"first","16":"instock","17":"taxable","18":"shipping-taxable","19":"purchasable","20":"product-type-variable"},"acf":[],"_links":{"self":[{"href":"https:\/\/moto-oprema.com\/de\/wp-json\/wp\/v2\/product\/169944","targetHints":{"allow":["GET"]}}],"collection":[{"href":"https:\/\/moto-oprema.com\/de\/wp-json\/wp\/v2\/product"}],"about":[{"href":"https:\/\/moto-oprema.com\/de\/wp-json\/wp\/v2\/types\/product"}],"replies":[{"embeddable":true,"href":"https:\/\/moto-oprema.com\/de\/wp-json\/wp\/v2\/comments?post=169944"}],"wp:featuredmedia":[{"embeddable":true,"href":"https:\/\/moto-oprema.com\/de\/wp-json\/wp\/v2\/media\/169969"}],"wp:attachment":[{"href":"https:\/\/moto-oprema.com\/de\/wp-json\/wp\/v2\/media?parent=169944"}],"wp:term":[{"taxonomy":"brand","embeddable":true,"href":"https:\/\/moto-oprema.com\/de\/wp-json\/wp\/v2\/brand?post=169944"},{"taxonomy":"gender","embeddable":true,"href":"https:\/\/moto-oprema.com\/de\/wp-json\/wp\/v2\/gender?post=169944"},{"taxonomy":"product_brand","embeddable":true,"href":"https:\/\/moto-oprema.com\/de\/wp-json\/wp\/v2\/product_brand?post=169944"},{"taxonomy":"product_cat","embeddable":true,"href":"https:\/\/moto-oprema.com\/de\/wp-json\/wp\/v2\/product_cat?post=169944"},{"taxonomy":"product_tag","embeddable":true,"href":"https:\/\/moto-oprema.com\/de\/wp-json\/wp\/v2\/product_tag?post=169944"}],"curies":[{"name":"wp","href":"https:\/\/api.w.org\/{rel}","templated":true}]}}