{"id":168891,"date":"2025-10-10T09:36:28","date_gmt":"2025-10-10T09:36:28","guid":{"rendered":"https:\/\/moto-oprema.com\/?post_type=product&#038;p=168891"},"modified":"2025-10-10T09:41:19","modified_gmt":"2025-10-10T09:41:19","slug":"fox-mx-trikot-flexair-unendlich-fluo-orange-kopija","status":"publish","type":"product","link":"https:\/\/moto-oprema.com\/de\/Artikel\/fox-mx-trikot-flexair-unendlich-fluo-orange-kopija\/","title":{"rendered":"FOX MX TRIKOT FLEXAIR FRAKTUR MINTGR\u00dcN"},"content":{"rendered":"<p>Das Motocross Jersey Flexair ist praktisch wie eine zweite Haut. Es besteht aus leichten und elastischen Materialien, die sich problemlos allen K\u00f6rperbewegungen anpassen und ein unvergleichliches Fahrerlebnis bieten. <\/p>\n<p>TruDri\u00ae-Material auf der Au\u00dfenseite sorgt f\u00fcr eine weiche, leichte Passform und leitet den Schwei\u00df vom K\u00f6rper weg, um Sie trocken zu halten. Active Fit \u00c4rmel f\u00fcr verbesserte Atmungsaktivit\u00e4t und Luftzirkulation. Der geklebte Kragen reduziert Reibung und Gewicht, die geklebten Stretch-B\u00fcndchen sorgen f\u00fcr eine schlanke, sportliche Passform und maximalen Komfort.  <\/p>\n<p>Er wird von den besten Motocross-Athleten der Welt unter h\u00e4rtesten Bedingungen eingesetzt.<\/p>\n<p>Material: 100% Polyester<\/p>\n","protected":false},"excerpt":{"rendered":"<p>Fox Flexair MX Trikot.<\/p>\n","protected":false},"featured_media":168921,"comment_status":"open","ping_status":"closed","template":"","meta":{"_acf_changed":false},"brand":[2115],"gender":[2168],"product_brand":[],"product_cat":[2028,2029],"product_tag":[],"class_list":{"0":"post-168891","1":"product","2":"type-product","3":"status-publish","4":"has-post-thumbnail","6":"brand-fox-de","7":"gender-moski-de","8":"product_cat-motocross-ausrustung","9":"product_cat-mx-dresi-de","10":"pa_size-l-de","11":"pa_size-m-de","12":"pa_size-xl-de","14":"first","15":"instock","16":"taxable","17":"shipping-taxable","18":"purchasable","19":"product-type-variable"},"acf":[],"_links":{"self":[{"href":"https:\/\/moto-oprema.com\/de\/wp-json\/wp\/v2\/product\/168891","targetHints":{"allow":["GET"]}}],"collection":[{"href":"https:\/\/moto-oprema.com\/de\/wp-json\/wp\/v2\/product"}],"about":[{"href":"https:\/\/moto-oprema.com\/de\/wp-json\/wp\/v2\/types\/product"}],"replies":[{"embeddable":true,"href":"https:\/\/moto-oprema.com\/de\/wp-json\/wp\/v2\/comments?post=168891"}],"wp:featuredmedia":[{"embeddable":true,"href":"https:\/\/moto-oprema.com\/de\/wp-json\/wp\/v2\/media\/168921"}],"wp:attachment":[{"href":"https:\/\/moto-oprema.com\/de\/wp-json\/wp\/v2\/media?parent=168891"}],"wp:term":[{"taxonomy":"brand","embeddable":true,"href":"https:\/\/moto-oprema.com\/de\/wp-json\/wp\/v2\/brand?post=168891"},{"taxonomy":"gender","embeddable":true,"href":"https:\/\/moto-oprema.com\/de\/wp-json\/wp\/v2\/gender?post=168891"},{"taxonomy":"product_brand","embeddable":true,"href":"https:\/\/moto-oprema.com\/de\/wp-json\/wp\/v2\/product_brand?post=168891"},{"taxonomy":"product_cat","embeddable":true,"href":"https:\/\/moto-oprema.com\/de\/wp-json\/wp\/v2\/product_cat?post=168891"},{"taxonomy":"product_tag","embeddable":true,"href":"https:\/\/moto-oprema.com\/de\/wp-json\/wp\/v2\/product_tag?post=168891"}],"curies":[{"name":"wp","href":"https:\/\/api.w.org\/{rel}","templated":true}]}}