{"id":168328,"date":"2025-10-09T07:46:49","date_gmt":"2025-10-09T07:46:49","guid":{"rendered":"https:\/\/moto-oprema.com\/?post_type=product&#038;p=168328"},"modified":"2025-10-09T08:01:20","modified_gmt":"2025-10-09T08:01:20","slug":"alpinestars-gp-force-v2-airflow-lederjacke-fluo-rot-schwarz-kopija-2","status":"publish","type":"product","link":"https:\/\/moto-oprema.com\/de\/Artikel\/alpinestars-gp-force-v2-airflow-lederjacke-fluo-rot-schwarz-kopija-2\/","title":{"rendered":"ALPINESTARS GP FORCE V2 LEDERJACKE SCHWARZ SCHWARZ"},"content":{"rendered":"<p>Die GP Force v2 Lederjacke ist eine vielseitige Jacke, die f\u00fcr das Fahren von Sport- und Naked-Motorr\u00e4dern optimiert ist. Sie ist aus hochwertigem, weichem Rindsleder gefertigt, das eine un\u00fcbertroffene Abrieb- und Rei\u00dffestigkeit aufweist. Die Jacke kombiniert aggressives Styling mit einer flexiblen Konstruktion, um eine Jacke zu schaffen, die au\u00dfergew\u00f6hnlichen Schutz und Komfort bietet. Ausgestattet mit Nucleon Flex Plus Level 1 Low-Profile-Schulterpolstern, GP Lite Evo DFS (Dynamic Friction Shield) an den Schultern und Nucleon PLASMA Plus Level 1 Ellbogenpolstern, bietet die Jacke fortschrittlichen Aufprallschutz und ist dabei extrem leicht und flexibel.   <\/p>\n<p>&nbsp;<\/p>\n<ul>\n<li>Sportlicher Schnitt: Entwickelt f\u00fcr h\u00f6chsten Schutz beim aktiven Reiten und eine sehr bequeme Passform.<\/li>\n<li>Tech-Air\u00ae bereit.<\/li>\n<li>Stretcheins\u00e4tze: HRSF-Stretcheins\u00e4tze sind strategisch an den wichtigsten Stellen platziert und sorgen f\u00fcr optimale Verschlei\u00dffestigkeit, Leichtigkeit und mehr Bewegungsfreiheit beim Fahren.<\/li>\n<li>Klimakontrolle: Ausgestattet mit seitlichen Bel\u00fcftungs\u00f6ffnungen mit Rei\u00dfverschluss und einer abnehmbaren Thermoweste (80 g) f\u00fcr direkten Kaltluftstrom oder zus\u00e4tzliche W\u00e4rme bei unterschiedlichen Wetterbedingungen.<\/li>\n<li>Komfort-Manschetten: Leder-Manschetten mit ergonomischem Design f\u00fcr maximalen Komfort w\u00e4hrend der Fahrt.<\/li>\n<li>Vorgeformte Ellbogen: Das Design mit vorgeformten Ellbogen reduziert die Erm\u00fcdung des Fahrers auf der Stra\u00dfe oder der Rennstrecke und erh\u00f6ht den Komfort.<\/li>\n<\/ul>\n<p>Beschreibung<\/p>\n<ul>\n<li>Weiches Rindsleder, mehrschichtige Konstruktion f\u00fcr St\u00e4rke, Komfort und hervorragende Abriebfestigkeit.<\/li>\n<li>Strategisch platzierte Eins\u00e4tze aus dehnbarem Material sind so konzipiert, dass sie das Alpinestars Airbag System aufnehmen k\u00f6nnen. Sie erm\u00f6glichen eine Ausdehnung, wenn sich der Airbag aufbl\u00e4st und bieten ein hohes Ma\u00df an anatomischer Leistung und eine hervorragende Passform, wenn Sie ohne das System fahren.<\/li>\n<li>Eingebaute Laschen zum Einstellen der Taille f\u00fcr eine optimale Passform, mit einem weichen Stoffkragen f\u00fcr Komfort.<\/li>\n<li>Versteckte Taschen f\u00fcr eine stilvolle \u00c4sthetik, mit einer wasserdichten Innentasche zur sicheren Aufbewahrung von wichtigen Dingen.<\/li>\n<\/ul>\n<p>Sicherheit:<\/p>\n<ul>\n<li>Nucleon Flex Plus Level 1 Low-Profile Schulterpolster f\u00fcr effektiven Aufprallschutz.<\/li>\n<li>GP Lite Evo DFS (Dynamic Friction Shield) an den Schultern f\u00fcr zus\u00e4tzlichen Schutz an der Schl\u00fcsselstelle.<\/li>\n<li>Nucleon PLASMA Plus Level 1 Ellbogensch\u00fctzer f\u00fcr \u00fcberragenden Aufprallschutz bei gleichzeitig \u00fcberragender Leichtigkeit und Flexibilit\u00e4t.<\/li>\n<li>Das Brustprotektorfach ist f\u00fcr die Aufnahme der als Zubeh\u00f6r erh\u00e4ltlichen geteilten Brustprotektoren von Alpinestars ausgelegt, w\u00e4hrend die hintere Tasche lange und normale R\u00fcckenprotektoren aufnehmen kann.<\/li>\n<li>Nach europ\u00e4ischem Recht ist die CE-Kennzeichnung eine Voraussetzung f\u00fcr die Vermarktung dieses Produkts. Vollst\u00e4ndig CE-zertifizierte Motorradbekleidung gem\u00e4\u00df den CE-Normen &#8211; Kategorie II EN17092 &#8211; Klasse AA. <\/li>\n<\/ul>\n","protected":false},"excerpt":{"rendered":"<p>Farbe: schwarz &#8211; schwarz<\/p>\n","protected":false},"featured_media":168413,"comment_status":"open","ping_status":"closed","template":"","meta":{"_acf_changed":false},"brand":[2111],"gender":[2168],"product_brand":[],"product_cat":[1357,2045],"product_tag":[],"class_list":{"0":"post-168328","1":"product","2":"type-product","3":"status-publish","4":"has-post-thumbnail","6":"brand-alpinestars-de","7":"gender-moski-de","8":"product_cat-ausrustung-fur-motorradfahrer","9":"product_cat-jakne-de","10":"pa_size-48-de","11":"pa_size-50-de","12":"pa_size-52-de","13":"pa_size-54-de","14":"pa_size-56-de","15":"pa_size-58-de","16":"pa_size-60-de","18":"first","19":"instock","20":"sale","21":"taxable","22":"shipping-taxable","23":"purchasable","24":"product-type-variable"},"acf":[],"_links":{"self":[{"href":"https:\/\/moto-oprema.com\/de\/wp-json\/wp\/v2\/product\/168328","targetHints":{"allow":["GET"]}}],"collection":[{"href":"https:\/\/moto-oprema.com\/de\/wp-json\/wp\/v2\/product"}],"about":[{"href":"https:\/\/moto-oprema.com\/de\/wp-json\/wp\/v2\/types\/product"}],"replies":[{"embeddable":true,"href":"https:\/\/moto-oprema.com\/de\/wp-json\/wp\/v2\/comments?post=168328"}],"wp:featuredmedia":[{"embeddable":true,"href":"https:\/\/moto-oprema.com\/de\/wp-json\/wp\/v2\/media\/168413"}],"wp:attachment":[{"href":"https:\/\/moto-oprema.com\/de\/wp-json\/wp\/v2\/media?parent=168328"}],"wp:term":[{"taxonomy":"brand","embeddable":true,"href":"https:\/\/moto-oprema.com\/de\/wp-json\/wp\/v2\/brand?post=168328"},{"taxonomy":"gender","embeddable":true,"href":"https:\/\/moto-oprema.com\/de\/wp-json\/wp\/v2\/gender?post=168328"},{"taxonomy":"product_brand","embeddable":true,"href":"https:\/\/moto-oprema.com\/de\/wp-json\/wp\/v2\/product_brand?post=168328"},{"taxonomy":"product_cat","embeddable":true,"href":"https:\/\/moto-oprema.com\/de\/wp-json\/wp\/v2\/product_cat?post=168328"},{"taxonomy":"product_tag","embeddable":true,"href":"https:\/\/moto-oprema.com\/de\/wp-json\/wp\/v2\/product_tag?post=168328"}],"curies":[{"name":"wp","href":"https:\/\/api.w.org\/{rel}","templated":true}]}}