{"id":168130,"date":"2025-10-09T07:23:11","date_gmt":"2025-10-09T07:23:11","guid":{"rendered":"https:\/\/moto-oprema.com\/?post_type=product&#038;p=168130"},"modified":"2025-10-09T07:27:14","modified_gmt":"2025-10-09T07:27:14","slug":"alpinestars-amt-8-stretch-drystar-xf-jacke-braun-kopija-2","status":"publish","type":"product","link":"https:\/\/moto-oprema.com\/de\/Artikel\/alpinestars-amt-8-stretch-drystar-xf-jacke-braun-kopija-2\/","title":{"rendered":"ALPINESTARS AMT-8 STRETCH DRYSTAR XF JACKE WALNUSS SCHWARZ"},"content":{"rendered":"<p>Die Alpinestars AMT-8 Stretch Drystar XF Jacke ist eine neue Erg\u00e4nzung der AMT (Alpinestars Motion Touring) Linie und wurde entwickelt, um bei Langstreckenfahrten ein H\u00f6chstma\u00df an Komfort zu bieten. Wie die anderen AMT-Jacken des Sortiments ist auch die AMT-8 ACTIVE fit Jacke ergonomisch geformt, um ein Maximum an Bewegungsfreiheit zu bieten. Sie sorgt f\u00fcr \u00fcberragenden Komfort und Schutz und bietet gleichzeitig ein hohes Ma\u00df an Bel\u00fcftung und Atmungsaktivit\u00e4t. Mit strategisch platzierten Hyperflow-Bel\u00fcftungs\u00f6ffnungen und einem wasserdichten Drystar\u00aeXF-Stretchfutter bietet die AMT-8 Jacke Fahrern k\u00fchlende Bel\u00fcftung an den Stellen, an denen sie sie am meisten brauchen, und h\u00e4lt sie bei widrigen Wetterbedingungen trocken.<br \/>\nEine hoch atmungsaktive, 100%ige Stretchjacke f\u00fcr unvergleichliche Flexibilit\u00e4t und \u00fcberragenden Reiterkomfort.<br \/>\nACTIVE Touring Passform, mit vorgeformten Schultern, ergonomischen Ellbogen und einem konturierten Saum f\u00fcr \u00fcberragenden Fahrkomfort.<br \/>\nLange Bel\u00fcftungs\u00f6ffnungen mit Rei\u00dfverschluss auf der Brust und an den Armen sorgen f\u00fcr einen hohen k\u00fchlenden Luftstrom, wenn sie ge\u00f6ffnet sind, und wirken wie Schaufeln, die die Luft aus dem einstr\u00f6menden Luftstrom auffangen.<br \/>\nDas Hyperflow-Bel\u00fcftungssystem des AMT-8 bietet eine gr\u00f6\u00dfere Oberfl\u00e4che f\u00fcr den Luftaustausch und die seitlichen Brust\u00f6ffnungen sind dank eines internen Seilr\u00fcckhaltesystems offen.<br \/>\nDer hintere Luftauslass ist als Schale konzipiert, die immer offen ist und die einstr\u00f6mende Luft aus den vorderen Bel\u00fcftungsd\u00fcsen ableitet, so dass ein konstanter Querluftstrom entsteht, wobei der Luftstrom an der Vorder- und R\u00fcckseite nach innen gerichtet ist.<br \/>\nDas wasserdichte Drystar\u00aeXF Stretch-Futter ist sehr vielseitig und kann als innere Windschicht verwendet werden, wenn es unter einer Jacke getragen wird, oder als WP-Schicht f\u00fcr Regenschutz, wenn es \u00fcber einer Jacke getragen wird. Bei Nichtgebrauch kann das Futter einfach in der integrierten Tasche verstaut und bequem in der hinteren Utensilientasche des AMT-8 aufbewahrt werden.<br \/>\nTech-Air\u00ae ready und Tech-Air\u00ae 7x kompatibel.<br \/>\nNucleon Plasma Pro Kategorie II EN 1621-1:2012 Level 2 Schulter- und Ellbogenpolster f\u00fcr effektiven Aufprallschutz.<br \/>\nDie CE-Kennzeichnung ist eine Konformit\u00e4tsbedingung f\u00fcr das Inverkehrbringen dieses Produkts in \u00dcbereinstimmung mit den europ\u00e4ischen Rechtsvorschriften.<br \/>\nEs gelten folgende Normen: Vollst\u00e4ndig CE-zertifizierte Motorradbekleidung<br \/>\n&#8211; Kategorie II EN17092-3:2020<br \/>\n&#8211; Klasse AA.<\/p>\n","protected":false},"excerpt":{"rendered":"<p>Die Alpinestars AMT-8 Stretch Drystar XF Jacke ist eine neue Erg\u00e4nzung der AMT (Alpinestars Motion Touring)&#8230;<\/p>\n","protected":false},"featured_media":168171,"comment_status":"open","ping_status":"closed","template":"","meta":{"_acf_changed":false},"brand":[2111],"gender":[2168],"product_brand":[],"product_cat":[1357,2045,2048],"product_tag":[],"class_list":{"0":"post-168130","1":"product","2":"type-product","3":"status-publish","4":"has-post-thumbnail","6":"brand-alpinestars-de","7":"gender-moski-de","8":"product_cat-ausrustung-fur-motorradfahrer","9":"product_cat-jakne-de","10":"product_cat-textil-jacken","11":"pa_size-l-de","12":"pa_size-m-de","13":"pa_size-s-de","14":"pa_size-xl-de","15":"pa_size-xxl-de","16":"pa_size-xxxl-de","18":"first","19":"instock","20":"sale","21":"taxable","22":"shipping-taxable","23":"purchasable","24":"product-type-variable"},"acf":[],"_links":{"self":[{"href":"https:\/\/moto-oprema.com\/de\/wp-json\/wp\/v2\/product\/168130","targetHints":{"allow":["GET"]}}],"collection":[{"href":"https:\/\/moto-oprema.com\/de\/wp-json\/wp\/v2\/product"}],"about":[{"href":"https:\/\/moto-oprema.com\/de\/wp-json\/wp\/v2\/types\/product"}],"replies":[{"embeddable":true,"href":"https:\/\/moto-oprema.com\/de\/wp-json\/wp\/v2\/comments?post=168130"}],"wp:featuredmedia":[{"embeddable":true,"href":"https:\/\/moto-oprema.com\/de\/wp-json\/wp\/v2\/media\/168171"}],"wp:attachment":[{"href":"https:\/\/moto-oprema.com\/de\/wp-json\/wp\/v2\/media?parent=168130"}],"wp:term":[{"taxonomy":"brand","embeddable":true,"href":"https:\/\/moto-oprema.com\/de\/wp-json\/wp\/v2\/brand?post=168130"},{"taxonomy":"gender","embeddable":true,"href":"https:\/\/moto-oprema.com\/de\/wp-json\/wp\/v2\/gender?post=168130"},{"taxonomy":"product_brand","embeddable":true,"href":"https:\/\/moto-oprema.com\/de\/wp-json\/wp\/v2\/product_brand?post=168130"},{"taxonomy":"product_cat","embeddable":true,"href":"https:\/\/moto-oprema.com\/de\/wp-json\/wp\/v2\/product_cat?post=168130"},{"taxonomy":"product_tag","embeddable":true,"href":"https:\/\/moto-oprema.com\/de\/wp-json\/wp\/v2\/product_tag?post=168130"}],"curies":[{"name":"wp","href":"https:\/\/api.w.org\/{rel}","templated":true}]}}