{"id":167180,"date":"2025-10-06T08:00:48","date_gmt":"2025-10-06T08:00:48","guid":{"rendered":"https:\/\/moto-oprema.com\/?post_type=product&#038;p=167180"},"modified":"2025-10-06T08:08:00","modified_gmt":"2025-10-06T08:08:00","slug":"alpinestars-andes-v4-drystar-jacke-navy-kopija","status":"publish","type":"product","link":"https:\/\/moto-oprema.com\/de\/Artikel\/alpinestars-andes-v4-drystar-jacke-navy-kopija\/","title":{"rendered":"ALPINESTARS ANDES V4 DRYSTAR JACKE WALNUSS ROST"},"content":{"rendered":"<p>Die Andes v4 Drystar\u00ae Jacke kombiniert fortschrittliche Funktionalit\u00e4t mit einem schlanken, modernen Stil, den Abenteurer und Pendler gleicherma\u00dfen f\u00fcr ihre Praktikabilit\u00e4t und Allwettertauglichkeit sch\u00e4tzen werden. Die Alpinestars Drystar\u00ae-Konstruktion bietet 100% wasserdichten Schutz und Atmungsaktivit\u00e4t f\u00fcr Fahrten bei allen Wetterbedingungen. Die Jacke verf\u00fcgt \u00fcber gro\u00dfe Stretch-Softshell-Eins\u00e4tze f\u00fcr mehr Bewegungsfreiheit und Ripstop-Verst\u00e4rkungen in wichtigen Bereichen f\u00fcr zus\u00e4tzliche Strapazierf\u00e4higkeit. Mit einem herausnehmbaren, langlebigen Thermofutter, direkter Brustbel\u00fcftung und einem \u00fcberlappenden R\u00fcckenverschluss f\u00fcr Luftzirkulation ist die Andes v4 wie geschaffen f\u00fcr Fahrkomfort. Die Jacke ist au\u00dferdem Tech-Air\u00ae Ready und verf\u00fcgt \u00fcber CE Level 1 Nucleon Flex Plus Schutz f\u00fcr verbesserten Aufprallschutz.    <\/p>\n<p>Vielseitig im Gel\u00e4nde einsetzbar: Hergestellt aus einer Mischung aus verst\u00e4rktem 450D-Polyestergewebe und Ripstop-Gewebe f\u00fcr extreme Strapazierf\u00e4higkeit.<\/p>\n<p>Drystar\u00ae-Membran: 100% wasserdicht bei N\u00e4sse.<\/p>\n<p>Effiziente Bel\u00fcftung: vergr\u00f6\u00dferte direkte Bel\u00fcftungs\u00f6ffnungen f\u00fcr verbesserte Luftzirkulation, entwickelt f\u00fcr optimale Luftzirkulation w\u00e4hrend der Fahrt.<\/p>\n<p>Ergonomischer Schnitt: flexibler Schnitt mit verstellbaren Taillenb\u00fcndchen, Kordelzug zum Verstellen des Kragens, Bizepskn\u00f6pfen, Unterarmgurten, Handgelenkschnallen, verl\u00e4ngertem Saum mit mehr Abdeckung auf dem R\u00fccken f\u00fcr mehr Komfort und einer Trinkschlaufe auf der Brust.<\/p>\n<p>Praktische Aufbewahrung: mehrere wasserdichte (WP) und wasserabweisende (WR) Taschen, darunter zwei Innentaschen und eine gro\u00dfe Tasche auf der R\u00fcckseite.<\/p>\n<p>Aufprallschutz: mit CE Level 1 Nucleon Flex Plus Schulter- und Ellbogenpolstern f\u00fcr komfortablen Aufprallschutz.<\/p>\n<p>Mit fortschrittlicher Polyester- und Drystar\u00ae-Konstruktion f\u00fcr dauerhafte Wasserdichtigkeit und Komfort bei allen Bedingungen.<\/p>\n<p>Strapazierf\u00e4higes Ripstop und PU-Verst\u00e4rkungen an beanspruchten Stellen (Schultern, Ellbogen und Unterarme) f\u00fcr zus\u00e4tzliche Haltbarkeit.<\/p>\n<p>Vorgeformte \u00c4rmel mit Stretcheins\u00e4tzen f\u00fcr mehr Flexibilit\u00e4t.<\/p>\n<p>Verl\u00e4ngerte direkte Luftkan\u00e4le f\u00fcr mehr Luftstrom.<\/p>\n<p>Herausnehmbares lang\u00e4rmeliges Thermofutter (100 g K\u00f6rper, 80 g \u00c4rmel) f\u00fcr Rundum-Wetterschutz.<\/p>\n<p>Integrierte Brust- und R\u00fcckentaschen zur Aufnahme von Nucleon PLASMA oder zellularen R\u00fccken-\/Brustprotektoren, die als Zubeh\u00f6r erh\u00e4ltlich sind.<\/p>\n<p>Ausgestattet mit mehreren wasserdichten und wasserabweisenden Taschen, einschlie\u00dflich einer gro\u00dfen wasserdichten Tasche auf der R\u00fcckseite und wasserabweisenden Gep\u00e4cktaschen mit integrierter Schnellzugriffstasche, bietet sie reichlich Platz f\u00fcr praktische Abenteuerreisen und Pendlerbed\u00fcrfnisse.<\/p>\n<p>Wasserdichter VISLON\u00ae-Rei\u00dfverschluss f\u00fcr schnellen Frontverschluss.<\/p>\n<p>Reflektierende Eins\u00e4tze, um die Sichtbarkeit des Fahrers bei schlechten Lichtverh\u00e4ltnissen zu erh\u00f6hen.<\/p>\n<p>Tech-Air\u00ae Ready: Entwickelt, um mit Alpinestars Tech-Air\u00ae Airbagsystemen getragen zu werden.<\/p>\n<p>CE Level 1 EN1621-1:2012 Nucleon Flex Plus Schulter- und Ellbogenpolster.<\/p>\n<p>&nbsp;<\/p>\n<p>Nach europ\u00e4ischem Recht ist die CE-Kennzeichnung eine Konformit\u00e4tsvoraussetzung f\u00fcr das Inverkehrbringen dieses Produkts. Die folgenden Normen gelten f\u00fcr dieses Produkt:<\/p>\n<p>Vollst\u00e4ndig CE-zertifizierte Motorradbekleidung gem\u00e4\u00df der CE-Kategorie II-Norm EN17092-4:2020 &#8211; Klasse A.<\/p>\n<p>&nbsp;<\/p>\n","protected":false},"excerpt":{"rendered":"<p>Die Andes v4 Drystar\u00ae Jacke kombiniert fortschrittliche Funktionalit\u00e4t mit einem schlanken, modernen Stil, den Abenteurer und&#8230;<\/p>\n","protected":false},"featured_media":167225,"comment_status":"open","ping_status":"closed","template":"","meta":{"_acf_changed":false},"brand":[2111],"gender":[2168],"product_brand":[],"product_cat":[1357,2045,2048],"product_tag":[],"class_list":{"0":"post-167180","1":"product","2":"type-product","3":"status-publish","4":"has-post-thumbnail","6":"brand-alpinestars-de","7":"gender-moski-de","8":"product_cat-ausrustung-fur-motorradfahrer","9":"product_cat-jakne-de","10":"product_cat-textil-jacken","11":"pa_velikost-st-3xl-de","12":"pa_velikost-st-4xl-de","13":"pa_velikost-st-5xl-de","14":"pa_velikost-st-l-de","15":"pa_velikost-st-m-de","16":"pa_velikost-st-s-de","17":"pa_velikost-st-xl-de","18":"pa_velikost-st-xxl-de","20":"first","21":"onbackorder","22":"sale","23":"taxable","24":"shipping-taxable","25":"purchasable","26":"product-type-variable"},"acf":[],"_links":{"self":[{"href":"https:\/\/moto-oprema.com\/de\/wp-json\/wp\/v2\/product\/167180","targetHints":{"allow":["GET"]}}],"collection":[{"href":"https:\/\/moto-oprema.com\/de\/wp-json\/wp\/v2\/product"}],"about":[{"href":"https:\/\/moto-oprema.com\/de\/wp-json\/wp\/v2\/types\/product"}],"replies":[{"embeddable":true,"href":"https:\/\/moto-oprema.com\/de\/wp-json\/wp\/v2\/comments?post=167180"}],"wp:featuredmedia":[{"embeddable":true,"href":"https:\/\/moto-oprema.com\/de\/wp-json\/wp\/v2\/media\/167225"}],"wp:attachment":[{"href":"https:\/\/moto-oprema.com\/de\/wp-json\/wp\/v2\/media?parent=167180"}],"wp:term":[{"taxonomy":"brand","embeddable":true,"href":"https:\/\/moto-oprema.com\/de\/wp-json\/wp\/v2\/brand?post=167180"},{"taxonomy":"gender","embeddable":true,"href":"https:\/\/moto-oprema.com\/de\/wp-json\/wp\/v2\/gender?post=167180"},{"taxonomy":"product_brand","embeddable":true,"href":"https:\/\/moto-oprema.com\/de\/wp-json\/wp\/v2\/product_brand?post=167180"},{"taxonomy":"product_cat","embeddable":true,"href":"https:\/\/moto-oprema.com\/de\/wp-json\/wp\/v2\/product_cat?post=167180"},{"taxonomy":"product_tag","embeddable":true,"href":"https:\/\/moto-oprema.com\/de\/wp-json\/wp\/v2\/product_tag?post=167180"}],"curies":[{"name":"wp","href":"https:\/\/api.w.org\/{rel}","templated":true}]}}