{"id":166792,"date":"2025-09-26T09:04:42","date_gmt":"2025-09-26T09:04:42","guid":{"rendered":"https:\/\/moto-oprema.com\/?post_type=product&#038;p=166792"},"modified":"2025-09-26T09:12:08","modified_gmt":"2025-09-26T09:12:08","slug":"alpinestars-nazca-3l-gore-tex-pro-hose-dunkel-mittelgrau-schwarz-kopija","status":"publish","type":"product","link":"https:\/\/moto-oprema.com\/de\/Artikel\/alpinestars-nazca-3l-gore-tex-pro-hose-dunkel-mittelgrau-schwarz-kopija\/","title":{"rendered":"ALPINESTARS NAZCA 3L GORE-TEX PRO HOSE WALNUSS SCHWARZ"},"content":{"rendered":"<p>Die Nazca GORE-TEX PRO Hose, der Neuzugang in der All Terra Reihe von Alpinestars, ist f\u00fcr extreme Abenteuerreisen gemacht. Entwickelt f\u00fcr Langlebigkeit, Abriebfestigkeit und hervorragende Temperaturregulierung, passt sich diese Hose problemlos den h\u00e4rtesten Bedingungen auf und abseits der Stra\u00dfe an. <\/p>\n<p>Mit einer 3-lagig laminierten GORE-TEX PRO Membran, Superfabric\u00ae-Verst\u00e4rkungen und fortschrittlicher Bel\u00fcftung bietet die Hose hervorragenden Allwetterschutz und Komfort. Die Nazca Hose wurde f\u00fcr Mobilit\u00e4t, Funktionalit\u00e4t und eine ma\u00dfgeschneiderte Abenteuerpassform entwickelt und bietet praktische Eigenschaften wie Magnetschnallen, verstellbares Volumen an den Waden, wasserdichte Taschen und Kompatibilit\u00e4t mit Knieorthesen. <\/p>\n<p>Sie sind mit Nucleon PLASMA Pro CE Level 2 Knieschonern und Level 1 Nucleon Bio-Flex H\u00fcftpolstern ausgestattet, die effektiven Aufprallschutz bieten. Die Nazca GORE-TEX Hose wurde f\u00fcr langlebige, robuste Leistung und hervorragenden Schutz bei allen Wetterbedingungen und in jedem Terrain entwickelt, damit Sie Ihre Fahrt genie\u00dfen k\u00f6nnen. <\/p>\n<p>Die laminierte GORE-TEX PRO 3L-Membran bietet das ganze Jahr \u00fcber Wasserdichtigkeit, Windschutz und Atmungsaktivit\u00e4t und h\u00e4lt den Fahrer bei allen Wetterbedingungen trocken und komfortabel. Die hochgradig widerstandsf\u00e4hige und atmungsaktive GORE-TEX PRO 3L Membrane weist Regen ab und l\u00e4sst Schwei\u00df verdunsten. Sie verhindert Windchill und sorgt f\u00fcr ein angenehmes Tragegef\u00fchl bei wechselnden klimatischen Bedingungen &#8211; einschlie\u00dflich starkem Regen, starkem Wind und Schnee. <\/p>\n<p>Die GORE-TEX PRO 3L laminierte Membrane ohne PFAS bietet eine Wasserdichtigkeit &gt;von 28Kmm und eine hohe Atmungsaktivit\u00e4t mit einem RET &lt;von 20m2Pa\/W und sorgt so f\u00fcr maximalen Komfort bei einer Vielzahl von klimatischen Bedingungen.<\/p>\n<p>Mit strategisch platzierten GORE-TEX 3L Stretcheins\u00e4tzen in wichtigen Bewegungsbereichen (Oberschenkelinnenseite, Kniekehlen und Beinr\u00fcckseite) f\u00fcr mehr Flexibilit\u00e4t und Komfort w\u00e4hrend der Fahrt. Entwickelt mit leistungsstarken Superfabric\u00ae-Verst\u00e4rkungen in wichtigen Sto\u00dfbereichen, einschlie\u00dflich Knien und Schienbeinen, f\u00fcr \u00fcberragende Abriebfestigkeit und Strapazierf\u00e4higkeit. <\/p>\n<p>Mit gro\u00dfen Rei\u00dfverschl\u00fcssen an den Oberschenkeln und hinteren Bel\u00fcftungs\u00f6ffnungen f\u00f6rdert das neue direkte Bel\u00fcftungssystem der Hose einen konstanten Luftstrom f\u00fcr K\u00fchlung und allgemeinen Komfort. Die minimalistische Innenkonstruktion der Hose wurde entwickelt, um Leichtigkeit, verbesserte Mobilit\u00e4t und Komfort zu bieten. <\/p>\n<p>Zu den ergonomischen Merkmalen geh\u00f6ren ein verstellbares Volumen an den Waden, Ledereins\u00e4tze an den Knien und Kompatibilit\u00e4t mit Knieorthesen f\u00fcr optimale Passform und Funktionalit\u00e4t. Zwei wasserdichte Taschen bieten reichlich Stauraum f\u00fcr Abenteuerausr\u00fcstung. In die Jacke sind reflektierende Details eingewebt, die die Sichtbarkeit des Fahrers bei schlechten Lichtverh\u00e4ltnissen erh\u00f6hen.  <\/p>\n<p>Nucleon PLASMA Pro Level 2 verstellbare Knieschoner f\u00fcr hohen Aufprallschutz, mit praktischen 3-Positionen-Knieschoner-Innentaschen im Innenfutter f\u00fcr eine individuelle Passform; Nucleon Bio-Flex Schutz an den H\u00fcften, sowohl Knie- als auch H\u00fcftpolster sind bereits in die Hose integriert.<\/p>\n<p>Die Nukleon PLASMA Pro Knieschoner wurden mit Hilfe modernster Bodymapping-Technologie entwickelt, um ein optimales Gleichgewicht zwischen Schutz und Flexibilit\u00e4t zu erreichen. Sie sind anatomisch geformt und k\u00f6nnen mit der Alpinestars Adventure Pants verwendet werden.<\/p>\n<p>Kategorie II EN 1621-1:2012 Level 2 Nucleon PLASMA Pro Knieschoner und Level 1 Nucleon Bio-Flex H\u00fcftpolster f\u00fcr effektiven Aufprallschutz.<\/p>\n<p>Nach europ\u00e4ischem Recht ist die CE-Kennzeichnung eine Konformit\u00e4tsvoraussetzung f\u00fcr das Inverkehrbringen dieses Produkts. Es gelten folgende Normen: Vollst\u00e4ndig CE-zertifizierter Fahranzug nach CE-Norm &#8211; Kategorie II EN17092-3:2020 &#8211; Klasse AA.<\/p>\n","protected":false},"excerpt":{"rendered":"<p>Die Nazca GORE-TEX PRO Hose, der Neuzugang in der All Terra Reihe von Alpinestars, ist f\u00fcr&#8230;<\/p>\n","protected":false},"featured_media":166853,"comment_status":"open","ping_status":"closed","template":"","meta":{"_acf_changed":false},"brand":[2111],"gender":[2168],"product_brand":[],"product_cat":[1357,2189,2211],"product_tag":[],"class_list":{"0":"post-166792","1":"product","2":"type-product","3":"status-publish","4":"has-post-thumbnail","6":"brand-alpinestars-de","7":"gender-moski-de","8":"product_cat-ausrustung-fur-motorradfahrer","9":"product_cat-hose","10":"product_cat-textil-hose","11":"pa_size-3xl-de","12":"pa_size-4xl-de","13":"pa_size-5xl-de","14":"pa_size-l-de","15":"pa_size-m-de","16":"pa_size-s-de","17":"pa_size-xl-de","18":"pa_size-xxl-de","20":"first","21":"instock","22":"sale","23":"taxable","24":"shipping-taxable","25":"purchasable","26":"product-type-variable"},"acf":[],"_links":{"self":[{"href":"https:\/\/moto-oprema.com\/de\/wp-json\/wp\/v2\/product\/166792","targetHints":{"allow":["GET"]}}],"collection":[{"href":"https:\/\/moto-oprema.com\/de\/wp-json\/wp\/v2\/product"}],"about":[{"href":"https:\/\/moto-oprema.com\/de\/wp-json\/wp\/v2\/types\/product"}],"replies":[{"embeddable":true,"href":"https:\/\/moto-oprema.com\/de\/wp-json\/wp\/v2\/comments?post=166792"}],"wp:featuredmedia":[{"embeddable":true,"href":"https:\/\/moto-oprema.com\/de\/wp-json\/wp\/v2\/media\/166853"}],"wp:attachment":[{"href":"https:\/\/moto-oprema.com\/de\/wp-json\/wp\/v2\/media?parent=166792"}],"wp:term":[{"taxonomy":"brand","embeddable":true,"href":"https:\/\/moto-oprema.com\/de\/wp-json\/wp\/v2\/brand?post=166792"},{"taxonomy":"gender","embeddable":true,"href":"https:\/\/moto-oprema.com\/de\/wp-json\/wp\/v2\/gender?post=166792"},{"taxonomy":"product_brand","embeddable":true,"href":"https:\/\/moto-oprema.com\/de\/wp-json\/wp\/v2\/product_brand?post=166792"},{"taxonomy":"product_cat","embeddable":true,"href":"https:\/\/moto-oprema.com\/de\/wp-json\/wp\/v2\/product_cat?post=166792"},{"taxonomy":"product_tag","embeddable":true,"href":"https:\/\/moto-oprema.com\/de\/wp-json\/wp\/v2\/product_tag?post=166792"}],"curies":[{"name":"wp","href":"https:\/\/api.w.org\/{rel}","templated":true}]}}