{"id":166550,"date":"2025-09-26T08:46:44","date_gmt":"2025-09-26T08:46:44","guid":{"rendered":"https:\/\/moto-oprema.com\/?post_type=product&#038;p=166550"},"modified":"2025-09-26T08:53:17","modified_gmt":"2025-09-26T08:53:17","slug":"alpinestars-nazca-3l-gore-tex-pro-jacke-braun-kopija","status":"publish","type":"product","link":"https:\/\/moto-oprema.com\/de\/Artikel\/alpinestars-nazca-3l-gore-tex-pro-jacke-braun-kopija\/","title":{"rendered":"ALPINESTARS NAZCA 3L GORE-TEX PRO JACKE DUNKEL MITTELGRAU"},"content":{"rendered":"<p>Die Nazca GORE-TEX PRO Jacke, eine neue Erg\u00e4nzung der Alpinestars All Terra Reihe, ist f\u00fcr extreme Abenteuerreisen konzipiert. Entwickelt f\u00fcr maximale Strapazierf\u00e4higkeit, Abriebfestigkeit und Klimaregulierung, passt sich die Nazca Jacke m\u00fchelos den extremsten Fahrbedingungen auf und abseits der Stra\u00dfe an. Mit ihrer 3-lagig laminierten GORE-TEX PRO Membrane, den Superfabric\u00ae Verst\u00e4rkungen, den gro\u00dfen, direkten Bel\u00fcftungs\u00f6ffnungen und der zentralen Bel\u00fcftungsplatte mit Rei\u00dfverschluss bietet die Nazca Jacke robusten Schutz und \u00fcberragenden Komfort. Das innovative ergonomische Design der Jacke mit einer minimalistischen Innenkonstruktion und einem fortschrittlichen 4-Punkt-Volumenregulierungssystem bietet dem Fahrer eine ma\u00dfgeschneiderte Passform und verbesserte Bewegungsfreiheit. Ausgestattet mit ultraflexiblem Nucleon PLASMA Pro Level 2 und Tech-Air\u00ae Ready Schutz, bietet die Nazca Jacke \u00fcberragenden Schutz bei allen Wetterbedingungen und auf jedem Terrain. Wenn Sie auf der Suche nach einer Jacke sind, die robuste Leistung und flexible Funktionalit\u00e4t bietet, ist die Nazca GORE-TEX PRO die ultimative Abenteuerjacke von Alpinestars, die f\u00fcr Fahrspa\u00df sorgt.     <\/p>\n<ul>\n<li>Strapazierf\u00e4higkeit, bereit f\u00fcr Abenteuer: Die Nazca-Jacke wurde f\u00fcr extreme Fahrbedingungen entwickelt und bietet hervorragende Strapazierf\u00e4higkeit und Abriebfestigkeit.<\/li>\n<li>GORE-TEX PRO 3L Laminatkonstruktion: bietet 100% wasserdichten, winddichten und atmungsaktiven Schutz und lang anhaltende Haltbarkeit.<\/li>\n<li>Stretch GORE-TEX 3L Paneele: erh\u00f6hen die Flexibilit\u00e4t und den Fahrkomfort und gew\u00e4hrleisten gleichzeitig 100%ige Wasserdichtigkeit und Atmungsaktivit\u00e4t.<\/li>\n<li>Superfabric\u00ae-Verst\u00e4rkungen: bieten hervorragende Abrieb- und Schnittfestigkeit in kritischen Bereichen wie Schultern, Bizeps und Ellbogen.<\/li>\n<li>Fortschrittliches Bel\u00fcftungssystem: Es verf\u00fcgt \u00fcber sechs Lufteinl\u00e4sse mit Rei\u00dfverschluss an der Vorderseite und vier Luftausl\u00e4sse an der R\u00fcckseite f\u00fcr einen optimalen Luftstrom sowohl im Sitzen als auch im Stehen.<\/li>\n<li>Superairflow-Frontplatte: sorgt f\u00fcr einen kontinuierlichen Luftstrom dank der magnetischen Frontabdeckung, die eine konstante, ununterbrochene Frontbel\u00fcftung f\u00fcr optimalen Fahrkomfort erm\u00f6glicht.<\/li>\n<li>Ergonomisches Verstellsystem: Ein innovatives 4-Punkt-Volumenverstellsystem verbessert die Passform, den Luftstrom und die Zirkulation sowie den allgemeinen Komfort.<\/li>\n<li>\u00dcberlegener Aufprallschutz: Ausgestattet mit hochflexiblem und bel\u00fcftetem, CE-zertifiziertem Nucleon PLASMA Pro Level 2 Schulter- und Ellbogenschutz und einem R\u00fcckenprotektoreinsatz f\u00fcr \u00fcberlegenen Aufprallschutz.<\/li>\n<\/ul>\n<p>Wenn Sie ein GORE-TEX Produkt mit dem Alpinestars Versprechen &#8222;Guaranteed To Keep You Dry&#8220; kaufen, erhalten Sie eine lebenslange Wasserdichtigkeitsgarantie von W.L. Gore &amp; Associates ohne zus\u00e4tzliche Kosten. Die Nazca GORE-TEX PRO Jacke beinhaltet au\u00dferdem eine erweiterte Alpinestars-Garantie von 5 Jahren auf Verarbeitungs- und Materialfehler, g\u00fcltig ab dem Kaufdatum mit Registrierung und Kaufnachweis. <\/p>\n<p>Mit einer laminierten GORE-TEX PRO 3L-Membran und GORE-TEX 3L-Stretch-Eins\u00e4tzen, die 100%ige Wasserdichtigkeit, Winddichtigkeit und Atmungsaktivit\u00e4t sowie un\u00fcbertroffene Strapazierf\u00e4higkeit bieten, ist die Nazca-Jacke f\u00fcr lang anhaltende, ganzj\u00e4hrige Leistung bei allen Wetterbedingungen konzipiert.<\/p>\n<p>Die \u00e4u\u00dferst strapazierf\u00e4hige und atmungsaktive GORE-TEX PRO 3L Laminatmembran sorgt daf\u00fcr, dass der Fahrer trocken bleibt, indem sie den Regen abweist und den Schwei\u00df verdunsten l\u00e4sst. So wird ein Ausk\u00fchlen durch Wind verhindert und der Fahrer f\u00fchlt sich bei wechselnden klimatischen Bedingungen wohl, auch bei starkem Regen und widrigen oder sogar schneereichen Bedingungen.<\/p>\n<p>Die GORE-TEX PRO 3L laminierte Membran ohne PFAS bietet Schutz vor Wassers\u00e4ulen &gt;28Kmm und hohe Atmungsaktivit\u00e4t mit einem RET &lt;Koeffizienten von 20m2Pa\/W f\u00fcr mehr Komfort.<\/p>\n<p>Mit leistungsstarken Superfabric\u00ae-Verst\u00e4rkungen, die strategisch in wichtigen Aufprallbereichen (Schultern, Bizeps und Ellbogen) platziert sind, bietet die Jacke optimale Flexibilit\u00e4t, Schutz vor Absch\u00fcrfungen und Schnitten sowie Haltbarkeit.<\/p>\n<p>Das neue Nazca Direktbel\u00fcftungssystem mit gro\u00dfen Rei\u00dfverschl\u00fcssen an den Vorder\u00e4rmeln und am Bizeps sorgt zusammen mit den hinteren Luftausl\u00e4ssen f\u00fcr einen konstanten Luftstrom.<\/p>\n<p>Die Superairflow-Front verf\u00fcgt \u00fcber eine magnetische Frontschnalle, die eine kontinuierliche Frontbel\u00fcftung f\u00fcr den Fahrer und maximalen Komfort gew\u00e4hrleistet.<\/p>\n<p>Die minimalistische Innenkonstruktion der Jacke ist auf Leichtigkeit und verbesserte Beweglichkeit ausgelegt und l\u00e4sst sich ideal mit Tech-Air\u00ae Off-Road oder Thermos-Schichten kombinieren, die bei kalten Bedingungen f\u00fcr W\u00e4rme sorgen.<\/p>\n<p>Die ergonomisch gestaltete Nazca-Jacke verf\u00fcgt \u00fcber ein eingebautes 4-Punkt-Verstellsystem und Erweiterungen an R\u00fccken und Schultern f\u00fcr bessere Bewegungsfreiheit und geringere Belastung des R\u00fcckens, was einen hervorragenden Komfort w\u00e4hrend der Fahrt gew\u00e4hrleistet.<\/p>\n<p>Die Jacke ist mit zwei wasserdichten Seitentaschen, zwei wasserdichten Brusttaschen und zwei Innentaschen zur sicheren Aufbewahrung von wichtigen Gegenst\u00e4nden ausgestattet.<\/p>\n<p>Die Jacke hat integrierte reflektierende Details, die die Sichtbarkeit des Fahrers bei schlechten Lichtverh\u00e4ltnissen erh\u00f6hen.<\/p>\n<p>Tech-Air\u00ae Ready und entwickelt f\u00fcr die Kompatibilit\u00e4t mit Tech-Air\u00ae Off-Road, Tech-Air\u00ae 5, Tech-Air\u00ae 5 PLASMA und dem eigenst\u00e4ndigen Tech-Air\u00ae 7x.<\/p>\n<p>Kategorie II EN 1621-1:2012 Level 2 Nucleon PLASMA Pro Schulter- und Ellbogenschutz f\u00fcr effektiven Aufprallschutz.<\/p>\n<p>Nach europ\u00e4ischem Recht ist die CE-Kennzeichnung eine Konformit\u00e4tsvoraussetzung f\u00fcr das Inverkehrbringen dieses Produkts. Es gelten die folgenden Standards:<\/p>\n<p>Vollst\u00e4ndig CE-zertifizierter Fahranzug gem\u00e4\u00df der CE-Norm &#8211; Kategorie II EN17092-3:2020 &#8211; Klasse AA.<\/p>\n<p>&nbsp;<\/p>\n<p>&nbsp;<\/p>\n","protected":false},"excerpt":{"rendered":"<p>Die Nazca GORE-TEX PRO Jacke, eine neue Erg\u00e4nzung der Alpinestars All Terra Reihe, ist f\u00fcr extreme&#8230;<\/p>\n","protected":false},"featured_media":166603,"comment_status":"open","ping_status":"closed","template":"","meta":{"_acf_changed":false},"brand":[2111],"gender":[2168],"product_brand":[],"product_cat":[1357,2045,2048],"product_tag":[],"class_list":{"0":"post-166550","1":"product","2":"type-product","3":"status-publish","4":"has-post-thumbnail","6":"brand-alpinestars-de","7":"gender-moski-de","8":"product_cat-ausrustung-fur-motorradfahrer","9":"product_cat-jakne-de","10":"product_cat-textil-jacken","11":"pa_size-3xl-de","12":"pa_size-4xl-de","13":"pa_size-5xl-de","14":"pa_size-l-de","15":"pa_size-m-de","16":"pa_size-s-de","17":"pa_size-xl-de","18":"pa_size-xxl-de","20":"first","21":"instock","22":"sale","23":"taxable","24":"shipping-taxable","25":"purchasable","26":"product-type-variable"},"acf":[],"_links":{"self":[{"href":"https:\/\/moto-oprema.com\/de\/wp-json\/wp\/v2\/product\/166550","targetHints":{"allow":["GET"]}}],"collection":[{"href":"https:\/\/moto-oprema.com\/de\/wp-json\/wp\/v2\/product"}],"about":[{"href":"https:\/\/moto-oprema.com\/de\/wp-json\/wp\/v2\/types\/product"}],"replies":[{"embeddable":true,"href":"https:\/\/moto-oprema.com\/de\/wp-json\/wp\/v2\/comments?post=166550"}],"wp:featuredmedia":[{"embeddable":true,"href":"https:\/\/moto-oprema.com\/de\/wp-json\/wp\/v2\/media\/166603"}],"wp:attachment":[{"href":"https:\/\/moto-oprema.com\/de\/wp-json\/wp\/v2\/media?parent=166550"}],"wp:term":[{"taxonomy":"brand","embeddable":true,"href":"https:\/\/moto-oprema.com\/de\/wp-json\/wp\/v2\/brand?post=166550"},{"taxonomy":"gender","embeddable":true,"href":"https:\/\/moto-oprema.com\/de\/wp-json\/wp\/v2\/gender?post=166550"},{"taxonomy":"product_brand","embeddable":true,"href":"https:\/\/moto-oprema.com\/de\/wp-json\/wp\/v2\/product_brand?post=166550"},{"taxonomy":"product_cat","embeddable":true,"href":"https:\/\/moto-oprema.com\/de\/wp-json\/wp\/v2\/product_cat?post=166550"},{"taxonomy":"product_tag","embeddable":true,"href":"https:\/\/moto-oprema.com\/de\/wp-json\/wp\/v2\/product_tag?post=166550"}],"curies":[{"name":"wp","href":"https:\/\/api.w.org\/{rel}","templated":true}]}}