{"id":166138,"date":"2025-09-26T07:54:27","date_gmt":"2025-09-26T07:54:27","guid":{"rendered":"https:\/\/moto-oprema.com\/?post_type=product&#038;p=166138"},"modified":"2025-09-26T08:19:05","modified_gmt":"2025-09-26T08:19:05","slug":"alpinestars-stella-andes-v3-drystar-frauen-jacke-kopija","status":"publish","type":"product","link":"https:\/\/moto-oprema.com\/de\/Artikel\/alpinestars-stella-andes-v3-drystar-frauen-jacke-kopija\/","title":{"rendered":"ALPINESTARS STELLA ANDES V4 DRYSTAR FRAUEN JACKE SCHWARZ"},"content":{"rendered":"<p>Die Stella Andes v4 Drystar\u00ae Jacke kombiniert fortschrittliche Funktionalit\u00e4t mit einem schlanken, modernen Stil, der von Abenteurern und Tagesausfl\u00fcglern gleicherma\u00dfen f\u00fcr seine Praktikabilit\u00e4t und Allwetterleistung gesch\u00e4tzt wird. Die Alpinestars Drystar\u00ae Konstruktion bietet 100% wasserdichten Schutz und Atmungsaktivit\u00e4t f\u00fcr Fahrten bei jedem Wetter. Die Jacke verf\u00fcgt \u00fcber integrierte gro\u00dfe Stretch-Softshell-Eins\u00e4tze f\u00fcr mehr Bewegungsfreiheit und Ripstop-Verst\u00e4rkungen in wichtigen Bereichen f\u00fcr zus\u00e4tzliche Haltbarkeit. Mit einem herausnehmbaren, langlebigen Thermofutter, direkter Bel\u00fcftung auf der Brust und einem \u00fcberlappenden Verschluss am R\u00fccken f\u00fcr die Luftzirkulation ist die Stella Andes v4 f\u00fcr den Komfort w\u00e4hrend Ihrer Fahrt konzipiert. Die Jacke ist au\u00dferdem Tech-Air\u00ae Ready und verf\u00fcgt \u00fcber CE Level 1 Nucleon Flex Plus Schutz f\u00fcr verbesserten Aufprallschutz.    <\/p>\n<ul>\n<li>Vielseitig im Gel\u00e4nde einsetzbar: Hergestellt aus einer Mischung aus verst\u00e4rktem 450D-Polyestergewebe und Ripstop-Gewebe f\u00fcr extreme Strapazierf\u00e4higkeit.<\/li>\n<li>Drystar\u00ae-Membran: 100% wasserdicht bei N\u00e4sse.<\/li>\n<li>Effiziente Bel\u00fcftung: vergr\u00f6\u00dferte direkte Bel\u00fcftungs\u00f6ffnungen f\u00fcr verbesserte Luftzirkulation, entwickelt f\u00fcr optimale Luftzirkulation w\u00e4hrend der Fahrt.<\/li>\n<li>Ergonomischer Schnitt: Anatomisch auf den weiblichen K\u00f6rper abgestimmt, bietet die Jacke einen flexiblen Schnitt mit verstellbaren Taillenb\u00e4ndern, Kordelzug zur Anpassung des Kragens, Bizepskn\u00f6pfen, Unterarmgurten, Handgelenkschnallen, verl\u00e4ngertem Saum mit mehr Abdeckung auf dem R\u00fccken f\u00fcr mehr Komfort und einer Getr\u00e4nkeschlaufe auf der Brust.<\/li>\n<li>Praktische Aufbewahrung: mehrere wasserdichte (WP) und wasserabweisende (WR) Taschen, darunter zwei Innentaschen und eine gro\u00dfe Tasche auf der R\u00fcckseite.<\/li>\n<li>Aufprallschutz: mit CE Level 1 Nucleon Flex Plus Schulter- und Ellbogenpolstern f\u00fcr komfortablen Aufprallschutz.<\/li>\n<li>Mit fortschrittlichem Polyestergewebe und Drystar\u00ae-Konstruktion f\u00fcr dauerhafte Wasserdichtigkeit und Komfort bei allen Bedingungen.<\/li>\n<li>Strapazierf\u00e4higes Ripstop und PU-Verst\u00e4rkungen in stark beanspruchten Bereichen (Schultern, Ellbogen und Unterarme) f\u00fcr zus\u00e4tzliche Haltbarkeit.<\/li>\n<li>Vorgeformte \u00c4rmel mit elastischen Eins\u00e4tzen f\u00fcr Flexibilit\u00e4t.<\/li>\n<li>Erweiterte direkte Bel\u00fcftungs\u00f6ffnungen f\u00fcr einen hohen Luftstrom.<\/li>\n<li>Herausnehmbares lang\u00e4rmeliges Thermofutter (100 g K\u00f6rper, 80 g \u00c4rmel) f\u00fcr Rundum-Wetterschutz.<\/li>\n<li>Integrierte Brust- und R\u00fcckentaschen zur Aufnahme von Nucleon PLASMA oder zellularen R\u00fccken-\/Brustprotektoren, die als Zubeh\u00f6r erh\u00e4ltlich sind.<\/li>\n<li>Ausgestattet mit mehreren wasserdichten und wasserabweisenden Taschen, einschlie\u00dflich einer gro\u00dfen wasserdichten Tasche auf der R\u00fcckseite und wasserabweisenden Gep\u00e4cktaschen mit integrierter Schnellzugriffstasche, bietet sie reichlich Platz f\u00fcr praktische Abenteuerreisen und Pendlerbed\u00fcrfnisse.<\/li>\n<li>Wasserdichter VISLON\u00ae-Rei\u00dfverschluss f\u00fcr schnellen Frontverschluss.<\/li>\n<\/ul>\n<p>&nbsp;<\/p>\n<p>Reflektierende Eins\u00e4tze, um die Sichtbarkeit des Fahrers bei schlechten Lichtverh\u00e4ltnissen zu erh\u00f6hen.<\/p>\n<p>Tech-Air\u00ae Ready: Entwickelt, um mit Alpinestars Tech-Air\u00ae Airbagsystemen getragen zu werden.<\/p>\n<p>CE Level 1 EN1621-1:2012 Nucleon Flex Plus Schulter- und Ellbogenpolster.<\/p>\n<p>&nbsp;<\/p>\n<p>Nach europ\u00e4ischem Recht ist die CE-Kennzeichnung eine Konformit\u00e4tsvoraussetzung f\u00fcr das Inverkehrbringen dieses Produkts. Die folgenden Normen gelten f\u00fcr dieses Produkt:<\/p>\n<p>Vollst\u00e4ndig CE-zertifizierte Motorradbekleidung gem\u00e4\u00df der CE-Kategorie II-Norm EN17092-4:2020 &#8211; Klasse A.<\/p>\n<p>&nbsp;<\/p>\n<p><span style=\"font-family: 'Times New Roman', serif;\"><span style=\"font-size: medium;\"><span style=\"font-family: 'Times New Roman', serif;\"><span lang=\"en\">93% Polyester, 7% Polyamid<\/span><\/span><\/span><\/span><\/p>\n","protected":false},"excerpt":{"rendered":"<p>Die Stella Andes v4 Drystar\u00ae Jacke kombiniert fortschrittliche Funktionalit\u00e4t mit einem schlanken, modernen Stil, der von&#8230;<\/p>\n","protected":false},"featured_media":166225,"comment_status":"open","ping_status":"closed","template":"","meta":{"_acf_changed":false},"brand":[2111],"gender":[2170],"product_brand":[],"product_cat":[1357,2045,2048],"product_tag":[],"class_list":{"0":"post-166138","1":"product","2":"type-product","3":"status-publish","4":"has-post-thumbnail","6":"brand-alpinestars-de","7":"gender-zenska-de","8":"product_cat-ausrustung-fur-motorradfahrer","9":"product_cat-jakne-de","10":"product_cat-textil-jacken","11":"pa_velikost-st-l-de","12":"pa_velikost-st-m-de","13":"pa_velikost-st-s-de","14":"pa_velikost-st-xl-de","15":"pa_velikost-st-xs-de","16":"pa_velikost-st-xxl-de","18":"first","19":"onbackorder","20":"taxable","21":"shipping-taxable","22":"purchasable","23":"product-type-variable"},"acf":[],"_links":{"self":[{"href":"https:\/\/moto-oprema.com\/de\/wp-json\/wp\/v2\/product\/166138","targetHints":{"allow":["GET"]}}],"collection":[{"href":"https:\/\/moto-oprema.com\/de\/wp-json\/wp\/v2\/product"}],"about":[{"href":"https:\/\/moto-oprema.com\/de\/wp-json\/wp\/v2\/types\/product"}],"replies":[{"embeddable":true,"href":"https:\/\/moto-oprema.com\/de\/wp-json\/wp\/v2\/comments?post=166138"}],"wp:featuredmedia":[{"embeddable":true,"href":"https:\/\/moto-oprema.com\/de\/wp-json\/wp\/v2\/media\/166225"}],"wp:attachment":[{"href":"https:\/\/moto-oprema.com\/de\/wp-json\/wp\/v2\/media?parent=166138"}],"wp:term":[{"taxonomy":"brand","embeddable":true,"href":"https:\/\/moto-oprema.com\/de\/wp-json\/wp\/v2\/brand?post=166138"},{"taxonomy":"gender","embeddable":true,"href":"https:\/\/moto-oprema.com\/de\/wp-json\/wp\/v2\/gender?post=166138"},{"taxonomy":"product_brand","embeddable":true,"href":"https:\/\/moto-oprema.com\/de\/wp-json\/wp\/v2\/product_brand?post=166138"},{"taxonomy":"product_cat","embeddable":true,"href":"https:\/\/moto-oprema.com\/de\/wp-json\/wp\/v2\/product_cat?post=166138"},{"taxonomy":"product_tag","embeddable":true,"href":"https:\/\/moto-oprema.com\/de\/wp-json\/wp\/v2\/product_tag?post=166138"}],"curies":[{"name":"wp","href":"https:\/\/api.w.org\/{rel}","templated":true}]}}