{"id":164893,"date":"2025-09-19T09:50:12","date_gmt":"2025-09-19T09:50:12","guid":{"rendered":"https:\/\/moto-oprema.com\/?post_type=product&#038;p=164893"},"modified":"2025-09-19T09:54:47","modified_gmt":"2025-09-19T09:54:47","slug":"hjc-helm-rpha72-goldy-multicolor-mc84sf-kopija","status":"publish","type":"product","link":"https:\/\/moto-oprema.com\/de\/Artikel\/hjc-helm-rpha72-goldy-multicolor-mc84sf-kopija\/","title":{"rendered":"HJC HELM RPHA72 WERT SCHWARZ MC5"},"content":{"rendered":"<p data-start=\"147\" data-end=\"197\">HJC RPHA 72 &#8211; Premium Sport- und Reisehelm<\/p>\n<p>Der HJC RPHA 72 repr\u00e4sentiert eine neue Generation von Sport-Touring-Helmen f\u00fcr Motorradfahrer, die eine perfekte Kombination aus Sicherheit, Komfort und Aerodynamik verlangen.<\/p>\n<p>Hauptmerkmale<\/p>\n<ul data-start=\"385\" data-end=\"1442\">\n<li data-start=\"385\" data-end=\"545\">\n<p data-start=\"387\" data-end=\"545\">Premium-Schale (PIM-Konstruktion) &#8211; eine Kombination aus Carbon- und Glasfasern und nat\u00fcrlichen Materialien f\u00fcr au\u00dfergew\u00f6hnliche St\u00e4rke und geringes Gewicht (ca. 1425 g).<\/p>\n<\/li>\n<li data-start=\"546\" data-end=\"653\">\n<p data-start=\"548\" data-end=\"653\">Optimale Passform &#8211; 3 Au\u00dfenschalengr\u00f6\u00dfen und 5 verschiedene EPS-Eins\u00e4tze f\u00fcr perfekte Ergonomie.<\/p>\n<\/li>\n<li data-start=\"654\" data-end=\"784\">\n<p data-start=\"656\" data-end=\"784\">Aerodynamisches Design &#8211; verbesserte Stabilit\u00e4t im Windkanal, bis zu 20% weniger Luftwiderstand und weniger Auftrieb bei h\u00f6heren Geschwindigkeiten.<\/p>\n<\/li>\n<li data-start=\"785\" data-end=\"900\">\n<p data-start=\"787\" data-end=\"900\">Ruhigere Fahrt &#8211; die verbreiterte Nackenplatte und die Kinnst\u00fctze reduzieren Windger\u00e4usche und erh\u00f6hen den Komfort.<\/p>\n<\/li>\n<li data-start=\"901\" data-end=\"1013\">\n<p data-start=\"903\" data-end=\"1013\">Pinlock 120 XLT &#8211; beschlagfrei und mit au\u00dfergew\u00f6hnlicher Klarheit, mit Schnell\u00f6ffnungs-\/Schlie\u00dfsystem.<\/p>\n<\/li>\n<li data-start=\"1014\" data-end=\"1135\">\n<p data-start=\"1016\" data-end=\"1135\">Integrierter Sonnenschutz (DMS) &#8211; mehrstufige Einstellung, die effektiv vor der Sonne sch\u00fctzt, ohne die Nase zu ber\u00fchren.<\/p>\n<\/li>\n<li data-start=\"1136\" data-end=\"1241\">\n<p data-start=\"1138\" data-end=\"1241\">Komfortable Innenausstattung &#8211; antibakterielle, schnell trocknende Polsterung, vollst\u00e4ndig abnehmbar und waschbar.<\/p>\n<\/li>\n<li data-start=\"1242\" data-end=\"1341\">\n<p data-start=\"1244\" data-end=\"1341\">Sicherheit ohne Kompromisse &#8211; ECE 22.06-Zertifizierung und Doppel-D-Ring-Befestigungssystem aus Titan.<\/p>\n<\/li>\n<li data-start=\"1342\" data-end=\"1442\">\n<p data-start=\"1344\" data-end=\"1442\">Bereit zur Kommunikation &#8211; kompatibel mit SMART HJC Bluetooth Systemen (2. Generation).<\/p>\n<\/li>\n<\/ul>\n<p data-start=\"1444\" data-end=\"1458\">Im Set<\/p>\n<p>HJC RPHA 72 Helm beinhaltet:<\/p>\n<ul data-start=\"1492\" data-end=\"1632\">\n<li data-start=\"1492\" data-end=\"1519\">\n<p data-start=\"1494\" data-end=\"1519\">Pinlock blendfreie Linse<\/p>\n<\/li>\n<li data-start=\"1520\" data-end=\"1555\">\n<p data-start=\"1522\" data-end=\"1555\">Kinnvorhang<\/p>\n<\/li>\n<li data-start=\"1556\" data-end=\"1596\">\n<p data-start=\"1558\" data-end=\"1596\">Windabweiser<\/p>\n<\/li>\n<li data-start=\"1597\" data-end=\"1632\">\n<p data-start=\"1599\" data-end=\"1632\">abnehmbare Innenpolsterung<\/p>\n<\/li>\n<\/ul>\n<p data-start=\"1639\" data-end=\"1774\">Dieser Helm ist die perfekte Wahl f\u00fcr alle Motorradfahrer, die sich ultimativen Schutz, Komfort und Stil w\u00fcnschen &#8211; auf langen Fahrten oder bei sportlichen Ausfahrten.<\/p>\n","protected":false},"excerpt":{"rendered":"<p>HJC RPHA 72 &#8211; Premium Sport- und Reisehelm<\/p>\n","protected":false},"featured_media":164940,"comment_status":"open","ping_status":"closed","template":"","meta":{"_acf_changed":false},"brand":[2131],"gender":[2173],"product_brand":[],"product_cat":[1357,1360,1361],"product_tag":[],"class_list":{"0":"post-164893","1":"product","2":"type-product","3":"status-publish","4":"has-post-thumbnail","6":"brand-hjc-de","7":"gender-unisex-de","8":"product_cat-ausrustung-fur-motorradfahrer","9":"product_cat-helme","10":"product_cat-integral","11":"pa_size-l-de","12":"pa_size-m-de","13":"pa_size-s-de","14":"pa_size-xl-de","15":"pa_size-xs-de","16":"pa_size-xxl-de","18":"first","19":"outofstock","20":"taxable","21":"shipping-taxable","22":"purchasable","23":"product-type-variable"},"acf":[],"_links":{"self":[{"href":"https:\/\/moto-oprema.com\/de\/wp-json\/wp\/v2\/product\/164893","targetHints":{"allow":["GET"]}}],"collection":[{"href":"https:\/\/moto-oprema.com\/de\/wp-json\/wp\/v2\/product"}],"about":[{"href":"https:\/\/moto-oprema.com\/de\/wp-json\/wp\/v2\/types\/product"}],"replies":[{"embeddable":true,"href":"https:\/\/moto-oprema.com\/de\/wp-json\/wp\/v2\/comments?post=164893"}],"wp:featuredmedia":[{"embeddable":true,"href":"https:\/\/moto-oprema.com\/de\/wp-json\/wp\/v2\/media\/164940"}],"wp:attachment":[{"href":"https:\/\/moto-oprema.com\/de\/wp-json\/wp\/v2\/media?parent=164893"}],"wp:term":[{"taxonomy":"brand","embeddable":true,"href":"https:\/\/moto-oprema.com\/de\/wp-json\/wp\/v2\/brand?post=164893"},{"taxonomy":"gender","embeddable":true,"href":"https:\/\/moto-oprema.com\/de\/wp-json\/wp\/v2\/gender?post=164893"},{"taxonomy":"product_brand","embeddable":true,"href":"https:\/\/moto-oprema.com\/de\/wp-json\/wp\/v2\/product_brand?post=164893"},{"taxonomy":"product_cat","embeddable":true,"href":"https:\/\/moto-oprema.com\/de\/wp-json\/wp\/v2\/product_cat?post=164893"},{"taxonomy":"product_tag","embeddable":true,"href":"https:\/\/moto-oprema.com\/de\/wp-json\/wp\/v2\/product_tag?post=164893"}],"curies":[{"name":"wp","href":"https:\/\/api.w.org\/{rel}","templated":true}]}}