{"id":163837,"date":"2025-09-17T07:32:36","date_gmt":"2025-09-17T07:32:36","guid":{"rendered":"https:\/\/moto-oprema.com\/?post_type=product&#038;p=163837"},"modified":"2025-09-18T07:31:04","modified_gmt":"2025-09-18T07:31:04","slug":"alpinestars-1pc-gp-tech-anzug-v4-bw-kopija-kopija-kopija","status":"publish","type":"product","link":"https:\/\/moto-oprema.com\/de\/Artikel\/alpinestars-1pc-gp-tech-anzug-v4-bw-kopija-kopija-kopija\/","title":{"rendered":"ALPINESTARS 1PC GP TECH V5 COVERALL SCHWARZ WEISS GELB FLUO"},"content":{"rendered":"<div class=\"rte\">\n<p>Die GP Tech v5 1PC Lederkombi wurde f\u00fcr eine \u00fcberragende aerodynamische Leistung entwickelt und optimiert, mit extrem geringem Luftwiderstand und erh\u00f6hter Stabilit\u00e4t, sowohl in der Rennposition als auch bei voller Schr\u00e4glage in Kurven. Mit einem starken Fokus auf Ergonomie und Bewegungsfreiheit erm\u00f6glicht es dieser Anzug dem Fahrer, sich zu entspannen und das Potenzial moderner Sport- und Rennmotoren voll auszusch\u00f6pfen. Der GP Tech v5 Anzug verf\u00fcgt \u00fcber eine Reihe von Merkmalen, die direkt aus der MotoGP abgeleitet sind. Er ist mit einer v\u00f6llig neuen Rennsport-Muster-Konstruktion ausgestattet, die f\u00fcr eine verbesserte, flexible Passform sorgt und gleichzeitig fortschrittliche Abriebfestigkeit und Aufprallschutz bietet.  <\/p>\n<p>Merkmale:<\/p>\n<ul>\n<li>Hergestellt aus einer Mischung aus K\u00e4nguruleder und Rennrindleder f\u00fcr \u00fcberragende Abriebfestigkeit, mit einer doppelten Lederschicht an den am st\u00e4rksten beanspruchten Stellen, einschlie\u00dflich Ellbogen, Unterarmen, Ges\u00e4\u00df, H\u00fcfte und R\u00fccken.<\/li>\n<li>Das verklebte Kevlar\u00ae-Gewebe bietet eine h\u00f6here Widerstandsf\u00e4higkeit gegen Schnitte, Risse und Abrieb und reduziert gleichzeitig die W\u00e4rme\u00fcbertragung auf den K\u00f6rper des Fahrers, die durch Reibung beim Gleiten auf dem Asphalt entsteht.<\/li>\n<li>Erh\u00f6hter Kevlar\u00ae-Stretcheinsatz im Schritt f\u00fcr mehr Bewegungsfreiheit des Fahrers, mit optimierter Nahtgestaltung f\u00fcr hohen Komfort.<\/li>\n<li>Die v\u00f6llig neue obere Schulter- und Nackenpartie hat eine glatte Nahtlinie vom Nacken zur oberen Schulter f\u00fcr maximale Bewegungsfreiheit des Fahrers und weniger Druck auf den Nacken, wenn der Fahrer in der Rennposition ist.<\/li>\n<li>V\u00f6llig neuer Akkordeong\u00fcrtel f\u00fcr verbesserte Ergonomie und Aerodynamik. Dieses Paneel ist niedriger positioniert f\u00fcr bessere Funktionalit\u00e4t, aber ohne zus\u00e4tzliches Material. Es verf\u00fcgt \u00fcber ein innovatives, vorgestrecktes 3D-Design mit 3D-Kurven an den Seiten, um die aerodynamische Leistung zu verbessern und gleichzeitig die Materialmenge zu reduzieren. <\/li>\n<li>Der Speed Hump wurde speziell f\u00fcr die Verwendung mit dem Alpinestars S-R10 Helm entwickelt, um eine maximale aerodynamische Leistung zu erzielen, wenn er zusammen getragen wird.<\/li>\n<li>Strategisch platziertes Silikon-Griffst\u00fcck an der Innenseite der Beine f\u00fcr besseren Halt und Kontakt mit dem Motorradtank.<\/li>\n<li>Ausgestattet mit dem Alpinestars GP Tech Knee Slider. Optimiert f\u00fcr den Einsatz auf der Rennstrecke und mit einem anatomischen Design f\u00fcr optimalen Kontakt, gleichm\u00e4\u00dfige Verschlei\u00dfverteilung und geringeres Gewicht, erm\u00f6glicht sein schlankes Profil mit Schnalle und strategisch platzierten V-Schnitten einen pr\u00e4ziseren Sitz am Knie und verhindert gleichzeitig Materialfalten, was die aerodynamische Leistung weiter verbessert. <\/li>\n<\/ul>\n<p>Konstruktion:<\/p>\n<ul>\n<li>Enth\u00e4lt einen Racing-Schnitt f\u00fcr eine pr\u00e4zisere Passform.<\/li>\n<li>Die Konstruktion aus Rennsportleder sorgt f\u00fcr \u00fcberragende Abriebfestigkeit, die durch ein neuartiges, strategisch an der Innenseite des Ellbogens platziertes Lederpatch-Design noch verst\u00e4rkt wird.<\/li>\n<li>Umfangreiche Perforationen f\u00fcr optimale Luftzirkulation und Atmungsaktivit\u00e4t.<\/li>\n<li>Das aerodynamische, geklebte Futter an den oberen \u00c4rmeln und am R\u00fccken flacht die Oberfl\u00e4che des Materials ab und reduziert so den Luftwiderstand, w\u00e4hrend es gleichzeitig f\u00fcr mehr Abriebfestigkeit und strukturelle St\u00e4rke sorgt.<\/li>\n<li>Die dreifachen N\u00e4hte an der Au\u00dfenseite der Socken umfassen eine gerade Doppelnaht \u00fcber die gesamte L\u00e4nge des Anzugs f\u00fcr erh\u00f6hte Abrieb- und Rei\u00dffestigkeit.<\/li>\n<li>Das durchgehende Futter enth\u00e4lt eine integrierte Polsterung f\u00fcr zus\u00e4tzliche Sto\u00dffestigkeit.<\/li>\n<li>Gro\u00dfe Eins\u00e4tze aus Stretch-Lycra an strategischen Stellen erm\u00f6glichen Bewegungsfreiheit.<\/li>\n<li>Vorgeformte \u00c4rmel mit flexiblem, spitz zulaufendem Handgelenkschnitt f\u00fcr optimale Bewegungsfreiheit und ein schr\u00e4ger Rei\u00dfverschluss f\u00fcr minimalen Druck auf das Handgelenk.<\/li>\n<li>Das leichte und atmungsaktive Stretchmaterial an den Unterschenkeln erm\u00f6glicht es dem Fahrer, den Anzug \u00fcber oder unter dem Alpinestars Supertech R Innenschuh zu tragen.<\/li>\n<li>Mesh-Futter f\u00fcr mehr Atmungsaktivit\u00e4t und Komfort.<\/li>\n<\/ul>\n<p>Schutz:<\/p>\n<ul>\n<li>CE Kategorie II PSA Verordnung (EU) 2016\/425 &#8211; Klasse AAA.<\/li>\n<li>Nucleon PLASMA Level 2 Schutz f\u00fcr Schultern, Ellbogen und Knie, mit GP DFS (Dynamic Friction Shield) RR Kit an Ellbogen, Schultern und Ellenbogen, zum Schutz vor St\u00f6\u00dfen und Absch\u00fcrfungen auf Rennniveau.<\/li>\n<li>TECH-AIR\u00ae READY: Der GP Tech v5 ist mit Tech-Air\u00ae 7x kompatibel und verf\u00fcgt \u00fcber eine vollst\u00e4ndig schwimmende Installation, komplett mit Frontrei\u00dfverschl\u00fcssen. Er ist auch f\u00fcr die Verwendung mit Tech-Air\u00ae 5 und Tech-Air\u00ae 10 Airbags optimiert und bietet so maximalen Schutz f\u00fcr den Fahrer. <\/li>\n<li>Kevlar\u00ae ist eine Marke oder eingetragene Marke von Tochtergesellschaften von DuPont de Nemours, Inc. und wird von Alpinestars S.p.A. unter Lizenz verwendet.<\/li>\n<\/ul>\n<p>&nbsp;<\/p>\n<p>&nbsp;<\/p>\n<\/div>\n<div class=\"rte\">Zusammensetzung des Rohmaterials: 100% Leder<\/div>\n","protected":false},"excerpt":{"rendered":"<p>Farbe: Schwarz und Wei\u00df<\/p>\n","protected":false},"featured_media":163890,"comment_status":"open","ping_status":"closed","template":"","meta":{"_acf_changed":false},"brand":[2111],"gender":[2168],"product_brand":[],"product_cat":[2220,1357],"product_tag":[],"class_list":{"0":"post-163837","1":"product","2":"type-product","3":"status-publish","4":"has-post-thumbnail","6":"brand-alpinestars-de","7":"gender-moski-de","8":"product_cat-1-teilige-latzhose","9":"product_cat-ausrustung-fur-motorradfahrer","10":"pa_size-44-de","11":"pa_size-46-de","12":"pa_size-48-de","13":"pa_size-50-de","14":"pa_size-52-de","15":"pa_size-54-de","16":"pa_size-56-de","17":"pa_size-58-de","19":"first","20":"instock","21":"sale","22":"taxable","23":"shipping-taxable","24":"purchasable","25":"product-type-variable"},"acf":[],"_links":{"self":[{"href":"https:\/\/moto-oprema.com\/de\/wp-json\/wp\/v2\/product\/163837","targetHints":{"allow":["GET"]}}],"collection":[{"href":"https:\/\/moto-oprema.com\/de\/wp-json\/wp\/v2\/product"}],"about":[{"href":"https:\/\/moto-oprema.com\/de\/wp-json\/wp\/v2\/types\/product"}],"replies":[{"embeddable":true,"href":"https:\/\/moto-oprema.com\/de\/wp-json\/wp\/v2\/comments?post=163837"}],"wp:featuredmedia":[{"embeddable":true,"href":"https:\/\/moto-oprema.com\/de\/wp-json\/wp\/v2\/media\/163890"}],"wp:attachment":[{"href":"https:\/\/moto-oprema.com\/de\/wp-json\/wp\/v2\/media?parent=163837"}],"wp:term":[{"taxonomy":"brand","embeddable":true,"href":"https:\/\/moto-oprema.com\/de\/wp-json\/wp\/v2\/brand?post=163837"},{"taxonomy":"gender","embeddable":true,"href":"https:\/\/moto-oprema.com\/de\/wp-json\/wp\/v2\/gender?post=163837"},{"taxonomy":"product_brand","embeddable":true,"href":"https:\/\/moto-oprema.com\/de\/wp-json\/wp\/v2\/product_brand?post=163837"},{"taxonomy":"product_cat","embeddable":true,"href":"https:\/\/moto-oprema.com\/de\/wp-json\/wp\/v2\/product_cat?post=163837"},{"taxonomy":"product_tag","embeddable":true,"href":"https:\/\/moto-oprema.com\/de\/wp-json\/wp\/v2\/product_tag?post=163837"}],"curies":[{"name":"wp","href":"https:\/\/api.w.org\/{rel}","templated":true}]}}