{"id":163226,"date":"2025-09-08T09:54:09","date_gmt":"2025-09-08T09:54:09","guid":{"rendered":"https:\/\/moto-oprema.com\/?post_type=product&#038;p=163226"},"modified":"2025-09-08T10:02:29","modified_gmt":"2025-09-08T10:02:29","slug":"shad-montageplatte-top-cases-kopija","status":"publish","type":"product","link":"https:\/\/moto-oprema.com\/de\/Artikel\/shad-montageplatte-top-cases-kopija\/","title":{"rendered":"SHAD ALUMINIUM MONTAGEPLATTE TOP CASES SILBER"},"content":{"rendered":"<p>Shad Aluminium-Montageplatte f\u00fcr die Befestigung des Terra Koffers. Hergestellt aus massivem, 5 mm dickem Aluminium und lasergeschnitten, was ein innovatives und funktionelles Design erm\u00f6glicht: bessere Integration in das Motorrad und zus\u00e4tzliche Befestigungspunkte f\u00fcr den Transport von zus\u00e4tzlichem Gep\u00e4ck. Entworfen und hergestellt in Barcelona. Geeignet f\u00fcr die SHAD-Koffer der Terra-Serie.   <\/p>\n<p>8 zus\u00e4tzliche Befestigungspunkte f\u00fcr zus\u00e4tzliche Ladung, wenn der Koffer nicht installiert ist.<br \/>\n<strong>Die Montageplatte ist kompatibel mit der TERRA Familie und der SH Familie (SH48, SH50, SH58X und SH59X).<\/strong><br \/>\nIm Lieferumfang enthalten: alle notwendigen Teile, um die meisten SHAD Top Master Befestigungen zu montieren (\u00fcberpr\u00fcfen Sie die Kompatibilit\u00e4t auf shad.es) oder direkt an der originalen Motorradbefestigungsplatte.<\/p>\n","protected":false},"excerpt":{"rendered":"<p>Die lasergeschnittene 5 mm dicke Aluminium-Tr\u00e4gerplatte bietet ein innovatives und funktionelles Design: bessere Integration in das&#8230;<\/p>\n","protected":false},"featured_media":163234,"comment_status":"open","ping_status":"closed","template":"","meta":{"_acf_changed":false},"brand":[],"gender":[],"product_brand":[],"product_cat":[2078,2024],"product_tag":[],"class_list":{"0":"post-163226","1":"product","2":"type-product","3":"status-publish","4":"has-post-thumbnail","6":"product_cat-koffer-und-taschen","7":"product_cat-zubehor","9":"first","10":"instock","11":"sale","12":"taxable","13":"shipping-taxable","14":"purchasable","15":"product-type-simple"},"acf":[],"_links":{"self":[{"href":"https:\/\/moto-oprema.com\/de\/wp-json\/wp\/v2\/product\/163226","targetHints":{"allow":["GET"]}}],"collection":[{"href":"https:\/\/moto-oprema.com\/de\/wp-json\/wp\/v2\/product"}],"about":[{"href":"https:\/\/moto-oprema.com\/de\/wp-json\/wp\/v2\/types\/product"}],"replies":[{"embeddable":true,"href":"https:\/\/moto-oprema.com\/de\/wp-json\/wp\/v2\/comments?post=163226"}],"wp:featuredmedia":[{"embeddable":true,"href":"https:\/\/moto-oprema.com\/de\/wp-json\/wp\/v2\/media\/163234"}],"wp:attachment":[{"href":"https:\/\/moto-oprema.com\/de\/wp-json\/wp\/v2\/media?parent=163226"}],"wp:term":[{"taxonomy":"brand","embeddable":true,"href":"https:\/\/moto-oprema.com\/de\/wp-json\/wp\/v2\/brand?post=163226"},{"taxonomy":"gender","embeddable":true,"href":"https:\/\/moto-oprema.com\/de\/wp-json\/wp\/v2\/gender?post=163226"},{"taxonomy":"product_brand","embeddable":true,"href":"https:\/\/moto-oprema.com\/de\/wp-json\/wp\/v2\/product_brand?post=163226"},{"taxonomy":"product_cat","embeddable":true,"href":"https:\/\/moto-oprema.com\/de\/wp-json\/wp\/v2\/product_cat?post=163226"},{"taxonomy":"product_tag","embeddable":true,"href":"https:\/\/moto-oprema.com\/de\/wp-json\/wp\/v2\/product_tag?post=163226"}],"curies":[{"name":"wp","href":"https:\/\/api.w.org\/{rel}","templated":true}]}}