{"id":163040,"date":"2025-09-08T07:41:56","date_gmt":"2025-09-08T07:41:56","guid":{"rendered":"https:\/\/moto-oprema.com\/?post_type=product&#038;p=163040"},"modified":"2025-09-08T07:59:34","modified_gmt":"2025-09-08T07:59:34","slug":"shad-aluminium-seitenkoffer-terra-tr36-rechts-silber-kopija-2","status":"publish","type":"product","link":"https:\/\/moto-oprema.com\/de\/Artikel\/shad-aluminium-seitenkoffer-terra-tr36-rechts-silber-kopija-2\/","title":{"rendered":"SHAD ALUMINIUM SEITENKOFFER TERRA TR36 LINKS SILBER"},"content":{"rendered":"<p>Das TR36L Seitengeh\u00e4use wurde vollst\u00e4ndig in Barcelona entworfen, entwickelt und hergestellt. Es besteht aus einer geh\u00e4rteten Aluminiumlegierung, einer st\u00e4rkeren und leichteren Art von Aluminium, die es erm\u00f6glicht, den Querschnitt auf 1,2 mm zu reduzieren und so ein minimales Gewicht und maximale Widerstandsf\u00e4higkeit zu erreichen. Enth\u00e4lt das patentierte &#8222;TERRA Lock System&#8220;.  <\/p>\n<p>Patentiertes &#8222;TERRA Lock System&#8220;. Inklusive Verriegelungsmechanismus und ausziehbarem Tragegriff. Entwickelt f\u00fcr den schnellen einh\u00e4ndigen Gebrauch, der es dem Benutzer erm\u00f6glicht, den Koffer in Sekundenschnelle zu \u00f6ffnen, zu schlie\u00dfen, zu installieren und zu entfernen.  <\/p>\n<p>Er hat eine aerodynamische, integrierte Struktur aus geh\u00e4rteter Aluminiumlegierung.<\/p>\n<p>Seitliche \u00d6ffnung: ideal zum &#8222;Packen&#8220;, mit viel Volumen und Platz und einem internen Fach, in dem Sie Ihre Sachen aufbewahren k\u00f6nnen, um sie zu ordnen und zu verhindern, dass sie herausfallen, wenn Sie den Koffer \u00f6ffnen.<\/p>\n<p>Die Gummidichtung des Geh\u00e4uses sch\u00fctzt das Innere vor widrigen Wetterbedingungen (wasserdicht).<\/p>\n<p>Die Schl\u00fcssel und das Schloss sind die neue Premium-Version von SHAD (3 Schl\u00f6sser und 2 Schl\u00fcssel im Lieferumfang enthalten). Ein System, das die M\u00f6glichkeit eines Diebstahls reduziert und eine Abdeckung, die das Eindringen von Staub verhindert. <\/p>\n<p>Kompatibel mit SHAD 4P.<\/p>\n<p>Gr\u00f6\u00dfe: 49,5\/41,8\/28,2 cm.<\/p>\n<p>Empfohlene H\u00f6chstlast: 10 kg.<\/p>\n<p>100% entworfen und hergestellt in Barcelona.<\/p>\n<p>Optionales Zubeh\u00f6r: Innensack (X0IB47) Innennetz (X0TR01).<\/p>\n","protected":false},"excerpt":{"rendered":"<p>Motorrad-Zeltkoffer aus Aluminium SHAD TR36<\/p>\n","protected":false},"featured_media":163056,"comment_status":"open","ping_status":"closed","template":"","meta":{"_acf_changed":false},"brand":[2642],"gender":[],"product_brand":[],"product_cat":[2078,2024],"product_tag":[],"class_list":{"0":"post-163040","1":"product","2":"type-product","3":"status-publish","4":"has-post-thumbnail","6":"brand-shad-de","7":"product_cat-koffer-und-taschen","8":"product_cat-zubehor","10":"first","11":"onbackorder","12":"sale","13":"taxable","14":"shipping-taxable","15":"purchasable","16":"product-type-simple"},"acf":[],"_links":{"self":[{"href":"https:\/\/moto-oprema.com\/de\/wp-json\/wp\/v2\/product\/163040","targetHints":{"allow":["GET"]}}],"collection":[{"href":"https:\/\/moto-oprema.com\/de\/wp-json\/wp\/v2\/product"}],"about":[{"href":"https:\/\/moto-oprema.com\/de\/wp-json\/wp\/v2\/types\/product"}],"replies":[{"embeddable":true,"href":"https:\/\/moto-oprema.com\/de\/wp-json\/wp\/v2\/comments?post=163040"}],"wp:featuredmedia":[{"embeddable":true,"href":"https:\/\/moto-oprema.com\/de\/wp-json\/wp\/v2\/media\/163056"}],"wp:attachment":[{"href":"https:\/\/moto-oprema.com\/de\/wp-json\/wp\/v2\/media?parent=163040"}],"wp:term":[{"taxonomy":"brand","embeddable":true,"href":"https:\/\/moto-oprema.com\/de\/wp-json\/wp\/v2\/brand?post=163040"},{"taxonomy":"gender","embeddable":true,"href":"https:\/\/moto-oprema.com\/de\/wp-json\/wp\/v2\/gender?post=163040"},{"taxonomy":"product_brand","embeddable":true,"href":"https:\/\/moto-oprema.com\/de\/wp-json\/wp\/v2\/product_brand?post=163040"},{"taxonomy":"product_cat","embeddable":true,"href":"https:\/\/moto-oprema.com\/de\/wp-json\/wp\/v2\/product_cat?post=163040"},{"taxonomy":"product_tag","embeddable":true,"href":"https:\/\/moto-oprema.com\/de\/wp-json\/wp\/v2\/product_tag?post=163040"}],"curies":[{"name":"wp","href":"https:\/\/api.w.org\/{rel}","templated":true}]}}