{"id":162936,"date":"2025-09-04T09:48:43","date_gmt":"2025-09-04T09:48:43","guid":{"rendered":"https:\/\/moto-oprema.com\/?post_type=product&#038;p=162936"},"modified":"2025-09-04T09:55:03","modified_gmt":"2025-09-04T09:55:03","slug":"shad-aluminiumkoffer-tr38b-schwarz-kopija","status":"publish","type":"product","link":"https:\/\/moto-oprema.com\/de\/Artikel\/shad-aluminiumkoffer-tr38b-schwarz-kopija\/","title":{"rendered":"SHAD ALUMINIUMKOFFER TERRA TR55 SILBER"},"content":{"rendered":"<p>Dieser TERRA TR55 Koffer bietet Platz f\u00fcr zwei Klapphelme und ist mit einem Gewicht von 5,4 kg der leichteste Aluminiumkoffer auf dem Markt. Er wurde zu 100% in Barcelona entwickelt und hergestellt. Sein innovatives Design minimiert die optische Beeintr\u00e4chtigung des Motorrads. Der TERRA TR55 Koffer wurde mit einem ABC Award f\u00fcr sein Design ausgezeichnet, das sich auf die wichtigsten Aspekte f\u00fcr die Verwendung auf Abenteuer-Motorr\u00e4dern konzentriert.<br \/>\nKapazit\u00e4t f\u00fcr 2 Klapphelme.   <\/p>\n<ul>\n<li>Patentiertes &#8222;TERRA Lock System&#8220;. Mit einer Struktur aus rostfreiem Stahl AISI 304 in Industriequalit\u00e4t, die ein Verschlusssystem und einen ausziehbaren Tragegriff enth\u00e4lt. Diese Struktur wurde f\u00fcr die schnelle einh\u00e4ndige Benutzung entwickelt und erm\u00f6glicht es dem Benutzer, den Koffer in Sekundenschnelle zu \u00f6ffnen, zu schlie\u00dfen, zu entfernen und zu tragen.  <\/li>\n<li>Er verf\u00fcgt \u00fcber eine aerodynamische, integrierte Struktur aus einer geh\u00e4rteten Aluminiumlegierung, einer st\u00e4rkeren und leichteren Art von Aluminium, die es erm\u00f6glicht, den Querschnitt auf 1,2 mm zu reduzieren, um ein minimales Gewicht bei maximaler Widerstandsf\u00e4higkeit zu erreichen.<\/li>\n<li>Interner Schaumstoffboden, um die Bewegung der internen Ladung zu reduzieren.<\/li>\n<li>Der gummiversiegelte Rahmen der Tasche sch\u00fctzt das Innere vor widrigen Wetterbedingungen (wasserdicht).<\/li>\n<li>M\u00f6glichkeit zum Hinzuf\u00fcgen zus\u00e4tzlicher Lasten dank der externen Haken aus rostfreiem Stahl AISI 304.<\/li>\n<li><strong>Erfordert die Installation des SHAD Top Master und der Montageplatte (nicht im Lieferumfang enthalten). Drei Montageplatten-Optionen: Standard SHAD-Platte (D1B591PA), Aluminium-Montageplatte oder schwarze Aluminium-Montageplatte (D1BTRPA2) <\/strong>.<\/li>\n<li>Die Schl\u00fcssel und das Schloss sind die neue Premium-Version von SHAD, mit einem System, das die M\u00f6glichkeit eines Diebstahls verringert und einer Abdeckung, die das Eindringen von Staub verhindert. Die Schl\u00f6sser lassen sich leicht auswechseln: das obere und das seitliche Geh\u00e4use k\u00f6nnen f\u00fcr die Verwendung mit einem Schl\u00fcssel vereinheitlicht werden. <\/li>\n<li>\n<\/li>\n<\/ul>\n<p>Gr\u00f6\u00dfe: 57\/41,8\/32,2 cm.<br \/>\nEmpfohlene H\u00f6chstlast: 10 kg.<\/p>\n<p>Optionales Zubeh\u00f6r: optionale zweischichtige R\u00fcckenlehne (D0RI75) aus zwei Schichten Polyurethanschaum, die mit zweifarbigem Kunstleder \u00fcberzogen ist und dem Beifahrer absoluten Komfort bietet. Dehnbare Innentasche (X0IB10). Finden Sie auf SHAD.es produktspezifisches Zubeh\u00f6r, um Ihr Fahrerlebnis zu verbessern.<\/p>\n","protected":false},"excerpt":{"rendered":"<p>SHAD TR55 Aluminium Motorradkoffer ohne Montageplatte<\/p>\n","protected":false},"featured_media":162952,"comment_status":"open","ping_status":"closed","template":"","meta":{"_acf_changed":false},"brand":[2642],"gender":[],"product_brand":[],"product_cat":[2078,2024],"product_tag":[],"class_list":{"0":"post-162936","1":"product","2":"type-product","3":"status-publish","4":"has-post-thumbnail","6":"brand-shad-de","7":"product_cat-koffer-und-taschen","8":"product_cat-zubehor","10":"first","11":"onbackorder","12":"sale","13":"taxable","14":"shipping-taxable","15":"purchasable","16":"product-type-simple"},"acf":[],"_links":{"self":[{"href":"https:\/\/moto-oprema.com\/de\/wp-json\/wp\/v2\/product\/162936","targetHints":{"allow":["GET"]}}],"collection":[{"href":"https:\/\/moto-oprema.com\/de\/wp-json\/wp\/v2\/product"}],"about":[{"href":"https:\/\/moto-oprema.com\/de\/wp-json\/wp\/v2\/types\/product"}],"replies":[{"embeddable":true,"href":"https:\/\/moto-oprema.com\/de\/wp-json\/wp\/v2\/comments?post=162936"}],"wp:featuredmedia":[{"embeddable":true,"href":"https:\/\/moto-oprema.com\/de\/wp-json\/wp\/v2\/media\/162952"}],"wp:attachment":[{"href":"https:\/\/moto-oprema.com\/de\/wp-json\/wp\/v2\/media?parent=162936"}],"wp:term":[{"taxonomy":"brand","embeddable":true,"href":"https:\/\/moto-oprema.com\/de\/wp-json\/wp\/v2\/brand?post=162936"},{"taxonomy":"gender","embeddable":true,"href":"https:\/\/moto-oprema.com\/de\/wp-json\/wp\/v2\/gender?post=162936"},{"taxonomy":"product_brand","embeddable":true,"href":"https:\/\/moto-oprema.com\/de\/wp-json\/wp\/v2\/product_brand?post=162936"},{"taxonomy":"product_cat","embeddable":true,"href":"https:\/\/moto-oprema.com\/de\/wp-json\/wp\/v2\/product_cat?post=162936"},{"taxonomy":"product_tag","embeddable":true,"href":"https:\/\/moto-oprema.com\/de\/wp-json\/wp\/v2\/product_tag?post=162936"}],"curies":[{"name":"wp","href":"https:\/\/api.w.org\/{rel}","templated":true}]}}