{"id":162918,"date":"2025-09-04T09:34:07","date_gmt":"2025-09-04T09:34:07","guid":{"rendered":"https:\/\/moto-oprema.com\/?post_type=product&#038;p=162918"},"modified":"2025-09-04T09:41:39","modified_gmt":"2025-09-04T09:41:39","slug":"shad-aluminiumkoffer-tr38-grau-kopija","status":"publish","type":"product","link":"https:\/\/moto-oprema.com\/de\/Artikel\/shad-aluminiumkoffer-tr38-grau-kopija\/","title":{"rendered":"SHAD ALUMINIUMKOFFER TR38B SCHWARZ"},"content":{"rendered":"<p>Das TR48 Top Case wurde vollst\u00e4ndig in Barcelona entworfen, entwickelt und hergestellt und bietet Platz f\u00fcr einen Helm (Trail) oder 2 Helme (Flip-up und Jet). Es besteht aus einer geh\u00e4rteten Aluminiumlegierung, einer st\u00e4rkeren und leichteren Art von Aluminium, die es erm\u00f6glicht, den Querschnitt auf 1,2 mm zu reduzieren, um ein minimales Gewicht bei maximaler Widerstandsf\u00e4higkeit zu erreichen. Mit dem patentierten &#8222;TERRA Lock System&#8220;.  <\/p>\n<ul>\n<li>Kapazit\u00e4t f\u00fcr 1 Helm (Trail) oder 2 Helme (Flip-up und Jet).<\/li>\n<li>Patentiertes &#8222;TERRA Lock System&#8220;. Inklusive Verriegelungsmechanismus und ausziehbarem Tragegriff. Entwickelt f\u00fcr den schnellen einh\u00e4ndigen Gebrauch, der es dem Benutzer erm\u00f6glicht, den Koffer in Sekundenschnelle zu \u00f6ffnen, zu schlie\u00dfen, zu installieren und zu entfernen.  <\/li>\n<li>Er hat eine aerodynamische, integrierte Struktur aus geh\u00e4rteter Aluminiumlegierung.<\/li>\n<li>Interner Schaumstoffboden, um die Bewegung der internen Ladung zu reduzieren.<\/li>\n<li>Der gummiversiegelte Rahmen der Tasche sch\u00fctzt das Innere vor widrigen Wetterbedingungen (wasserdicht).<\/li>\n<li>M\u00f6glichkeit zum Hinzuf\u00fcgen zus\u00e4tzlicher Lasten dank der externen Haken aus rostfreiem Stahl AISI 304.<\/li>\n<li><strong>Erfordert die Installation des SHAD Top Master und der Befestigungsplatte (nicht im Lieferumfang enthalten). Drei Optionen f\u00fcr die Befestigungsplatte: Standard SHAD-Platte (D1B591PA), Aluminium-Befestigungsplatte oder schwarze Aluminium-Befestigungsplatte (D1BTRPA2). <\/strong><\/li>\n<li>Bei den Schl\u00fcsseln und Zylinderschl\u00f6ssern handelt es sich um die neue Spitzenversion SHAD mit einem System, das die M\u00f6glichkeit eines Diebstahls verringert, und einer Abdeckung, die das Eindringen von Staub verhindert. Die Schl\u00f6sser lassen sich leicht auswechseln: das obere und das seitliche Geh\u00e4use k\u00f6nnen vereinheitlicht werden, um mit einem Schl\u00fcssel verwendet zu werden. <\/li>\n<li>\n<\/li>\n<\/ul>\n<p>Gr\u00f6\u00dfe: 49,5\/41,8\/32,2 cm.<br \/>\nEmpfohlene H\u00f6chstlast: 10 kg.<\/p>\n<p>Optional: Zweiteilige R\u00fcckenlehne (D0RI75) aus zwei Schichten Polyurethanschaum, bezogen mit zweifach strukturiertem Kunstleder, um dem Beifahrer absoluten Komfort zu bieten. Innenraumtasche (X0IB47).Finden Sie auf SHAD.es produktspezifisches Zubeh\u00f6r, um Ihr Fahrerlebnis zu verbessern.<\/p>\n","protected":false},"excerpt":{"rendered":"<p>SHAD TR48 Motorradkoffer aus Aluminium ohne Montageplatte<\/p>\n","protected":false},"featured_media":162930,"comment_status":"open","ping_status":"closed","template":"","meta":{"_acf_changed":false},"brand":[2642],"gender":[],"product_brand":[],"product_cat":[2078,2024],"product_tag":[],"class_list":{"0":"post-162918","1":"product","2":"type-product","3":"status-publish","4":"has-post-thumbnail","6":"brand-shad-de","7":"product_cat-koffer-und-taschen","8":"product_cat-zubehor","10":"first","11":"onbackorder","12":"sale","13":"taxable","14":"shipping-taxable","15":"purchasable","16":"product-type-simple"},"acf":[],"_links":{"self":[{"href":"https:\/\/moto-oprema.com\/de\/wp-json\/wp\/v2\/product\/162918","targetHints":{"allow":["GET"]}}],"collection":[{"href":"https:\/\/moto-oprema.com\/de\/wp-json\/wp\/v2\/product"}],"about":[{"href":"https:\/\/moto-oprema.com\/de\/wp-json\/wp\/v2\/types\/product"}],"replies":[{"embeddable":true,"href":"https:\/\/moto-oprema.com\/de\/wp-json\/wp\/v2\/comments?post=162918"}],"wp:featuredmedia":[{"embeddable":true,"href":"https:\/\/moto-oprema.com\/de\/wp-json\/wp\/v2\/media\/162930"}],"wp:attachment":[{"href":"https:\/\/moto-oprema.com\/de\/wp-json\/wp\/v2\/media?parent=162918"}],"wp:term":[{"taxonomy":"brand","embeddable":true,"href":"https:\/\/moto-oprema.com\/de\/wp-json\/wp\/v2\/brand?post=162918"},{"taxonomy":"gender","embeddable":true,"href":"https:\/\/moto-oprema.com\/de\/wp-json\/wp\/v2\/gender?post=162918"},{"taxonomy":"product_brand","embeddable":true,"href":"https:\/\/moto-oprema.com\/de\/wp-json\/wp\/v2\/product_brand?post=162918"},{"taxonomy":"product_cat","embeddable":true,"href":"https:\/\/moto-oprema.com\/de\/wp-json\/wp\/v2\/product_cat?post=162918"},{"taxonomy":"product_tag","embeddable":true,"href":"https:\/\/moto-oprema.com\/de\/wp-json\/wp\/v2\/product_tag?post=162918"}],"curies":[{"name":"wp","href":"https:\/\/api.w.org\/{rel}","templated":true}]}}