{"id":162710,"date":"2025-09-03T10:07:54","date_gmt":"2025-09-03T10:07:54","guid":{"rendered":"https:\/\/moto-oprema.com\/?post_type=product&#038;p=162710"},"modified":"2025-09-03T10:27:46","modified_gmt":"2025-09-03T10:27:46","slug":"alpinestars-tech-air-off-road-airbag-system-rot-kopija","status":"publish","type":"product","link":"https:\/\/moto-oprema.com\/de\/Artikel\/alpinestars-tech-air-off-road-airbag-system-rot-kopija\/","title":{"rendered":"ALPINESTARS TECH-AIR 5 PLASMA AIRBAG WESTE"},"content":{"rendered":"<p>Alpinestars Tech-Air 5 Plasma Airbag-Weste<\/p>\n<p>Das innovative und ultraleichte Tech-Air\u00ae 5 Plasma Airbag System ist so konzipiert, dass es leicht unter die Jacke passt und eine bequeme, flexible Passform bietet. Es erf\u00fcllt die steigenden Sicherheitsanforderungen des Motorradsports, ohne die Bewegungsfreiheit einzuschr\u00e4nken. Dank seines schlanken Profils ist es unter der Jacke fast unsichtbar und bietet gleichzeitig fortschrittlichen Schutz f\u00fcr ein optimales Fahrerlebnis. Die neueste Entwicklung in der Alpinestars Tech-Air\u00ae Familie, das Tech-Air\u00ae 5 Plasma System, basiert auf branchenf\u00fchrender Schutztechnologie. Es wurde f\u00fcr maximale Leichtigkeit, \u00fcberragenden Komfort und eine subtile Passform entwickelt und bietet umfassenden Schutz f\u00fcr den Oberk\u00f6rper &#8211; einschlie\u00dflich Brust, Rippen, R\u00fccken und Schultern. Das System verf\u00fcgt au\u00dferdem \u00fcber einen Plasma-R\u00fcckenprotektor, der optimalen Komfort, Flexibilit\u00e4t, Luftzirkulation und Schutz kombiniert. Ein neu entwickelter Algorithmus unterst\u00fctzt drei verschiedene Fahrmodi &#8211; Stra\u00dfe, Gel\u00e4nde und Rennen &#8211; und sorgt daf\u00fcr, dass sich das System pr\u00e4zise an verschiedene Fahrsituationen anpasst. Tech-Air\u00ae 5 Plasma verf\u00fcgt \u00fcber eine einmalige Nachf\u00fcllung des Airbags und eine Gaspatrone, die vom Benutzer ausgetauscht werden kann, um einen kontinuierlichen Schutz bei jeder Fahrt zu gew\u00e4hrleisten.       <\/p>\n<p>Merkmale:<\/p>\n<ul>\n<li>Automatische Aktivierung: Magnetsensor beim Schlie\u00dfen des Rei\u00dfverschlusses, mit visuellen und haptischen Statusmeldungen.<\/li>\n<li>Fahrmodi und LED-Anzeige: drei Modi (STREET, OFF-ROAD, RACE), die sich einfach per Knopfdruck umschalten lassen.<\/li>\n<li>Erweiterte Gr\u00f6\u00dfenoptionen: erh\u00e4ltlich in 8 Gr\u00f6\u00dfen (XS bis 4XL) f\u00fcr eine optimale Passform.<\/li>\n<li>Benutzerfreundliches, modulares Design: leicht zerlegbar f\u00fcr Reinigung und Wartung, einschlie\u00dflich einfacher Entfernung des Airbags.<\/li>\n<li>Optimiertes, leichtes Design: d\u00fcnne, elastische Netzkonstruktion f\u00fcr minimales Volumen und hohe Atmungsaktivit\u00e4t.<\/li>\n<li>Minimaler Einsatz von Kunststoffkomponenten: reduziertes Gewicht bei maximaler Luftzirkulation und Bewegungsfreiheit.<\/li>\n<li>Optimiertes Airbag-Design: anatomisch geformt mit strategisch platzierten Aussparungen f\u00fcr besseren Schutz bei minimalem Materialvolumen.<\/li>\n<li>Au\u00dfergew\u00f6hnlicher Komfort und Atmungsaktivit\u00e4t: elastisches Material mit feuchtigkeitsableitender Beschichtung.<\/li>\n<li>Ultrad\u00fcnnes, unsichtbares Profil: passt diskret unter eine Jacke, ohne die Bewegungsfreiheit einzuschr\u00e4nken<\/li>\n<li>Bel\u00fcftungskompatibilit\u00e4t: speziell f\u00fcr die Bel\u00fcftungssysteme der Alpinestars-Jacken entwickelt, f\u00fcr eine optimale Luftzirkulation<\/li>\n<li>Optimierte Bewegungsfreiheit: ergonomische \u00c4rmel mit tief ausgeschnittenem Unterarm f\u00fcr mehr Komfort und Beweglichkeit<\/li>\n<li>Airbag-Eins\u00e4tze: Der Airbag kann bis zu sechs Mal ausgel\u00f6st werden, bevor er ausgetauscht werden muss.<\/li>\n<\/ul>\n<p>Technische Daten:<\/p>\n<ul>\n<li>Schutzkleidung f\u00fcr Motorradfahrer, Klasse C (EN1621-4:2013) Stufe 1<\/li>\n<li>PLASMA Technologie f\u00fcr maximalen Schutz: integrierter Nucleon PLASMA R\u00fcckenprotektor &#8211; leicht, flexibel und sto\u00dfd\u00e4mpfend<\/li>\n<li>Kompletter Oberk\u00f6rperschutz: sch\u00fctzt Brust, Rippen, R\u00fccken und Schultern.<\/li>\n<li>Integrierter R\u00fcckenprotektor: aus Nucleon PLASMA, einem hochelastischen Material mit Hightech-Elastomeren f\u00fcr ein d\u00fcnnes Profil, geringes Gewicht und hohe Flexibilit\u00e4t (EN1621-2:2014), Level 1 (im Lieferumfang enthalten).<\/li>\n<li>Langlebige wiederaufladbare Batterie: bis zu 30 Stunden Betrieb<\/li>\n<li>Extrem leicht: nur 1530 g<\/li>\n<li>Erweiterter Schutz: l\u00e4ngerer R\u00fcckenschnitt f\u00fcr besseren Schutz, niedriger Kragenausschnitt f\u00fcr weniger Hautkontakt und mehr Komfort<\/li>\n<\/ul>\n<p>Material 88 % Polyester, 12 % Elasthan<\/p>\n<p><iframe loading=\"lazy\" title=\"Alpinestars Tech-Air 5 Plasma Live Stream\" width=\"640\" height=\"360\" src=\"https:\/\/www.youtube.com\/embed\/EzT26UbY7t4?feature=oembed\" frameborder=\"0\" allow=\"accelerometer; autoplay; clipboard-write; encrypted-media; gyroscope; picture-in-picture; web-share\" referrerpolicy=\"strict-origin-when-cross-origin\" allowfullscreen><\/iframe><\/p>\n","protected":false},"excerpt":{"rendered":"","protected":false},"featured_media":162795,"comment_status":"open","ping_status":"closed","template":"","meta":{"_acf_changed":false},"brand":[2111],"gender":[2173],"product_brand":[],"product_cat":[2221,1357,2209],"product_tag":[],"class_list":{"0":"post-162710","1":"product","2":"type-product","3":"status-publish","4":"has-post-thumbnail","6":"brand-alpinestars-de","7":"gender-unisex-de","8":"product_cat-airbags-de","9":"product_cat-ausrustung-fur-motorradfahrer","10":"product_cat-schutzschilde-und-airbags","11":"pa_size-2xl-de","12":"pa_size-3xl-de","13":"pa_size-4xl-de","14":"pa_size-l-de","15":"pa_size-m-de","16":"pa_size-s-de","17":"pa_size-xl-de","18":"pa_size-xs-de","20":"first","21":"instock","22":"taxable","23":"shipping-taxable","24":"purchasable","25":"product-type-variable"},"acf":[],"_links":{"self":[{"href":"https:\/\/moto-oprema.com\/de\/wp-json\/wp\/v2\/product\/162710","targetHints":{"allow":["GET"]}}],"collection":[{"href":"https:\/\/moto-oprema.com\/de\/wp-json\/wp\/v2\/product"}],"about":[{"href":"https:\/\/moto-oprema.com\/de\/wp-json\/wp\/v2\/types\/product"}],"replies":[{"embeddable":true,"href":"https:\/\/moto-oprema.com\/de\/wp-json\/wp\/v2\/comments?post=162710"}],"wp:featuredmedia":[{"embeddable":true,"href":"https:\/\/moto-oprema.com\/de\/wp-json\/wp\/v2\/media\/162795"}],"wp:attachment":[{"href":"https:\/\/moto-oprema.com\/de\/wp-json\/wp\/v2\/media?parent=162710"}],"wp:term":[{"taxonomy":"brand","embeddable":true,"href":"https:\/\/moto-oprema.com\/de\/wp-json\/wp\/v2\/brand?post=162710"},{"taxonomy":"gender","embeddable":true,"href":"https:\/\/moto-oprema.com\/de\/wp-json\/wp\/v2\/gender?post=162710"},{"taxonomy":"product_brand","embeddable":true,"href":"https:\/\/moto-oprema.com\/de\/wp-json\/wp\/v2\/product_brand?post=162710"},{"taxonomy":"product_cat","embeddable":true,"href":"https:\/\/moto-oprema.com\/de\/wp-json\/wp\/v2\/product_cat?post=162710"},{"taxonomy":"product_tag","embeddable":true,"href":"https:\/\/moto-oprema.com\/de\/wp-json\/wp\/v2\/product_tag?post=162710"}],"curies":[{"name":"wp","href":"https:\/\/api.w.org\/{rel}","templated":true}]}}