{"id":162057,"date":"2025-09-02T09:02:56","date_gmt":"2025-09-02T09:02:56","guid":{"rendered":"https:\/\/moto-oprema.com\/?post_type=product&#038;p=162057"},"modified":"2025-09-02T09:41:06","modified_gmt":"2025-09-02T09:41:06","slug":"alpinestars-mx-hosen-apex-mehrfarbig-26-kopija","status":"publish","type":"product","link":"https:\/\/moto-oprema.com\/de\/Artikel\/alpinestars-mx-hosen-apex-mehrfarbig-26-kopija\/","title":{"rendered":"ALPINESTARS MX HOSEN TECHSTAR NOMUR NAVY ORANGE UCLA BLAU 26"},"content":{"rendered":"<p>Die Techstar-Serie bietet die optimale Kombination aus Leistung und Haltbarkeit. Die Multi-Material-Konstruktion der Hose, die f\u00fcr Wettk\u00e4mpfe auf hohem Niveau und in jedem Gel\u00e4nde entwickelt wurde, sorgt f\u00fcr ein H\u00f6chstma\u00df an Bel\u00fcftung und Stretch f\u00fcr eine ausgezeichnete Bewegungsfreiheit. Die leichte, sportlich geschnittene Techstar Nomur Wettkampfhose verf\u00fcgt \u00fcber innovative Merkmale wie die SX2-Magnetschnalle und die fortschrittliche 3D-Babel-Kniekonstruktion, die die Bel\u00fcftung, Flexibilit\u00e4t und Bewegungsfreiheit erheblich verbessern.  <\/p>\n<p>Eigenschaften<\/p>\n<ul>\n<li>Strapazierf\u00e4hige elastische Konstruktion: Die Techstar Nomur Hose hat eine verst\u00e4rkte Konstruktion aus strapazierf\u00e4higem 600 D Polyester und elastischem Ripstop-Material.<\/li>\n<li>Ergonomischer Schnitt, der auf Leistung ausgelegt ist: Der ergonomische Rennsportschnitt mit einem optimierten mehrteiligen Muster vermittelt ein Gef\u00fchl wie eine zweite Haut und sorgt f\u00fcr hervorragende Bewegungsfreiheit und ausgezeichnete Mobilit\u00e4t.<\/li>\n<\/ul>\n<p>Bauwesen<\/p>\n<ul>\n<li>Die Techstar Nomur Pants besteht aus strapazierf\u00e4higem, beschichtetem 600D-Polyester und einer fortschrittlichen Mischung aus Stretch-Ripstop-Material aus der Supertech-Reihe, die f\u00fcr verbesserte Dehnbarkeit und Strapazierf\u00e4higkeit sorgt, mit strapazierf\u00e4higem 4-Wege-Stretch-Material an Ges\u00e4\u00df, Oberschenkeln und oberen Knien.<\/li>\n<li>Die einlagige, auf Leistung ausgelegte Konstruktion und das ungef\u00fctterte Design sorgen f\u00fcr verbesserte Trageeigenschaften, \u00fcberragenden Komfort und ein geringeres Gewicht, so dass Sie sie leicht an- und ausziehen k\u00f6nnen, selbst wenn Sie Knieschienen oder Knieschoner tragen.<\/li>\n<li>Verst\u00e4rkte Materialien am Sitz und an den Knien sorgen f\u00fcr erh\u00f6hte Haltbarkeit.<\/li>\n<li>Innovativer, neu gestalteter Babel-Knieeinsatz f\u00fcr optimale Flexibilit\u00e4t, zus\u00e4tzliche Bel\u00fcftung und maximalen Fahrerkomfort.<\/li>\n<li>Sicherer und schneller SX2 Magnet-Selbstverschluss f\u00fcr optimalen G\u00fcrtelverschluss.<\/li>\n<li>Strategisch platzierte Laserperforationen f\u00fcr zus\u00e4tzlichen Luftstrom und optimale Bel\u00fcftung.<\/li>\n<li>Innenknie aus Ziegenleder f\u00fcr ein hervorragendes Tragegef\u00fchl und Strapazierf\u00e4higkeit.<\/li>\n<li>Der elastische Bund mit Silikon-Inneng\u00fcrtel h\u00e4lt die Hose sicher an ihrem Platz.<\/li>\n<li>Abgedeckter Rei\u00dfverschluss f\u00fcr Langlebigkeit.<\/li>\n<li>Volle Kompatibilit\u00e4t mit Alpinestars MX-T-Shirts.<\/li>\n<\/ul>\n","protected":false},"excerpt":{"rendered":"<p>Alpinestars Techstar Nomur Hose<\/p>\n","protected":false},"featured_media":162219,"comment_status":"open","ping_status":"closed","template":"","meta":{"_acf_changed":false},"brand":[2111],"gender":[2168],"product_brand":[],"product_cat":[2028,2069],"product_tag":[],"class_list":{"0":"post-162057","1":"product","2":"type-product","3":"status-publish","4":"has-post-thumbnail","6":"brand-alpinestars-de","7":"gender-moski-de","8":"product_cat-motocross-ausrustung","9":"product_cat-mx-hose","10":"pa_size-28-de","11":"pa_size-30-de","12":"pa_size-32-de","13":"pa_size-34-de","14":"pa_size-36-de","15":"pa_size-38-de","16":"pa_size-40-de","18":"first","19":"instock","20":"sale","21":"taxable","22":"shipping-taxable","23":"purchasable","24":"product-type-variable"},"acf":[],"_links":{"self":[{"href":"https:\/\/moto-oprema.com\/de\/wp-json\/wp\/v2\/product\/162057","targetHints":{"allow":["GET"]}}],"collection":[{"href":"https:\/\/moto-oprema.com\/de\/wp-json\/wp\/v2\/product"}],"about":[{"href":"https:\/\/moto-oprema.com\/de\/wp-json\/wp\/v2\/types\/product"}],"replies":[{"embeddable":true,"href":"https:\/\/moto-oprema.com\/de\/wp-json\/wp\/v2\/comments?post=162057"}],"wp:featuredmedia":[{"embeddable":true,"href":"https:\/\/moto-oprema.com\/de\/wp-json\/wp\/v2\/media\/162219"}],"wp:attachment":[{"href":"https:\/\/moto-oprema.com\/de\/wp-json\/wp\/v2\/media?parent=162057"}],"wp:term":[{"taxonomy":"brand","embeddable":true,"href":"https:\/\/moto-oprema.com\/de\/wp-json\/wp\/v2\/brand?post=162057"},{"taxonomy":"gender","embeddable":true,"href":"https:\/\/moto-oprema.com\/de\/wp-json\/wp\/v2\/gender?post=162057"},{"taxonomy":"product_brand","embeddable":true,"href":"https:\/\/moto-oprema.com\/de\/wp-json\/wp\/v2\/product_brand?post=162057"},{"taxonomy":"product_cat","embeddable":true,"href":"https:\/\/moto-oprema.com\/de\/wp-json\/wp\/v2\/product_cat?post=162057"},{"taxonomy":"product_tag","embeddable":true,"href":"https:\/\/moto-oprema.com\/de\/wp-json\/wp\/v2\/product_tag?post=162057"}],"curies":[{"name":"wp","href":"https:\/\/api.w.org\/{rel}","templated":true}]}}