{"id":161799,"date":"2025-09-02T08:33:17","date_gmt":"2025-09-02T08:33:17","guid":{"rendered":"https:\/\/moto-oprema.com\/?post_type=product&#038;p=161799"},"modified":"2025-09-02T08:38:36","modified_gmt":"2025-09-02T08:38:36","slug":"alpinestars-mx-trikot-techstar-nomur-orange-gelb-rosa-26-kopija","status":"publish","type":"product","link":"https:\/\/moto-oprema.com\/de\/Artikel\/alpinestars-mx-trikot-techstar-nomur-orange-gelb-rosa-26-kopija\/","title":{"rendered":"ALPINESTARS MX JERSEY TECHSTAR NOMUR HELLGRAU ROT SCHWARZ 26"},"content":{"rendered":"<p>Die Techstar-Serie bietet die optimale Kombination aus Leistung und Haltbarkeit. Das Techstar-T-Shirt wurde f\u00fcr Wettk\u00e4mpfe auf hohem Niveau und in jedem Gel\u00e4nde entwickelt und bietet den Schnitt und die Passform von Renn-T-Shirts. Die Multi-Material-Konstruktion des Trikots gew\u00e4hrleistet ein H\u00f6chstma\u00df an Bel\u00fcftung und Stretch f\u00fcr ausgezeichnete Bewegungsfreiheit.  <\/p>\n<p>Wesentliche Merkmale<\/p>\n<ul>\n<li>Athletischer Rennschnitt und ergonomisches Design: Das leichte Techstar Nomur T-Shirt im athletischen Rennschnitt verf\u00fcgt \u00fcber eine aktualisierte Multi-Material-Konstruktion mit pr\u00e4zise zugeschnittenem Stretch<\/li>\n<li>ein Polyester-Hauptrahmen mit ergonomischen Stretcheins\u00e4tzen f\u00fcr \u00fcberragende Beweglichkeit und erh\u00f6hten Fahrkomfort.<\/li>\n<li>Optimale Bel\u00fcftung: strategisch platzierte Laserperforationen f\u00fcr zus\u00e4tzlichen Luftstrom und optimale Bel\u00fcftung.<\/li>\n<\/ul>\n<p>Erstellen von<\/p>\n<ul>\n<li>Das Techstar Nomur Trikot ist aus einem leichten, sehr strapazierf\u00e4higen Stretchmaterial gefertigt, das Feuchtigkeit ableitet und f\u00fcr \u00fcberragenden Komfort und Leistung sorgt.<\/li>\n<li>Ergonomisch gestalteter Schnitt und optimiertes mehrteiliges Rennmuster f\u00fcr mehr Bewegungsfreiheit und \u00fcberragende Mobilit\u00e4t.<\/li>\n<li>Das Hemd hat lasergeschnittene Perforationen auf der Brust und an den \u00c4rmeln f\u00fcr zus\u00e4tzliche Bel\u00fcftung.<\/li>\n<li>Strategisch platzierte Stretcheins\u00e4tze f\u00fcr ultimative Bewegungsfreiheit.<\/li>\n<li>Stretchkonstruktion an \u00c4rmeln und Schultern f\u00fcr mehr Bewegungsfreiheit und Fahrkomfort.<\/li>\n<li>Innovative Konstruktion ohne Seitenn\u00e4hte und Unterarmn\u00e4hte f\u00fcr maximalen Fahrkomfort.<\/li>\n<li>Nahtloser Kragen f\u00fcr einfache Handhabung und erh\u00f6hten Fahrerkomfort sowie nahtlose Manschetten.<\/li>\n<li>Verl\u00e4ngertes Heck f\u00fcr bessere Abdeckung beim Fahren und Kompatibilit\u00e4t mit Alpinestars MX-Hosen.<\/li>\n<\/ul>\n","protected":false},"excerpt":{"rendered":"<p>Alpinestars MX Trikot Techstar Nomur<\/p>\n","protected":false},"featured_media":161645,"comment_status":"open","ping_status":"closed","template":"","meta":{"_acf_changed":false},"brand":[2111],"gender":[2168],"product_brand":[],"product_cat":[2028,2029],"product_tag":[],"class_list":{"0":"post-161799","1":"product","2":"type-product","3":"status-publish","4":"has-post-thumbnail","6":"brand-alpinestars-de","7":"gender-moski-de","8":"product_cat-motocross-ausrustung","9":"product_cat-mx-dresi-de","10":"pa_size-2xl-de","11":"pa_size-l-de","12":"pa_size-m-de","13":"pa_size-s-de","14":"pa_size-xl-de","16":"first","17":"instock","18":"sale","19":"taxable","20":"shipping-taxable","21":"purchasable","22":"product-type-variable"},"acf":[],"_links":{"self":[{"href":"https:\/\/moto-oprema.com\/de\/wp-json\/wp\/v2\/product\/161799","targetHints":{"allow":["GET"]}}],"collection":[{"href":"https:\/\/moto-oprema.com\/de\/wp-json\/wp\/v2\/product"}],"about":[{"href":"https:\/\/moto-oprema.com\/de\/wp-json\/wp\/v2\/types\/product"}],"replies":[{"embeddable":true,"href":"https:\/\/moto-oprema.com\/de\/wp-json\/wp\/v2\/comments?post=161799"}],"wp:featuredmedia":[{"embeddable":true,"href":"https:\/\/moto-oprema.com\/de\/wp-json\/wp\/v2\/media\/161645"}],"wp:attachment":[{"href":"https:\/\/moto-oprema.com\/de\/wp-json\/wp\/v2\/media?parent=161799"}],"wp:term":[{"taxonomy":"brand","embeddable":true,"href":"https:\/\/moto-oprema.com\/de\/wp-json\/wp\/v2\/brand?post=161799"},{"taxonomy":"gender","embeddable":true,"href":"https:\/\/moto-oprema.com\/de\/wp-json\/wp\/v2\/gender?post=161799"},{"taxonomy":"product_brand","embeddable":true,"href":"https:\/\/moto-oprema.com\/de\/wp-json\/wp\/v2\/product_brand?post=161799"},{"taxonomy":"product_cat","embeddable":true,"href":"https:\/\/moto-oprema.com\/de\/wp-json\/wp\/v2\/product_cat?post=161799"},{"taxonomy":"product_tag","embeddable":true,"href":"https:\/\/moto-oprema.com\/de\/wp-json\/wp\/v2\/product_tag?post=161799"}],"curies":[{"name":"wp","href":"https:\/\/api.w.org\/{rel}","templated":true}]}}