{"id":161464,"date":"2025-09-02T07:41:24","date_gmt":"2025-09-02T07:41:24","guid":{"rendered":"https:\/\/moto-oprema.com\/?post_type=product&#038;p=161464"},"modified":"2025-09-02T07:48:46","modified_gmt":"2025-09-02T07:48:46","slug":"alpinestars-mx-stella-hose-fluid-apex-tropical-schwarz-26-kopija","status":"publish","type":"product","link":"https:\/\/moto-oprema.com\/de\/Artikel\/alpinestars-mx-stella-hose-fluid-apex-tropical-schwarz-26-kopija\/","title":{"rendered":"ALPINESTARS MX STELLA HOSE FLUID APEX TROPICAL SCHWARZ 26"},"content":{"rendered":"<p>Die Fluid-Linie bietet MX-Freizeitfahrern eine MX-Ausr\u00fcstung mit optimierter MX-Technologie. Sie nutzt die wichtigsten Designmerkmale der Supertech-, Techstar- und Racer-Linien f\u00fcr ein komplettes Erscheinungsbild, das f\u00fcr Fahrkomfort und Funktionalit\u00e4t optimiert ist. Die Fluid-Sportausr\u00fcstung wurde auf einigen der h\u00e4rtesten Terrains der Welt entwickelt und getestet. Sie ist ideal f\u00fcr viele Arten von Offroad-Fahrten und bietet die entspannteste Passform aller MX26-Ausr\u00fcstungslinien. <\/p>\n<p>&nbsp;<\/p>\n<p>Mehr lesen<\/p>\n<ul>\n<li>Wesentliche Merkmale<\/li>\n<li>Verbesserte Leistung und Komfort: Die Stella Fluid Apex Pants bietet dank des leichten Polyestergewebes, der elastischen Cordura-Eins\u00e4tze und des vorgeformten Schnitts der Socken optimale Leistung, Komfort und Bewegungsfreiheit w\u00e4hrend der Fahrt.<\/li>\n<li>Ergonomischer Schnitt f\u00fcr mehr Fahrerkomfort: Ergonomischer Schnitt und 3D-Konstruktion f\u00fcr \u00fcberragenden Fahrerkomfort und Mobilit\u00e4t.<\/li>\n<li>Verst\u00e4rkungen an wichtigen Stellen, einschlie\u00dflich des R\u00fcckens, der oberen Knie und der R\u00fcckseite der Beine.<\/li>\n<\/ul>\n<p>Beschreibung:<\/p>\n<p>&nbsp;<\/p>\n<p>Ergonomischer Schnitt und 3D-Muster-Konstruktion f\u00fcr verbesserten Fahrerkomfort, unvergleichliche Bewegungsfreiheit und \u00fcberragende Mobilit\u00e4t.<\/p>\n<p>&nbsp;<\/p>\n<ul>\n<li>Erweiterte Stretch-Cordura-Eins\u00e4tze im Schritt, an den Knien, am Ges\u00e4\u00df und an der Innenseite der Beine f\u00fcr \u00fcberragende Bewegungsfreiheit, optimale Passform und verbesserten Fahrerkomfort.<\/li>\n<li>Die Fluid Apex Hose besteht aus 600D-Polyester mit einem neuen verst\u00e4rkten 600D-Polyestergewebe am Ges\u00e4\u00df und an den Knien f\u00fcr noch mehr Haltbarkeit.<\/li>\n<li>Synthetisches Leder an der Innenseite der Knie, ergonomisch geformt und geschnitten f\u00fcr mehr Haltbarkeit und einen weichen Griff.<\/li>\n<li>Mesh-Futter f\u00fcr mehr Fahrkomfort.<\/li>\n<li>Schnalle f\u00fcr einen sicheren, individuellen Sitz.<\/li>\n<li>Rei\u00dfverschluss f\u00fcr einfachen Gebrauch.<\/li>\n<\/ul>\n","protected":false},"excerpt":{"rendered":"<p>Alpinestars Stella (Damen) Fluid Apex MX-Hose<\/p>\n","protected":false},"featured_media":161415,"comment_status":"open","ping_status":"closed","template":"","meta":{"_acf_changed":false},"brand":[2111],"gender":[2170],"product_brand":[],"product_cat":[2028,2069],"product_tag":[],"class_list":{"0":"post-161464","1":"product","2":"type-product","3":"status-publish","4":"has-post-thumbnail","6":"brand-alpinestars-de","7":"gender-zenska-de","8":"product_cat-motocross-ausrustung","9":"product_cat-mx-hose","10":"pa_size-26-de","11":"pa_size-28-de","12":"pa_size-30-de","13":"pa_size-32-de","14":"pa_size-34-de","16":"first","17":"outofstock","18":"sale","19":"taxable","20":"shipping-taxable","21":"purchasable","22":"product-type-variable"},"acf":[],"_links":{"self":[{"href":"https:\/\/moto-oprema.com\/de\/wp-json\/wp\/v2\/product\/161464","targetHints":{"allow":["GET"]}}],"collection":[{"href":"https:\/\/moto-oprema.com\/de\/wp-json\/wp\/v2\/product"}],"about":[{"href":"https:\/\/moto-oprema.com\/de\/wp-json\/wp\/v2\/types\/product"}],"replies":[{"embeddable":true,"href":"https:\/\/moto-oprema.com\/de\/wp-json\/wp\/v2\/comments?post=161464"}],"wp:featuredmedia":[{"embeddable":true,"href":"https:\/\/moto-oprema.com\/de\/wp-json\/wp\/v2\/media\/161415"}],"wp:attachment":[{"href":"https:\/\/moto-oprema.com\/de\/wp-json\/wp\/v2\/media?parent=161464"}],"wp:term":[{"taxonomy":"brand","embeddable":true,"href":"https:\/\/moto-oprema.com\/de\/wp-json\/wp\/v2\/brand?post=161464"},{"taxonomy":"gender","embeddable":true,"href":"https:\/\/moto-oprema.com\/de\/wp-json\/wp\/v2\/gender?post=161464"},{"taxonomy":"product_brand","embeddable":true,"href":"https:\/\/moto-oprema.com\/de\/wp-json\/wp\/v2\/product_brand?post=161464"},{"taxonomy":"product_cat","embeddable":true,"href":"https:\/\/moto-oprema.com\/de\/wp-json\/wp\/v2\/product_cat?post=161464"},{"taxonomy":"product_tag","embeddable":true,"href":"https:\/\/moto-oprema.com\/de\/wp-json\/wp\/v2\/product_tag?post=161464"}],"curies":[{"name":"wp","href":"https:\/\/api.w.org\/{rel}","templated":true}]}}