{"id":161265,"date":"2025-09-02T07:19:15","date_gmt":"2025-09-02T07:19:15","guid":{"rendered":"https:\/\/moto-oprema.com\/?post_type=product&#038;p=161265"},"modified":"2025-09-02T07:22:57","modified_gmt":"2025-09-02T07:22:57","slug":"alpinestars-mx-stella-jersey-fluid-apex-tropical-schwarz-26-kopija","status":"publish","type":"product","link":"https:\/\/moto-oprema.com\/de\/Artikel\/alpinestars-mx-stella-jersey-fluid-apex-tropical-schwarz-26-kopija\/","title":{"rendered":"ALPINESTARS MX STELLA JERSEY FLUID APEX VIOLETT WEISS 26"},"content":{"rendered":"<p>Die Fluid-Linie bietet MX-Freizeitfahrern eine MX-Ausr\u00fcstung mit optimierter MX-Technologie. Sie nutzt die wichtigsten Designmerkmale der Supertech-, Techstar- und Racer-Linien f\u00fcr ein komplettes Erscheinungsbild, das f\u00fcr Fahrkomfort und Funktionalit\u00e4t optimiert ist. Die Fluid-Sportausr\u00fcstung wurde auf einigen der h\u00e4rtesten Terrains der Welt entwickelt und getestet. Sie ist ideal f\u00fcr viele Arten von Offroad-Fahrten und bietet die entspannteste Passform aller MX26-Ausr\u00fcstungslinien. <\/p>\n<p>AUSSTATTUNG:<\/p>\n<ul>\n<li>Damenschnitt, speziell an die weibliche Figur angepasst f\u00fcr optimalen Fahrkomfort.<\/li>\n<li>Entspannter, sportlicher Schnitt mit ergonomischem Schnitt und Muster f\u00fcr mehr Bewegungsfreiheit und hervorragende Mobilit\u00e4t.<\/li>\n<li>Das Stella Fluid Apex Trikot ist in einer Reihe von kr\u00e4ftigen und aggressiven Farbkombinationen erh\u00e4ltlich und wurde passend zur Stella Fluid Apex Hose entworfen, um ein komplettes Aussehen und ein Gef\u00fchl von Leistung zu vermitteln.<\/li>\n<\/ul>\n<p>&nbsp;<\/p>\n","protected":false},"excerpt":{"rendered":"<p>Alpinestars MX Stella (Damen) Fluid APEX Trikot<\/p>\n","protected":false},"featured_media":161224,"comment_status":"open","ping_status":"closed","template":"","meta":{"_acf_changed":false},"brand":[2111],"gender":[2170],"product_brand":[],"product_cat":[2028,2029],"product_tag":[],"class_list":{"0":"post-161265","1":"product","2":"type-product","3":"status-publish","4":"has-post-thumbnail","6":"brand-alpinestars-de","7":"gender-zenska-de","8":"product_cat-motocross-ausrustung","9":"product_cat-mx-dresi-de","10":"pa_size-2xl-de","11":"pa_size-l-de","12":"pa_size-m-de","13":"pa_size-s-de","14":"pa_size-xl-de","15":"pa_size-xs-de","17":"first","18":"instock","19":"sale","20":"taxable","21":"shipping-taxable","22":"purchasable","23":"product-type-variable"},"acf":[],"_links":{"self":[{"href":"https:\/\/moto-oprema.com\/de\/wp-json\/wp\/v2\/product\/161265","targetHints":{"allow":["GET"]}}],"collection":[{"href":"https:\/\/moto-oprema.com\/de\/wp-json\/wp\/v2\/product"}],"about":[{"href":"https:\/\/moto-oprema.com\/de\/wp-json\/wp\/v2\/types\/product"}],"replies":[{"embeddable":true,"href":"https:\/\/moto-oprema.com\/de\/wp-json\/wp\/v2\/comments?post=161265"}],"wp:featuredmedia":[{"embeddable":true,"href":"https:\/\/moto-oprema.com\/de\/wp-json\/wp\/v2\/media\/161224"}],"wp:attachment":[{"href":"https:\/\/moto-oprema.com\/de\/wp-json\/wp\/v2\/media?parent=161265"}],"wp:term":[{"taxonomy":"brand","embeddable":true,"href":"https:\/\/moto-oprema.com\/de\/wp-json\/wp\/v2\/brand?post=161265"},{"taxonomy":"gender","embeddable":true,"href":"https:\/\/moto-oprema.com\/de\/wp-json\/wp\/v2\/gender?post=161265"},{"taxonomy":"product_brand","embeddable":true,"href":"https:\/\/moto-oprema.com\/de\/wp-json\/wp\/v2\/product_brand?post=161265"},{"taxonomy":"product_cat","embeddable":true,"href":"https:\/\/moto-oprema.com\/de\/wp-json\/wp\/v2\/product_cat?post=161265"},{"taxonomy":"product_tag","embeddable":true,"href":"https:\/\/moto-oprema.com\/de\/wp-json\/wp\/v2\/product_tag?post=161265"}],"curies":[{"name":"wp","href":"https:\/\/api.w.org\/{rel}","templated":true}]}}