{"id":159590,"date":"2025-08-29T09:55:51","date_gmt":"2025-08-29T09:55:51","guid":{"rendered":"https:\/\/moto-oprema.com\/?post_type=product&#038;p=159590"},"modified":"2025-08-29T10:04:22","modified_gmt":"2025-08-29T10:04:22","slug":"alpinestars-mx-trikot-fluid-grid-orange-ucla-blau-26-kopija","status":"publish","type":"product","link":"https:\/\/moto-oprema.com\/de\/Artikel\/alpinestars-mx-trikot-fluid-grid-orange-ucla-blau-26-kopija\/","title":{"rendered":"ALPINESTARS MX TRIKOT FLUID APEX ROT WEISS 26"},"content":{"rendered":"<p>Die Fluid-Linie bietet MX-Freizeitfahrern eine Ausr\u00fcstung mit optimierter MX-Technologie, die die wichtigsten Designmerkmale der Supertech-, Techstar- und Racer-Linien f\u00fcr eine umfassende, auf Fahrkomfort und Funktionalit\u00e4t optimierte Leistung nutzt. Entwickelt und getestet auf den h\u00e4rtesten Terrains der Welt, ist die sportliche Passform von Fluid ideal f\u00fcr viele Arten von Offroad-Fahrten und bietet die entspannteste Passform aller MX26-Ausr\u00fcstungslinien. <\/p>\n<p>Die Fluid-Linie bietet Freizeit-MX-Fahrern eine Ausr\u00fcstung mit optimaler MX-Technologie, die die wichtigsten Konstruktionsmerkmale der Supertech-, Techstar- und Racer-Linien f\u00fcr eine Gesamtleistung nutzt, die f\u00fcr Komfort und Fahrfunktionalit\u00e4t optimiert ist. Entwickelt und getestet auf einigen der h\u00e4rtesten Terrains rund um den Globus, ist die sportliche Fluid-Ausr\u00fcstung ideal f\u00fcr viele Formen des Off-Road-Fahrens und bietet die entspannteste Passform aller MX26-Ausr\u00fcstungslinien. <\/p>\n<p>Die Fluid-Linie bietet MX-Freizeitfahrern eine Ausr\u00fcstung mit optimaler MX-Technologie, die die wichtigsten Konstruktionsmerkmale der Supertech-, Techstar- und Racer-Linien f\u00fcr einen leistungsstarken Look und ein angenehmes Fahrgef\u00fchl nutzt, das f\u00fcr Komfort und Funktionalit\u00e4t optimiert ist. Entwickelt und getestet auf einigen der h\u00e4rtesten Terrains rund um den Globus, ist die sportliche Fluid-Linie ideal f\u00fcr viele Formen des Offroad-Fahrens und bietet die entspannteste Passform aller MX26-Linien.<\/p>\n","protected":false},"excerpt":{"rendered":"<p>Alpinestars MX Trikot Fluid APEX<\/p>\n","protected":false},"featured_media":159711,"comment_status":"open","ping_status":"closed","template":"","meta":{"_acf_changed":false},"brand":[2111],"gender":[2168],"product_brand":[],"product_cat":[2028,2029],"product_tag":[],"class_list":{"0":"post-159590","1":"product","2":"type-product","3":"status-publish","4":"has-post-thumbnail","6":"brand-alpinestars-de","7":"gender-moski-de","8":"product_cat-motocross-ausrustung","9":"product_cat-mx-dresi-de","10":"pa_size-2xl-de","11":"pa_size-l-de","12":"pa_size-m-de","13":"pa_size-s-de","14":"pa_size-xl-de","16":"first","17":"instock","18":"sale","19":"taxable","20":"shipping-taxable","21":"purchasable","22":"product-type-variable"},"acf":[],"_links":{"self":[{"href":"https:\/\/moto-oprema.com\/de\/wp-json\/wp\/v2\/product\/159590","targetHints":{"allow":["GET"]}}],"collection":[{"href":"https:\/\/moto-oprema.com\/de\/wp-json\/wp\/v2\/product"}],"about":[{"href":"https:\/\/moto-oprema.com\/de\/wp-json\/wp\/v2\/types\/product"}],"replies":[{"embeddable":true,"href":"https:\/\/moto-oprema.com\/de\/wp-json\/wp\/v2\/comments?post=159590"}],"wp:featuredmedia":[{"embeddable":true,"href":"https:\/\/moto-oprema.com\/de\/wp-json\/wp\/v2\/media\/159711"}],"wp:attachment":[{"href":"https:\/\/moto-oprema.com\/de\/wp-json\/wp\/v2\/media?parent=159590"}],"wp:term":[{"taxonomy":"brand","embeddable":true,"href":"https:\/\/moto-oprema.com\/de\/wp-json\/wp\/v2\/brand?post=159590"},{"taxonomy":"gender","embeddable":true,"href":"https:\/\/moto-oprema.com\/de\/wp-json\/wp\/v2\/gender?post=159590"},{"taxonomy":"product_brand","embeddable":true,"href":"https:\/\/moto-oprema.com\/de\/wp-json\/wp\/v2\/product_brand?post=159590"},{"taxonomy":"product_cat","embeddable":true,"href":"https:\/\/moto-oprema.com\/de\/wp-json\/wp\/v2\/product_cat?post=159590"},{"taxonomy":"product_tag","embeddable":true,"href":"https:\/\/moto-oprema.com\/de\/wp-json\/wp\/v2\/product_tag?post=159590"}],"curies":[{"name":"wp","href":"https:\/\/api.w.org\/{rel}","templated":true}]}}