{"id":158558,"date":"2025-08-27T09:42:34","date_gmt":"2025-08-27T09:42:34","guid":{"rendered":"https:\/\/moto-oprema.com\/?post_type=product&#038;p=158558"},"modified":"2025-08-27T09:57:24","modified_gmt":"2025-08-27T09:57:24","slug":"alpinestars-mtb-a-motion-plasma-sicherheitsweste-kopija","status":"publish","type":"product","link":"https:\/\/moto-oprema.com\/de\/Artikel\/alpinestars-mtb-a-motion-plasma-sicherheitsweste-kopija\/","title":{"rendered":"ALPINESTARS MTB A-MOTION PLASMA LANGARM SCHUTZWESTE"},"content":{"rendered":"<p>Die A-Impact Plasma Protection Jacket LS wurde auf der Grundlage des Feedbacks von Spitzensportlern entworfen und entwickelt, um maximalen Aufprallschutz zu bieten und gleichzeitig ein hohes Ma\u00df an Bewegungsfreiheit zu erm\u00f6glichen.<\/p>\n<p>Wesentliche Merkmale<\/p>\n<ul>\n<li>Fortschrittlicher Aufprallschutz: Die Nucleon Plasma Protektoren verwenden ein USDA-zertifiziertes, biobasiertes viskoelastisches Material, das Aufprallkr\u00e4fte absorbiert und ableitet und gleichzeitig<\/li>\n<li>und bewahrt die Flexibilit\u00e4t.<\/li>\n<li>Optimierte Bewegungsfreiheit: Entwickelt, um Schutz und Mobilit\u00e4t in Einklang zu bringen, erm\u00f6glicht er uneingeschr\u00e4nkte Bewegungsfreiheit w\u00e4hrend der Fahrt.<\/li>\n<li>Verbesserte Atmungsaktivit\u00e4t: Weiches, dehnbares Mesh-Gewebe sorgt f\u00fcr maximale Atmungsaktivit\u00e4t, damit sich die Fahrer frisch und wohl f\u00fchlen.<\/li>\n<li>Verbesserte Haltbarkeit: Abriebfeste Au\u00dfentextilien \u00fcber den Taschen der Protektoren erh\u00f6hen die Haltbarkeit und Leistung.<\/li>\n<li>Sicherheits-Seitenrei\u00dfverschluss mit Schloss: Der YKK-Rei\u00dfverschluss mit Schloss verhindert unerw\u00fcnschte Bewegungen, sorgt f\u00fcr einen sicheren Sitz und verbesserte Ergonomie beim Fahren.<\/li>\n<\/ul>\n<p>Schutz<\/p>\n<ul>\n<li>Sie ist mit herausnehmbaren Schulter-, Ellbogen-, R\u00fccken- und Brustprotektoren von Nucleon Plasma ausgestattet, die nach CE Level 2 zertifiziert sind, so dass sich die Jacke schnell und einfach waschen l\u00e4sst.<\/li>\n<li>Er ist mit zwei Seitenpolstern f\u00fcr zus\u00e4tzlichen Schutz des oberen Teils der H\u00fcfte ausgestattet.<\/li>\n<li>Der R\u00fcckenprotektor in voller L\u00e4nge bietet Schutz f\u00fcr den unteren R\u00fccken und die Rippen.<br \/>\nZERTIFIKAT:<br \/>\nSchulter- und Ellbogenschoner: EN 1621-1:2012 LEVEL 2<br \/>\nR\u00fcckenprotektor: EN 1621-2:2014 LEVEL 2<br \/>\nBrustprotektoren: EN 1621-3:2018 LEVEL 2<\/li>\n<\/ul>\n","protected":false},"excerpt":{"rendered":"<p>Die A-Impact Plasma Protection Jacket LS wurde auf der Grundlage des Feedbacks von Spitzensportlern entworfen und&#8230;<\/p>\n","protected":false},"featured_media":158629,"comment_status":"open","ping_status":"closed","template":"","meta":{"_acf_changed":false},"brand":[2111],"gender":[2168],"product_brand":[],"product_cat":[2075,2077,2076],"product_tag":[],"class_list":{"0":"post-158558","1":"product","2":"type-product","3":"status-publish","4":"has-post-thumbnail","6":"brand-alpinestars-de","7":"gender-moski-de","8":"product_cat-mtb-radfahren-ausrustung","9":"product_cat-mtb-korperprotektoren","10":"product_cat-mtb-schilder","11":"pa_size-l-de","12":"pa_size-m-de","13":"pa_size-s-de","14":"pa_size-xl-de","15":"pa_size-xxl-de","17":"first","18":"instock","19":"sale","20":"taxable","21":"shipping-taxable","22":"purchasable","23":"product-type-variable"},"acf":[],"_links":{"self":[{"href":"https:\/\/moto-oprema.com\/de\/wp-json\/wp\/v2\/product\/158558","targetHints":{"allow":["GET"]}}],"collection":[{"href":"https:\/\/moto-oprema.com\/de\/wp-json\/wp\/v2\/product"}],"about":[{"href":"https:\/\/moto-oprema.com\/de\/wp-json\/wp\/v2\/types\/product"}],"replies":[{"embeddable":true,"href":"https:\/\/moto-oprema.com\/de\/wp-json\/wp\/v2\/comments?post=158558"}],"wp:featuredmedia":[{"embeddable":true,"href":"https:\/\/moto-oprema.com\/de\/wp-json\/wp\/v2\/media\/158629"}],"wp:attachment":[{"href":"https:\/\/moto-oprema.com\/de\/wp-json\/wp\/v2\/media?parent=158558"}],"wp:term":[{"taxonomy":"brand","embeddable":true,"href":"https:\/\/moto-oprema.com\/de\/wp-json\/wp\/v2\/brand?post=158558"},{"taxonomy":"gender","embeddable":true,"href":"https:\/\/moto-oprema.com\/de\/wp-json\/wp\/v2\/gender?post=158558"},{"taxonomy":"product_brand","embeddable":true,"href":"https:\/\/moto-oprema.com\/de\/wp-json\/wp\/v2\/product_brand?post=158558"},{"taxonomy":"product_cat","embeddable":true,"href":"https:\/\/moto-oprema.com\/de\/wp-json\/wp\/v2\/product_cat?post=158558"},{"taxonomy":"product_tag","embeddable":true,"href":"https:\/\/moto-oprema.com\/de\/wp-json\/wp\/v2\/product_tag?post=158558"}],"curies":[{"name":"wp","href":"https:\/\/api.w.org\/{rel}","templated":true}]}}