{"id":158250,"date":"2025-08-26T10:09:05","date_gmt":"2025-08-26T10:09:05","guid":{"rendered":"https:\/\/moto-oprema.com\/?post_type=product&#038;p=158250"},"modified":"2025-08-26T10:16:04","modified_gmt":"2025-08-26T10:16:04","slug":"alpinestars-mx-bionic-plasma-lt-schutzweste-schwarz-weiss-kopija","status":"publish","type":"product","link":"https:\/\/moto-oprema.com\/de\/Artikel\/alpinestars-mx-bionic-plasma-lt-schutzweste-schwarz-weiss-kopija\/","title":{"rendered":"ALPINESTARS MX BIONIC PLASMA LT SCHUTZWESTE KR SCHWARZ WEISS"},"content":{"rendered":"<div class=\"rte\">\n<p>Die kurz\u00e4rmelige Nucleon PLASMA LT Protection Jacket wurde f\u00fcr alle Arten von Fahrten im Gel\u00e4nde entwickelt. Sie wurde f\u00fcr einen effektiven Aufprallschutz optimiert und bietet gleichzeitig ein hohes Ma\u00df an Bewegungsfreiheit.<\/p>\n<p>Wesentliche Merkmale<\/p>\n<p>Au\u00dfergew\u00f6hnlicher Komfort: Die Nucleon PLASMA Protektoren in dieser Jacke sind aus einem hochelastischen Material auf USDA-zertifizierter Biobasis hergestellt. Die f\u00fcr multidirektionale Flexibilit\u00e4t konzipierten Protektoren passen sich dem K\u00f6rper an, leiten die Aufprallenergie effektiv ab und bieten zuverl\u00e4ssigen Schutz.<br \/>\nHoch atmungsaktive, dehnbare Konstruktion: Der Hauptteil des Kleidungsst\u00fccks besteht aus weichem, hoch atmungsaktivem, dehnbarem Netzgewebe f\u00fcr optimale K\u00fchlung.<br \/>\nErweiterter Schutz: zus\u00e4tzliche Polsterung an den oberen \u00c4rmeln f\u00fcr besseren Aufprallschutz und zus\u00e4tzliche Seitenpolster f\u00fcr zus\u00e4tzlichen Schutz an den oberen H\u00fcften.<br \/>\nPraktisches, h\u00f6henverstellbares Gurtsystem: Die Jacke verf\u00fcgt \u00fcber ein abnehmbares, h\u00f6henverstellbares Gurtsystem mit einer Schnalle am unteren R\u00fccken, das eine optimale Positionierung und Komfort des R\u00fcckenprotektors erm\u00f6glicht.<br \/>\n\u00dcberragender Schutz: mit abnehmbaren Schulter-, Ellbogen-, R\u00fccken- und Brustprotektoren Nucleon PLASMA CE-zertifiziert Level 1, die ein schnelles und einfaches Waschen der Jacke erm\u00f6glichen.<\/p>\n<\/div>\n","protected":false},"excerpt":{"rendered":"<p>Die kurz\u00e4rmelige Nucleon PLASMA LT Protection Jacket wurde f\u00fcr alle Arten von Fahrten im Gel\u00e4nde entwickelt&#8230;.<\/p>\n","protected":false},"featured_media":158279,"comment_status":"open","ping_status":"closed","template":"","meta":{"_acf_changed":false},"brand":[2111],"gender":[2173],"product_brand":[],"product_cat":[2028,2075,2077,2076,2222,2079],"product_tag":[],"class_list":{"0":"post-158250","1":"product","2":"type-product","3":"status-publish","4":"has-post-thumbnail","6":"brand-alpinestars-de","7":"gender-unisex-de","8":"product_cat-motocross-ausrustung","9":"product_cat-mtb-radfahren-ausrustung","10":"product_cat-mtb-korperprotektoren","11":"product_cat-mtb-schilder","12":"product_cat-mx-korperprotektoren","13":"product_cat-mx-schilder","14":"pa_size-l-de","15":"pa_size-m-de","16":"pa_size-s-de","17":"pa_size-xl-de","18":"pa_size-xxl-de","20":"first","21":"instock","22":"sale","23":"taxable","24":"shipping-taxable","25":"purchasable","26":"product-type-variable"},"acf":[],"_links":{"self":[{"href":"https:\/\/moto-oprema.com\/de\/wp-json\/wp\/v2\/product\/158250","targetHints":{"allow":["GET"]}}],"collection":[{"href":"https:\/\/moto-oprema.com\/de\/wp-json\/wp\/v2\/product"}],"about":[{"href":"https:\/\/moto-oprema.com\/de\/wp-json\/wp\/v2\/types\/product"}],"replies":[{"embeddable":true,"href":"https:\/\/moto-oprema.com\/de\/wp-json\/wp\/v2\/comments?post=158250"}],"wp:featuredmedia":[{"embeddable":true,"href":"https:\/\/moto-oprema.com\/de\/wp-json\/wp\/v2\/media\/158279"}],"wp:attachment":[{"href":"https:\/\/moto-oprema.com\/de\/wp-json\/wp\/v2\/media?parent=158250"}],"wp:term":[{"taxonomy":"brand","embeddable":true,"href":"https:\/\/moto-oprema.com\/de\/wp-json\/wp\/v2\/brand?post=158250"},{"taxonomy":"gender","embeddable":true,"href":"https:\/\/moto-oprema.com\/de\/wp-json\/wp\/v2\/gender?post=158250"},{"taxonomy":"product_brand","embeddable":true,"href":"https:\/\/moto-oprema.com\/de\/wp-json\/wp\/v2\/product_brand?post=158250"},{"taxonomy":"product_cat","embeddable":true,"href":"https:\/\/moto-oprema.com\/de\/wp-json\/wp\/v2\/product_cat?post=158250"},{"taxonomy":"product_tag","embeddable":true,"href":"https:\/\/moto-oprema.com\/de\/wp-json\/wp\/v2\/product_tag?post=158250"}],"curies":[{"name":"wp","href":"https:\/\/api.w.org\/{rel}","templated":true}]}}