{"id":158067,"date":"2025-08-26T09:28:43","date_gmt":"2025-08-26T09:28:43","guid":{"rendered":"https:\/\/moto-oprema.com\/?post_type=product&#038;p=158067"},"modified":"2025-08-26T09:31:44","modified_gmt":"2025-08-26T09:31:44","slug":"alpinestars-frauen-stella-plasma-brustschutz-schwarz-weiss-kopija","status":"publish","type":"product","link":"https:\/\/moto-oprema.com\/de\/Artikel\/alpinestars-frauen-stella-plasma-brustschutz-schwarz-weiss-kopija\/","title":{"rendered":"ALPINESTARS FRAUEN STELLA PLASMA BRUSTSCHUTZ SCHWARZ WEISS (Kopija)"},"content":{"rendered":"<p>Der Stella PLASMA Brustprotektor wurde speziell f\u00fcr weibliche Off-Road-Radfahrerinnen entwickelt. Er verf\u00fcgt \u00fcber anatomisch geformte Nucleon PLASMA Protektoren, die in eine st\u00fctzende Softshell integriert sind, die hervorragenden Schutz, Komfort, Leichtigkeit und Atmungsaktivit\u00e4t bietet. <\/p>\n<p>Eigenschaften<\/p>\n<p>\u00c4u\u00dferst komfortabel: Die Nucleon PLASMA Brust- und R\u00fcckenprotektoren sind aus USDA-zertifiziertem bio-viscoelastischem Material gefertigt. Die f\u00fcr multidirektionale Flexibilit\u00e4t konzipierten Protektoren passen sich dem K\u00f6rper an, leiten die Aufprallenergie effektiv ab und bieten zuverl\u00e4ssigen Schutz.<br \/>\nErgonomisches und atmungsaktives Design: Das Hauptgestell ist in einer ergonomischen Sport-BH-Form gestaltet und besteht aus weichem, hoch atmungsaktivem Stretch-Mesh-Gewebe f\u00fcr optimalen Halt und K\u00fchlung.<br \/>\nPraktischer, ergonomischer Seitenrei\u00dfverschluss: Der Seitenrei\u00dfverschluss ist praktisch und komfortabel gestaltet.<br \/>\nErweiterte Abdeckung: mit PLASMA-Bauchpolsterung f\u00fcr zus\u00e4tzlichen Schutz.<br \/>\nEinstellbare, individuelle Passform: Das perforierte V-Belt-System sorgt f\u00fcr einen flexiblen und sicheren Sitz.<br \/>\nLeichter Schutz: Ausgestattet mit herausnehmbaren, CE Level 1 zertifizierten Nucleon PLASMA R\u00fccken- und Brustprotektoren f\u00fcr schnelles und einfaches Waschen des Kleidungsst\u00fccks.<\/p>\n<p>Bauwesen<\/p>\n<p>Anatomisch geformt f\u00fcr eine optimale Passform f\u00fcr die weibliche Figur.<br \/>\nUSDA-zertifiziertes, biologisch abbaubares, umweltfreundliches und nachhaltiges sto\u00dfabsorbierendes Material.<br \/>\nHergestellt aus weichem, atmungsaktivem Stretch-Mesh, das optimalen Halt und Atmungsaktivit\u00e4t w\u00e4hrend intensiver Fahrten bietet, mit abriebfestem Au\u00dfenstoff \u00fcber den Protektorentaschen f\u00fcr \u00fcberragende Haltbarkeit.<br \/>\nVerstellbare Seitenriemen, um den Brustprotektor an seinem Platz zu sichern und unerw\u00fcnschte Bewegungen zu verhindern.<\/p>\n<p>Schutz<\/p>\n<p>Nach europ\u00e4ischem Recht ist die CE-Kennzeichnung eine Voraussetzung f\u00fcr die Vermarktung dieses Produkts. Es gelten die folgenden Normen:<br \/>\nR\u00fcckenprotektor: EN 1621-2:2014 LEVEL 1<br \/>\nBrustprotektor: EN 1621-3:2018 LEVEL 1<\/p>\n","protected":false},"excerpt":{"rendered":"<p>Der Stella PLASMA Brustprotektor wurde speziell f\u00fcr weibliche Off-Road-Radfahrerinnen entwickelt. Er verf\u00fcgt \u00fcber anatomisch geformte Nucleon&#8230;<\/p>\n","protected":false},"featured_media":158081,"comment_status":"open","ping_status":"closed","template":"","meta":{"_acf_changed":false},"brand":[2111],"gender":[2170],"product_brand":[],"product_cat":[2028,2075,2077,2076,2222,2079],"product_tag":[],"class_list":{"0":"post-158067","1":"product","2":"type-product","3":"status-publish","4":"has-post-thumbnail","6":"brand-alpinestars-de","7":"gender-zenska-de","8":"product_cat-motocross-ausrustung","9":"product_cat-mtb-radfahren-ausrustung","10":"product_cat-mtb-korperprotektoren","11":"product_cat-mtb-schilder","12":"product_cat-mx-korperprotektoren","13":"product_cat-mx-schilder","14":"pa_size-l-de","15":"pa_size-m-de","16":"pa_size-s-de","18":"first","19":"instock","20":"taxable","21":"shipping-taxable","22":"purchasable","23":"product-type-variable"},"acf":[],"_links":{"self":[{"href":"https:\/\/moto-oprema.com\/de\/wp-json\/wp\/v2\/product\/158067","targetHints":{"allow":["GET"]}}],"collection":[{"href":"https:\/\/moto-oprema.com\/de\/wp-json\/wp\/v2\/product"}],"about":[{"href":"https:\/\/moto-oprema.com\/de\/wp-json\/wp\/v2\/types\/product"}],"replies":[{"embeddable":true,"href":"https:\/\/moto-oprema.com\/de\/wp-json\/wp\/v2\/comments?post=158067"}],"wp:featuredmedia":[{"embeddable":true,"href":"https:\/\/moto-oprema.com\/de\/wp-json\/wp\/v2\/media\/158081"}],"wp:attachment":[{"href":"https:\/\/moto-oprema.com\/de\/wp-json\/wp\/v2\/media?parent=158067"}],"wp:term":[{"taxonomy":"brand","embeddable":true,"href":"https:\/\/moto-oprema.com\/de\/wp-json\/wp\/v2\/brand?post=158067"},{"taxonomy":"gender","embeddable":true,"href":"https:\/\/moto-oprema.com\/de\/wp-json\/wp\/v2\/gender?post=158067"},{"taxonomy":"product_brand","embeddable":true,"href":"https:\/\/moto-oprema.com\/de\/wp-json\/wp\/v2\/product_brand?post=158067"},{"taxonomy":"product_cat","embeddable":true,"href":"https:\/\/moto-oprema.com\/de\/wp-json\/wp\/v2\/product_cat?post=158067"},{"taxonomy":"product_tag","embeddable":true,"href":"https:\/\/moto-oprema.com\/de\/wp-json\/wp\/v2\/product_tag?post=158067"}],"curies":[{"name":"wp","href":"https:\/\/api.w.org\/{rel}","templated":true}]}}