{"id":157881,"date":"2025-08-26T08:52:24","date_gmt":"2025-08-26T08:52:24","guid":{"rendered":"https:\/\/moto-oprema.com\/?post_type=product&#038;p=157881"},"modified":"2025-08-26T09:00:55","modified_gmt":"2025-08-26T09:00:55","slug":"alpinestars-mx-sm10-era-hemlet-blau-rot-gelb-fluo-glanzend-kopija","status":"publish","type":"product","link":"https:\/\/moto-oprema.com\/de\/Artikel\/alpinestars-mx-sm10-era-hemlet-blau-rot-gelb-fluo-glanzend-kopija\/","title":{"rendered":"ALPINESTARS MX SM10 ERA HEMLET Gold Gelb Rio Rot Gl\u00e4nzend"},"content":{"rendered":"<p>Alpinestars S-M10 Motocross-Helm<\/p>\n<p>Die Alpinestars Supertech Helmfamilie wurde konzipiert, um die fortschrittlichsten, sch\u00fctzendsten und leistungsst\u00e4rksten Helme f\u00fcr Fahrer auf der ganzen Welt zu entwickeln. Mit dem S-M10 hat das Alpinestars Helm-Entwicklungsteam einen Helm entwickelt, der die perfekte Kombination aus hervorragender Bel\u00fcftung und unvergleichlichem Komfort bietet, um einen Helm mit dem geringstm\u00f6glichen Gewicht zu schaffen, ohne in anderen Bereichen Kompromisse einzugehen. Das Design des S-M10 bietet ein glattes, attraktives, aerodynamisches Profil, das frei von jeglichen \u00e4u\u00dferen Profilen und Merkmalen ist, die bei einem Aufprall als Belastungspunkt wirken oder die Gesamtintegrit\u00e4t der Helmkonstruktion beeintr\u00e4chtigen k\u00f6nnten. Die konvexe Oberfl\u00e4che sorgt f\u00fcr weniger Reibung beim Aufprall und erm\u00f6glicht so eine Ablenkung und die effizienteste Energie\u00fcbertragung, um den Kopf des Fahrers vor der direkten Kraft auf Sch\u00e4del, Nacken und Wirbels\u00e4ule zu sch\u00fctzen.   <\/p>\n<p>Merkmale:<\/p>\n<p>Die S-M10 Schalengr\u00f6\u00dfenl\u00f6sung stellt sicher, dass jede Helmgr\u00f6\u00dfe ihre eigene entsprechende Schalengr\u00f6\u00dfe hat, um die anatomisch beste L\u00f6sung f\u00fcr die unterschiedlichen Passformbed\u00fcrfnisse auf der ganzen Welt zu bieten. Mit 4 verschiedenen Helmgr\u00f6\u00dfen S, M, L und XL und 6 Gr\u00f6\u00dfen von XS bis XXL wird sichergestellt, dass der Fahrer die richtige Passform hat, die nicht nur den Komfort verbessert und das Gesamtgewicht reduziert, sondern vor allem die Crash-Performance des Helms verbessert. <\/p>\n<p>Die Helmschalenkonstruktion verwendet modernste Designtechnologie mit einer Multikomposit-Kombination: 3K-Carbon, eine \u00e4u\u00dfere Schicht aus hochdichtem Carbon, die die Festigkeit und die Effizienz der Energieableitung durch die Schale verbessert, eine unidirektionale Schicht aus Carbon-Verbundwerkstoffen, die f\u00fcr eine deutlich h\u00f6here radiale Festigkeit um die Schale herum sorgt und eine Kompression verhindert, aber eine kontrollierte Biegung zul\u00e4sst, um die \u00fcbertragene Aufprallenergie zu reduzieren, und eine Schicht aus Aramidfasern, die einen entscheidenden Schutz gegen Durchdringung bietet. Diese Kombination von Schichten wird durch die Epoxidharzbindung noch effektiver, die f\u00fcr bestm\u00f6gliche Festigkeit und Energiemanagement sorgt. Die begrenzte Biegung der Au\u00dfenschale bedeutet, dass sich die Energie nach vorne ausbreitet und von der 4-mal dichteren EPS-Auskleidung besser absorbiert wird.  <\/p>\n<p>Das einzigartige Schalenherstellungsverfahren, das bei der Konstruktion des S-M10 verwendet wird, f\u00fchrt zu einem extrem effektiven Aufprallschutz. Der S-M10 bietet einen linearen und schr\u00e4gen Aufprallschutz, der die Grenzen der aktuellen Helmnorm \u00fcbertrifft. Bei einem direkten linearen Aufprall, d.h. einem Aufprall im 90-Grad-Winkel zwischen dem Helm und einem Objekt, \u00fcbertrifft der S-M10 die neue ECE 22.06-Norm f\u00fcr 2024 bei normalen Aufprallgeschwindigkeiten um durchschnittlich 46%. Neu in der ECE 22.06-Norm sind die Anforderungen f\u00fcr lineare St\u00f6\u00dfe mit niedriger und hoher Geschwindigkeit. Hier \u00fcbertrifft der S-M10 die neue ECE 22.06-Norm f\u00fcr lineare Spitzenbeschleunigungen um 23% bzw. 28%.    <\/p>\n<p>In Bezug auf die Rotationsbeschleunigung und die Leistung bei schr\u00e4gen Aufpr\u00e4llen, bei denen die Aufprallenergie aus einem anderen Winkel kommt als bei linearen 90-Grad- oder senkrechten geradlinigen Aufpr\u00e4llen, \u00fcbertrifft der S-M10 die neue ECE 22.06-Norm f\u00fcr die maximale Rotationsbeschleunigung um 76%.<\/p>\n<p>Ein neues Profil f\u00fcr den neu gestalteten Helm, bei dem der untere Teil speziell geformt ist, um eine Entlastungszone zu schaffen, die das Schl\u00fcsselbein frei l\u00e4sst, mit einer neuen, weicheren EPS-Auskleidung, die \u00fcber den eigentlichen Helm hinausgeht und mit einer flexibleren Gummimischung \u00fcberzogen ist, die das Risiko von Schl\u00fcsselbeinverletzungen verringert.<\/p>\n<p>Abnehmbare, halbweiche Polymer-Seitenpolster f\u00fcr zus\u00e4tzlichen Schutz bieten eine gr\u00f6\u00dfere Kontaktfl\u00e4che, um die Aufprallenergie zu verteilen.<\/p>\n<p>Das patentierte A-Head Fitment System erm\u00f6glicht eine einfache Einstellung des Winkels und der H\u00f6he, in der der Helm auf dem Kopf sitzt.<\/p>\n<p>Ultrabel\u00fcfteter Helm mit 28 individuellen Luftein- und -ausl\u00e4ssen, au\u00dfer im Sichtfeld mit 18 Lufteinl\u00e4ssen und 10 Luftausl\u00e4ssen.<\/p>\n<p>&nbsp;<\/p>\n","protected":false},"excerpt":{"rendered":"<p>Farbe: Gold Gelb Rio Rot Gl\u00e4nzend<\/p>\n","protected":false},"featured_media":157932,"comment_status":"open","ping_status":"closed","template":"","meta":{"_acf_changed":false},"brand":[2111],"gender":[2173],"product_brand":[],"product_cat":[2028,2063],"product_tag":[],"class_list":{"0":"post-157881","1":"product","2":"type-product","3":"status-publish","4":"has-post-thumbnail","6":"brand-alpinestars-de","7":"gender-unisex-de","8":"product_cat-motocross-ausrustung","9":"product_cat-mx-helme","10":"pa_size-l-de","11":"pa_size-m-de","12":"pa_size-s-de","13":"pa_size-xl-de","14":"pa_size-xs-de","15":"pa_size-xxl-de","17":"first","18":"instock","19":"sale","20":"taxable","21":"shipping-taxable","22":"purchasable","23":"product-type-variable"},"acf":[],"_links":{"self":[{"href":"https:\/\/moto-oprema.com\/de\/wp-json\/wp\/v2\/product\/157881","targetHints":{"allow":["GET"]}}],"collection":[{"href":"https:\/\/moto-oprema.com\/de\/wp-json\/wp\/v2\/product"}],"about":[{"href":"https:\/\/moto-oprema.com\/de\/wp-json\/wp\/v2\/types\/product"}],"replies":[{"embeddable":true,"href":"https:\/\/moto-oprema.com\/de\/wp-json\/wp\/v2\/comments?post=157881"}],"wp:featuredmedia":[{"embeddable":true,"href":"https:\/\/moto-oprema.com\/de\/wp-json\/wp\/v2\/media\/157932"}],"wp:attachment":[{"href":"https:\/\/moto-oprema.com\/de\/wp-json\/wp\/v2\/media?parent=157881"}],"wp:term":[{"taxonomy":"brand","embeddable":true,"href":"https:\/\/moto-oprema.com\/de\/wp-json\/wp\/v2\/brand?post=157881"},{"taxonomy":"gender","embeddable":true,"href":"https:\/\/moto-oprema.com\/de\/wp-json\/wp\/v2\/gender?post=157881"},{"taxonomy":"product_brand","embeddable":true,"href":"https:\/\/moto-oprema.com\/de\/wp-json\/wp\/v2\/product_brand?post=157881"},{"taxonomy":"product_cat","embeddable":true,"href":"https:\/\/moto-oprema.com\/de\/wp-json\/wp\/v2\/product_cat?post=157881"},{"taxonomy":"product_tag","embeddable":true,"href":"https:\/\/moto-oprema.com\/de\/wp-json\/wp\/v2\/product_tag?post=157881"}],"curies":[{"name":"wp","href":"https:\/\/api.w.org\/{rel}","templated":true}]}}