{"id":157545,"date":"2025-08-25T10:35:07","date_gmt":"2025-08-25T10:35:07","guid":{"rendered":"https:\/\/moto-oprema.com\/?post_type=product&#038;p=157545"},"modified":"2025-08-25T10:39:32","modified_gmt":"2025-08-25T10:39:32","slug":"alpinestars-mx-sm7-solid-hemlet-weis-glanzend-kopija","status":"publish","type":"product","link":"https:\/\/moto-oprema.com\/de\/Artikel\/alpinestars-mx-sm7-solid-hemlet-weis-glanzend-kopija\/","title":{"rendered":"ALPINESTARS MX SM7 SOLID HEMLET Schwarz Gl\u00e4nzend"},"content":{"rendered":"<p>Alpinestars S-M7 Motocross-Helm<\/p>\n<p>Der SM7 wurde f\u00fcr den professionellen MX-Einsatz entwickelt und bietet eine ausgewogene Kombination aus geringem Gewicht, guter Bel\u00fcftung und maximalem Aufprallschutz. Mit Technologien wie dem A-Head-Fit-System, PLASMA-Aufprallschutz und einem innovativen Visiermechanismus ist der Helm auf Leistung, Komfort und Sicherheit ausgelegt. <\/p>\n<p>Merkmale:<\/p>\n<ul>\n<li>Aerodynamische Schale aus Verbundwerkstoff mit glatter Oberfl\u00e4che und ohne \u00e4u\u00dfere Kan\u00e4le zur Verringerung der Reibung und zur gezielten Energieableitung beim Aufprall<\/li>\n<li>Optimierte Helmschalenkr\u00fcmmung zur Ableitung der Aufprallkr\u00e4fte und zum Schutz von Nacken und Wirbels\u00e4ule<\/li>\n<li>Ein patentiertes System zum Entfernen des Visiers, das das Visier bei Aufprallenergien von mehr als 15 Joule automatisch abklappt, unabh\u00e4ngig von der Richtung der Krafteinwirkung.<\/li>\n<li>20 strategisch platzierte L\u00fcftungs\u00f6ffnungen (13 Einlass-, 7 Auslass\u00f6ffnungen) f\u00fcr einen konstanten Luftstrom und zuverl\u00e4ssige K\u00fchlung.<\/li>\n<li>PLASMA-Technologie in den Seitenpolstern f\u00fcr effektive Sto\u00dfd\u00e4mpfung im Schl\u00fcsselbeinbereich<\/li>\n<li>Herausnehmbares, von Hand waschbares Innenfutter mit antimikrobiellem Schutz f\u00fcr bessere Hygiene<\/li>\n<li>Elastisches Kopfpolster, das mit dem Nackenpolster verbunden ist, f\u00fcr eine bessere Sto\u00dfverteilung bei schr\u00e4gen St\u00f6\u00dfen<\/li>\n<li>Das obere Polster ist \u00fcber das A-Head-System in der H\u00f6he verstellbar und bietet so eine individuelle Passform<\/li>\n<li>3D-f\u00f6rmige Wangenpolster mit Emergency Release System (ERS), integriertem Trinkschlauchkanal und in verschiedenen Dicken erh\u00e4ltlich<\/li>\n<li>25 mm breiter Nylon-Kinnriemen mit DD-Ringen aus rostfreiem Stahl und abnehmbaren Bez\u00fcgen zur einfachen Reinigung<\/li>\n<li>Auswechselbare Pads in verschiedenen St\u00e4rken f\u00fcr individuelle Anpassungen<\/li>\n<li>Drei Schalengr\u00f6\u00dfen (M, L, XL) decken sechs Helmgr\u00f6\u00dfen (XS-XXL) ab und bieten optimale Passform, geringes Gewicht und hohen Schutz<\/li>\n<li>Integrierte Seitenkan\u00e4le f\u00fcr Trinksysteme<\/li>\n<li>Kompatibel mit Kommunikationssystemen durch EPS-Ausschnitt auf der linken Seite und Lautsprecher\u00f6ffnungen auf beiden Seiten<\/li>\n<\/ul>\n<p>Spezifikationen:<\/p>\n<ul>\n<li>ECE 22-06<\/li>\n<li>Gewicht: ca. 1350 g (je nach Gr\u00f6\u00dfe)<\/li>\n<li>Doppelter D-Ring-Verschluss<\/li>\n<li>Alpinestars PLASMA Impact System f\u00fcr erh\u00f6hte Crash-Sicherheit<\/li>\n<li>Entwickelt f\u00fcr maximalen Schutz, ohne Kompromisse bei Komfort und Passform einzugehen<\/li>\n<\/ul>\n","protected":false},"excerpt":{"rendered":"<p>Farbe: Schwarz Gl\u00e4nzend<\/p>\n","protected":false},"featured_media":157412,"comment_status":"open","ping_status":"closed","template":"","meta":{"_acf_changed":false},"brand":[2111],"gender":[2173],"product_brand":[],"product_cat":[2028,2063],"product_tag":[],"class_list":{"0":"post-157545","1":"product","2":"type-product","3":"status-publish","4":"has-post-thumbnail","6":"brand-alpinestars-de","7":"gender-unisex-de","8":"product_cat-motocross-ausrustung","9":"product_cat-mx-helme","10":"pa_size-l-de","11":"pa_size-m-de","12":"pa_size-s-de","13":"pa_size-xl-de","14":"pa_size-xs-de","15":"pa_size-xxl-de","17":"first","18":"instock","19":"sale","20":"taxable","21":"shipping-taxable","22":"purchasable","23":"product-type-variable"},"acf":[],"_links":{"self":[{"href":"https:\/\/moto-oprema.com\/de\/wp-json\/wp\/v2\/product\/157545","targetHints":{"allow":["GET"]}}],"collection":[{"href":"https:\/\/moto-oprema.com\/de\/wp-json\/wp\/v2\/product"}],"about":[{"href":"https:\/\/moto-oprema.com\/de\/wp-json\/wp\/v2\/types\/product"}],"replies":[{"embeddable":true,"href":"https:\/\/moto-oprema.com\/de\/wp-json\/wp\/v2\/comments?post=157545"}],"wp:featuredmedia":[{"embeddable":true,"href":"https:\/\/moto-oprema.com\/de\/wp-json\/wp\/v2\/media\/157412"}],"wp:attachment":[{"href":"https:\/\/moto-oprema.com\/de\/wp-json\/wp\/v2\/media?parent=157545"}],"wp:term":[{"taxonomy":"brand","embeddable":true,"href":"https:\/\/moto-oprema.com\/de\/wp-json\/wp\/v2\/brand?post=157545"},{"taxonomy":"gender","embeddable":true,"href":"https:\/\/moto-oprema.com\/de\/wp-json\/wp\/v2\/gender?post=157545"},{"taxonomy":"product_brand","embeddable":true,"href":"https:\/\/moto-oprema.com\/de\/wp-json\/wp\/v2\/product_brand?post=157545"},{"taxonomy":"product_cat","embeddable":true,"href":"https:\/\/moto-oprema.com\/de\/wp-json\/wp\/v2\/product_cat?post=157545"},{"taxonomy":"product_tag","embeddable":true,"href":"https:\/\/moto-oprema.com\/de\/wp-json\/wp\/v2\/product_tag?post=157545"}],"curies":[{"name":"wp","href":"https:\/\/api.w.org\/{rel}","templated":true}]}}