{"id":156556,"date":"2025-08-25T07:56:38","date_gmt":"2025-08-25T07:56:38","guid":{"rendered":"https:\/\/moto-oprema.com\/?post_type=product&#038;p=156556"},"modified":"2025-08-25T08:09:00","modified_gmt":"2025-08-25T08:09:00","slug":"alpinestars-mx-sm5-action-hemlet-orange-fluo-cyan-gelb-fluo-kopija","status":"publish","type":"product","link":"https:\/\/moto-oprema.com\/de\/Artikel\/alpinestars-mx-sm5-action-hemlet-orange-fluo-cyan-gelb-fluo-kopija\/","title":{"rendered":"ALPINESTARS MX SM5 HONDA HEMLET Wei\u00df Blau Rot Gl\u00e4nzend"},"content":{"rendered":"<p>Der brandneue SM5 ECE 22.06 Helm wurde entwickelt, um MX-Fahrern einen sicheren und speziell f\u00fcr optimalen Schutz und Komfort konzipierten Helm zu bieten. Der leichtgewichtige SM5-Helm verf\u00fcgt \u00fcber eine thermogeformte Schale mit einer speziellen Mischung aus Polymeren, die mit unterschiedlichen Dicken verst\u00e4rkt sind und eine optimale Kombination aus Aufprallschutz und geringem Gewicht bieten sollen. Das Innenfutter besteht aus einer 7-teiligen Konstruktion aus expandiertem Polystyrol (EPS) mit EPS in f\u00fcnf verschiedenen Dichten, um die richtige Dichte an der richtigen Stelle f\u00fcr eine verbesserte Sto\u00dfd\u00e4mpfung zu gew\u00e4hrleisten.  <\/p>\n<p>Merkmale:<\/p>\n<p>Die leichte Au\u00dfenschale besteht aus technologisch fortschrittlichem, schlagfestem Thermoplast in drei anatomischen Schalengr\u00f6\u00dfen und drei individuellen EPS-Innenschalengr\u00f6\u00dfen mit einer Kombination aus Innenschale und Wangenpolsterung, um 6 einzigartige Gr\u00f6\u00dfen und den besten Sitz und Schutz zu bieten.<br \/>\nEin konturierter, erh\u00f6hter Polsterbereich reduziert effektiv die auf das Schl\u00fcsselbein \u00fcbertragenen Kr\u00e4fte und ein patentiertes Visierfreigabesystem sorgt daf\u00fcr, dass das Visier unabh\u00e4ngig vom Aufprallwinkel mit der angemessenen, vorher festgelegten Kraft freigegeben wird.<br \/>\nDas untere Schalenvolumen der Modelle Medium, Large, XL und 2XL wurde um ca. 3% breiter gestaltet, um das Auf- und Absetzen des Helms zu erleichtern. Durch die Vergr\u00f6\u00dferung des Helmvolumens wurde auch das Aufprallschutzverm\u00f6gen verbessert, das nun 44% unter der normalen Geschwindigkeitsschwelle liegt.<br \/>\nF\u00fcr die neue Norm ECE 22.06 erreicht der SM5 bei normaler Geschwindigkeit einen um 44% besseren Aufprallschutz als die derzeitigen 33%, bei niedriger Geschwindigkeit einen um 32% besseren linearen Aufprallschutz und bei hoher Geschwindigkeit einen um 31% besseren linearen Aufprallschutz, der die Norm dominiert.<br \/>\nDie Innen- und Au\u00dfenfl\u00e4chen sind so konzipiert, dass sie die Auswirkungen von schr\u00e4gen St\u00f6\u00dfen reduzieren. Um diese rotierenden Aufprallkr\u00e4fte zu bew\u00e4ltigen und abzuschw\u00e4chen, hat Alpinestars eine eigene Technologie entwickelt, um eine reibungsarme Oberfl\u00e4che auf der Innenseite des EPS-Liners zu schaffen. In \u00dcbereinstimmung mit der ECE 22.06, die nun auch eine Bewertung des schr\u00e4gen Rotationsaufpralls vorsieht, erreicht der SM5 nach den neuen Vorschriften eine Bewertung von 70%.<br \/>\nMulti-Density-Innenfutter, um die richtige Dichte im richtigen Bereich f\u00fcr eine verbesserte Sto\u00dfd\u00e4mpfung zu gew\u00e4hrleisten.<br \/>\nEin neu gestaltetes Kinnprofil, bei dem die Basis speziell geformt ist, um einen gepr\u00e4gten Bereich zu schaffen, der das Schl\u00fcsselbein entlastet, mit einer neuen, weicheren EPS-Auskleidung, die \u00fcber den eigentlichen Helm hinausgeht und mit einer flexibleren Gummimischung \u00fcberzogen ist, wodurch das Risiko von Schl\u00fcsselbeinverletzungen verringert wird<br \/>\nMaximale Bel\u00fcftung und hohe W\u00e4rmeaustauschrate durch mehrere Luftein- und -ausl\u00e4sse<br \/>\nDas Helmvisier ist so konzipiert, dass es die Luft in die Bel\u00fcftungs\u00f6ffnungen leitet, um den Luftstrom zu verbessern.<br \/>\nWangen mit ERS-Schnellerfassungssystem<br \/>\nF\u00fchrungsschlaufen f\u00fcr den Trinkschlauch erleichtern die Installation des Trinksystems<br \/>\nSpezifikationen:<\/p>\n<p>Die ECE-Version des SM5-Helms wiegt 1350 Gramm bei einer mittleren Gr\u00f6\u00dfe mit Helmschutz.<br \/>\nECE 22-06<br \/>\nDoppel-D-Ring-Verschluss<\/p>\n","protected":false},"excerpt":{"rendered":"<p>Farbe: Wei\u00df Blau Rot Gl\u00e4nzend<\/p>\n","protected":false},"featured_media":156529,"comment_status":"open","ping_status":"closed","template":"","meta":{"_acf_changed":false},"brand":[2111],"gender":[2173],"product_brand":[],"product_cat":[2028,2063],"product_tag":[],"class_list":{"0":"post-156556","1":"product","2":"type-product","3":"status-publish","4":"has-post-thumbnail","6":"brand-alpinestars-de","7":"gender-unisex-de","8":"product_cat-motocross-ausrustung","9":"product_cat-mx-helme","10":"pa_size-l-de","11":"pa_size-m-de","12":"pa_size-s-de","13":"pa_size-xl-de","14":"pa_size-xs-de","15":"pa_size-xxl-de","17":"first","18":"instock","19":"taxable","20":"shipping-taxable","21":"purchasable","22":"product-type-variable"},"acf":[],"_links":{"self":[{"href":"https:\/\/moto-oprema.com\/de\/wp-json\/wp\/v2\/product\/156556","targetHints":{"allow":["GET"]}}],"collection":[{"href":"https:\/\/moto-oprema.com\/de\/wp-json\/wp\/v2\/product"}],"about":[{"href":"https:\/\/moto-oprema.com\/de\/wp-json\/wp\/v2\/types\/product"}],"replies":[{"embeddable":true,"href":"https:\/\/moto-oprema.com\/de\/wp-json\/wp\/v2\/comments?post=156556"}],"wp:featuredmedia":[{"embeddable":true,"href":"https:\/\/moto-oprema.com\/de\/wp-json\/wp\/v2\/media\/156529"}],"wp:attachment":[{"href":"https:\/\/moto-oprema.com\/de\/wp-json\/wp\/v2\/media?parent=156556"}],"wp:term":[{"taxonomy":"brand","embeddable":true,"href":"https:\/\/moto-oprema.com\/de\/wp-json\/wp\/v2\/brand?post=156556"},{"taxonomy":"gender","embeddable":true,"href":"https:\/\/moto-oprema.com\/de\/wp-json\/wp\/v2\/gender?post=156556"},{"taxonomy":"product_brand","embeddable":true,"href":"https:\/\/moto-oprema.com\/de\/wp-json\/wp\/v2\/product_brand?post=156556"},{"taxonomy":"product_cat","embeddable":true,"href":"https:\/\/moto-oprema.com\/de\/wp-json\/wp\/v2\/product_cat?post=156556"},{"taxonomy":"product_tag","embeddable":true,"href":"https:\/\/moto-oprema.com\/de\/wp-json\/wp\/v2\/product_tag?post=156556"}],"curies":[{"name":"wp","href":"https:\/\/api.w.org\/{rel}","templated":true}]}}