{"id":145609,"date":"2025-08-20T07:28:40","date_gmt":"2025-08-20T07:28:40","guid":{"rendered":"https:\/\/moto-oprema.com\/?post_type=product&#038;p=145609"},"modified":"2025-08-20T07:33:58","modified_gmt":"2025-08-20T07:33:58","slug":"oneal-mx-jugendhelm-3srs-rancid-v-24-schwarz-weiss-kopija","status":"publish","type":"product","link":"https:\/\/moto-oprema.com\/de\/Artikel\/oneal-mx-jugendhelm-3srs-rancid-v-24-schwarz-weiss-kopija\/","title":{"rendered":"ONEAL MX JUGENDHELM 3SRS RANCID V.24 SCHWARZ WEISS"},"content":{"rendered":"<p>Merkmale:<\/p>\n<p>&#8211; Das Produkt ist aus ABS hergestellt.<\/p>\n<p>&#8211; Gewicht der H\u00fclle (Gr\u00f6\u00dfe L): 1450 Gramm (\u00b150)<\/p>\n<p>&#8211; Extrem weiches, herausnehmbares\/waschbares gepolstertes Futter<\/p>\n<p>&#8211; Mehrere Bel\u00fcftungs\u00f6ffnungen f\u00fcr maximale Bel\u00fcftung und K\u00fchlung<\/p>\n<p>&#8211; Nasenschutz aus Gummi<\/p>\n<p>&#8211; H\u00f6henverstellbares Visier<\/p>\n<p>&#8211; Double D Kinnriemen<\/p>\n<p>&#8211; Langlebige mehrfarbige Grafiken mit transparenter Beschichtung<\/p>\n<p>&#8211; Erf\u00fcllt die Sicherheitsnorm ECE22.06<\/p>\n","protected":false},"excerpt":{"rendered":"<p>Merkmale: &#8211; Das Produkt ist aus ABS hergestellt. &#8211; Gewicht der H\u00fclle (Gr\u00f6\u00dfe L): 1450 Gramm&#8230;<\/p>\n","protected":false},"featured_media":82672,"comment_status":"open","ping_status":"closed","template":"","meta":{"_acf_changed":false},"brand":[2177],"gender":[],"product_brand":[],"product_cat":[2216,2028,2217],"product_tag":[],"class_list":{"0":"post-145609","1":"product","2":"type-product","3":"status-publish","4":"has-post-thumbnail","6":"brand-oneal-de","7":"product_cat-fur-die-jungsten-de","8":"product_cat-motocross-ausrustung","9":"product_cat-mx-helme-de","10":"pa_size-l-de","11":"pa_size-m-de","12":"pa_size-s-de","13":"pa_size-xl-de","15":"first","16":"instock","17":"sale","18":"taxable","19":"shipping-taxable","20":"purchasable","21":"product-type-variable"},"acf":[],"_links":{"self":[{"href":"https:\/\/moto-oprema.com\/de\/wp-json\/wp\/v2\/product\/145609","targetHints":{"allow":["GET"]}}],"collection":[{"href":"https:\/\/moto-oprema.com\/de\/wp-json\/wp\/v2\/product"}],"about":[{"href":"https:\/\/moto-oprema.com\/de\/wp-json\/wp\/v2\/types\/product"}],"replies":[{"embeddable":true,"href":"https:\/\/moto-oprema.com\/de\/wp-json\/wp\/v2\/comments?post=145609"}],"wp:featuredmedia":[{"embeddable":true,"href":"https:\/\/moto-oprema.com\/de\/wp-json\/wp\/v2\/media\/82672"}],"wp:attachment":[{"href":"https:\/\/moto-oprema.com\/de\/wp-json\/wp\/v2\/media?parent=145609"}],"wp:term":[{"taxonomy":"brand","embeddable":true,"href":"https:\/\/moto-oprema.com\/de\/wp-json\/wp\/v2\/brand?post=145609"},{"taxonomy":"gender","embeddable":true,"href":"https:\/\/moto-oprema.com\/de\/wp-json\/wp\/v2\/gender?post=145609"},{"taxonomy":"product_brand","embeddable":true,"href":"https:\/\/moto-oprema.com\/de\/wp-json\/wp\/v2\/product_brand?post=145609"},{"taxonomy":"product_cat","embeddable":true,"href":"https:\/\/moto-oprema.com\/de\/wp-json\/wp\/v2\/product_cat?post=145609"},{"taxonomy":"product_tag","embeddable":true,"href":"https:\/\/moto-oprema.com\/de\/wp-json\/wp\/v2\/product_tag?post=145609"}],"curies":[{"name":"wp","href":"https:\/\/api.w.org\/{rel}","templated":true}]}}