{"id":138116,"date":"2025-08-19T08:28:16","date_gmt":"2025-08-19T08:28:16","guid":{"rendered":"https:\/\/moto-oprema.com\/?post_type=product&#038;p=138116"},"modified":"2025-08-19T08:32:08","modified_gmt":"2025-08-19T08:32:08","slug":"alpinestars-mx-sm3-radium-hemlet-schwarz-rot-fluo-weis-glanzend-kopija","status":"publish","type":"product","link":"https:\/\/moto-oprema.com\/de\/Artikel\/alpinestars-mx-sm3-radium-hemlet-schwarz-rot-fluo-weis-glanzend-kopija\/","title":{"rendered":"ALPINESTARS MX SM3 RADIUM HEMLET Grau Schwarz Gelb Fl Matt"},"content":{"rendered":"<p>Alpinestars S-M3 Radium MX Helm<\/p>\n<p>Der f\u00fcr den Motocross-, Enduro- und Offroad-Einsatz entwickelte S-M3 Helm kombiniert innovative Technologien f\u00fcr besten Komfort, hervorragende Bel\u00fcftung und effektiven Aufprallschutz. Der Helm ist so konzipiert, dass er dem Fahrer optimalen Schutz und Tragekomfort zugleich bietet. <\/p>\n<p>Merkmale:<\/p>\n<p>Thermoplastische H\u00fclle aus einer speziellen Polymermischung mit variabler Dicke f\u00fcr ein ausgewogenes Verh\u00e4ltnis zwischen geringem Gewicht und zuverl\u00e4ssigem Schutz<\/p>\n<p>Patentiertes Visier-Entriegelungssystem, das das Visier mit einer pr\u00e4zisen Kraft freigibt, um die Belastung des Nackens im Falle eines Aufpralls zu verringern<\/p>\n<p>10 Einl\u00e4sse und 7 Ausl\u00e4sse sorgen f\u00fcr maximale Bel\u00fcftung und effizienten W\u00e4rmeaustausch.<\/p>\n<p>EPS-Innenfutter mit einer patentierten reibungsarmen Beschichtung, die die Rotationskr\u00e4fte bei schr\u00e4gen St\u00f6\u00dfen reduziert und das Gehirn durch einen Gleiteffekt sch\u00fctzt.<\/p>\n<p>Leichtes Design f\u00fcr optimale Leistung und Komfort.<\/p>\n<p>Technische Merkmale:<\/p>\n<p>ECE 22-06 Typgenehmigung<\/p>\n<p>Gewicht: ca. 1200 g (je nach Gr\u00f6\u00dfe)<\/p>\n<p>Doppelter D-Ring-Verschluss<\/p>\n<p>Entwickelt f\u00fcr beste Crash-Performance bei gleichzeitig hoher Benutzerfreundlichkeit und Bel\u00fcftung<\/p>\n","protected":false},"excerpt":{"rendered":"<p>Farbe: Grau Schwarz Gelb Fl Matt<\/p>\n","protected":false},"featured_media":138152,"comment_status":"open","ping_status":"closed","template":"","meta":{"_acf_changed":false},"brand":[2111],"gender":[2173],"product_brand":[],"product_cat":[2028,2063],"product_tag":[],"class_list":{"0":"post-138116","1":"product","2":"type-product","3":"status-publish","4":"has-post-thumbnail","6":"brand-alpinestars-de","7":"gender-unisex-de","8":"product_cat-motocross-ausrustung","9":"product_cat-mx-helme","10":"pa_size-l-de","11":"pa_size-m-de","12":"pa_size-s-de","13":"pa_size-xl-de","14":"pa_size-xs-de","15":"pa_size-xxl-de","17":"first","18":"instock","19":"sale","20":"taxable","21":"shipping-taxable","22":"purchasable","23":"product-type-variable"},"acf":[],"_links":{"self":[{"href":"https:\/\/moto-oprema.com\/de\/wp-json\/wp\/v2\/product\/138116","targetHints":{"allow":["GET"]}}],"collection":[{"href":"https:\/\/moto-oprema.com\/de\/wp-json\/wp\/v2\/product"}],"about":[{"href":"https:\/\/moto-oprema.com\/de\/wp-json\/wp\/v2\/types\/product"}],"replies":[{"embeddable":true,"href":"https:\/\/moto-oprema.com\/de\/wp-json\/wp\/v2\/comments?post=138116"}],"wp:featuredmedia":[{"embeddable":true,"href":"https:\/\/moto-oprema.com\/de\/wp-json\/wp\/v2\/media\/138152"}],"wp:attachment":[{"href":"https:\/\/moto-oprema.com\/de\/wp-json\/wp\/v2\/media?parent=138116"}],"wp:term":[{"taxonomy":"brand","embeddable":true,"href":"https:\/\/moto-oprema.com\/de\/wp-json\/wp\/v2\/brand?post=138116"},{"taxonomy":"gender","embeddable":true,"href":"https:\/\/moto-oprema.com\/de\/wp-json\/wp\/v2\/gender?post=138116"},{"taxonomy":"product_brand","embeddable":true,"href":"https:\/\/moto-oprema.com\/de\/wp-json\/wp\/v2\/product_brand?post=138116"},{"taxonomy":"product_cat","embeddable":true,"href":"https:\/\/moto-oprema.com\/de\/wp-json\/wp\/v2\/product_cat?post=138116"},{"taxonomy":"product_tag","embeddable":true,"href":"https:\/\/moto-oprema.com\/de\/wp-json\/wp\/v2\/product_tag?post=138116"}],"curies":[{"name":"wp","href":"https:\/\/api.w.org\/{rel}","templated":true}]}}