{"id":128084,"date":"2015-03-16T11:31:13","date_gmt":"2015-03-16T11:31:13","guid":{"rendered":"https:\/\/moto-oprema.com\/Artikel\/alpinestars-eloise-v2-air-damen-jacke\/"},"modified":"2015-03-16T11:31:13","modified_gmt":"2015-03-16T11:31:13","slug":"alpinestars-eloise-v2-air-damen-jacke","status":"publish","type":"product","link":"https:\/\/moto-oprema.com\/de\/Artikel\/alpinestars-eloise-v2-air-damen-jacke\/","title":{"rendered":"ALPINESTARS ELOISE V2 AIR DAMEN JACKE"},"content":{"rendered":"<p><span style=\"font-family: arial, helvetica, sans-serif;font-size: small\"><span id=\"result_box\" lang=\"sl\" xml_lang=\"sl\"><span class=\"hps\"><span style=\"font-family: arial, helvetica, sans-serif;font-size: small\"><b>Alpinestars ELOISE Air 2<\/b> Textiljacke f\u00fcr Damen.<\/span><\/span><\/span><\/span><\/p>\n<p><span style=\"font-family: arial, helvetica, sans-serif;font-size: small\"><span id=\"result_box\" lang=\"sl\" xml_lang=\"sl\"><span class=\"hps\"><span style=\"font-family: arial, helvetica, sans-serif;font-size: small\">Die Alpinestars Eloise V2 Damenjacke ist Tech Air 5 ready und bietet optimierte Luftzirkulation und Atmungsaktivit\u00e4t, dennoch optimalen Schutz dank Nucleon Flex Ellbogen- und Schulterpolstern und Komfort dank 600D Polygewebe mit abriebfesten Netzeins\u00e4tzen. . Die Eloise V2 Damenjacke ist leicht, l\u00e4sst es aber an Bel\u00fcftung und Schutz nicht fehlen.  <\/span><\/span><\/span><\/span><br \/>\n<span style=\"font-family: arial, helvetica, sans-serif;font-size: small\"><span lang=\"sl\" xml_lang=\"sl\"><span class=\"hps\"><span style=\"font-family: arial, helvetica, sans-serif;font-size: small\"><span style=\"font-family: arial, helvetica, sans-serif;font-size: small\"><b><br \/>\n<\/b>Zusammensetzung des Rohmaterials:<b> <\/b><\/span><span style=\"font-family: arial, helvetica, sans-serif;font-size: small\">\u00c4u\u00dferer Teil: 100<\/span><\/span><\/span><\/span><\/span><span style=\"font-family: arial, helvetica, sans-serif;font-size: small\"><span lang=\"sl\" xml_lang=\"sl\"><span class=\"hps\"><span style=\"font-family: arial, helvetica, sans-serif;font-size: small\"><span style=\"font-family: arial, helvetica, sans-serif;font-size: small\">0% Polyester<\/span><\/span><\/span><\/span><\/span><\/p>\n","protected":false},"excerpt":{"rendered":"<p>Alpinestars ELOISE Air 2 Textiljacke f\u00fcr Damen. Die Alpinestars Eloise V2 Damenjacke ist Tech Air 5&#8230;<\/p>\n","protected":false},"featured_media":1144,"comment_status":"open","ping_status":"closed","template":"","meta":{"_acf_changed":false},"brand":[2111],"gender":[2170],"product_brand":[],"product_cat":[1357,2045],"product_tag":[],"class_list":{"0":"post-128084","1":"product","2":"type-product","3":"status-publish","4":"has-post-thumbnail","6":"brand-alpinestars-de","7":"gender-zenska-de","8":"product_cat-ausrustung-fur-motorradfahrer","9":"product_cat-jakne-de","10":"pa_size-l-de","11":"pa_size-m-de","12":"pa_size-s-de","13":"pa_size-xs-de","15":"first","16":"instock","17":"sale","18":"taxable","19":"shipping-taxable","20":"purchasable","21":"product-type-variable"},"acf":[],"_links":{"self":[{"href":"https:\/\/moto-oprema.com\/de\/wp-json\/wp\/v2\/product\/128084","targetHints":{"allow":["GET"]}}],"collection":[{"href":"https:\/\/moto-oprema.com\/de\/wp-json\/wp\/v2\/product"}],"about":[{"href":"https:\/\/moto-oprema.com\/de\/wp-json\/wp\/v2\/types\/product"}],"replies":[{"embeddable":true,"href":"https:\/\/moto-oprema.com\/de\/wp-json\/wp\/v2\/comments?post=128084"}],"wp:featuredmedia":[{"embeddable":true,"href":"https:\/\/moto-oprema.com\/de\/wp-json\/wp\/v2\/media\/1144"}],"wp:attachment":[{"href":"https:\/\/moto-oprema.com\/de\/wp-json\/wp\/v2\/media?parent=128084"}],"wp:term":[{"taxonomy":"brand","embeddable":true,"href":"https:\/\/moto-oprema.com\/de\/wp-json\/wp\/v2\/brand?post=128084"},{"taxonomy":"gender","embeddable":true,"href":"https:\/\/moto-oprema.com\/de\/wp-json\/wp\/v2\/gender?post=128084"},{"taxonomy":"product_brand","embeddable":true,"href":"https:\/\/moto-oprema.com\/de\/wp-json\/wp\/v2\/product_brand?post=128084"},{"taxonomy":"product_cat","embeddable":true,"href":"https:\/\/moto-oprema.com\/de\/wp-json\/wp\/v2\/product_cat?post=128084"},{"taxonomy":"product_tag","embeddable":true,"href":"https:\/\/moto-oprema.com\/de\/wp-json\/wp\/v2\/product_tag?post=128084"}],"curies":[{"name":"wp","href":"https:\/\/api.w.org\/{rel}","templated":true}]}}