{"id":128071,"date":"2016-02-28T09:52:22","date_gmt":"2016-02-28T09:52:22","guid":{"rendered":"https:\/\/moto-oprema.com\/Artikel\/alpinestars-shield-kr-2i\/"},"modified":"2016-02-28T09:52:22","modified_gmt":"2016-02-28T09:52:22","slug":"alpinestars-shield-kr-2i","status":"publish","type":"product","link":"https:\/\/moto-oprema.com\/de\/Artikel\/alpinestars-shield-kr-2i\/","title":{"rendered":"ALPINESTARS SHIELD KR-2i"},"content":{"rendered":"<h1><span style=\"font-family:arial, helvetica, sans-serif;font-size:small;\">ALPINESTARS KR-2i \u00a9\u00c8ITNIK HRBTA &#8211; VLO\u00aeEK<\/span><\/h1>\n<p><span style=\"font-family:arial, helvetica, sans-serif;font-size:small;\">Der KR-2i R\u00fcckenprotektor ist ein Produkt, das die neueste Technologie und die haltbarsten Materialien kombiniert, um ein H\u00f6chstma\u00df an Schutz zu bieten. Der R\u00fcckenprotektor wurde f\u00fcr die Verwendung in Alpinestars-Schutzkleidung entwickelt. Er ist leicht, ergonomisch geformt und behindert nicht die Luftzirkulation in der Kleidung, wodurch er bequem zu tragen ist.   <\/span><span style=\"font-family:arial, helvetica, sans-serif;font-size:small;\"><br \/>Hergestellt nach der neuesten Norm <strong>EN1621-2:2014 Level 2<\/strong><\/span><\/p>\n<p><span style=\"font-family:arial, helvetica, sans-serif;font-size:small;\"><b>Zusammensetzung des Rohmaterials<\/b>: <\/span><span style=\"font-family:arial, helvetica, sans-serif;font-size:small;\">45% Polyurethan, 2<\/span><\/p>\n","protected":false},"excerpt":{"rendered":"<p>ALPINESTARS KR-2i \u00a9\u00c8ITNIK HRBTA &#8211; VLO\u00aeEK Der KR-2i R\u00fcckenprotektor ist ein Produkt, das die neueste Technologie&#8230;<\/p>\n","protected":false},"featured_media":1181,"comment_status":"open","ping_status":"open","template":"","meta":{"_acf_changed":false},"brand":[2111],"gender":[],"product_brand":[],"product_cat":[1357,2209],"product_tag":[],"class_list":{"0":"post-128071","1":"product","2":"type-product","3":"status-publish","4":"has-post-thumbnail","6":"brand-alpinestars-de","7":"product_cat-ausrustung-fur-motorradfahrer","8":"product_cat-schutzschilde-und-airbags","9":"pa_size-l-de","10":"pa_size-m-de","11":"pa_size-s-de","13":"first","14":"onbackorder","15":"sale","16":"taxable","17":"shipping-taxable","18":"purchasable","19":"product-type-variable"},"acf":[],"_links":{"self":[{"href":"https:\/\/moto-oprema.com\/de\/wp-json\/wp\/v2\/product\/128071","targetHints":{"allow":["GET"]}}],"collection":[{"href":"https:\/\/moto-oprema.com\/de\/wp-json\/wp\/v2\/product"}],"about":[{"href":"https:\/\/moto-oprema.com\/de\/wp-json\/wp\/v2\/types\/product"}],"replies":[{"embeddable":true,"href":"https:\/\/moto-oprema.com\/de\/wp-json\/wp\/v2\/comments?post=128071"}],"wp:featuredmedia":[{"embeddable":true,"href":"https:\/\/moto-oprema.com\/de\/wp-json\/wp\/v2\/media\/1181"}],"wp:attachment":[{"href":"https:\/\/moto-oprema.com\/de\/wp-json\/wp\/v2\/media?parent=128071"}],"wp:term":[{"taxonomy":"brand","embeddable":true,"href":"https:\/\/moto-oprema.com\/de\/wp-json\/wp\/v2\/brand?post=128071"},{"taxonomy":"gender","embeddable":true,"href":"https:\/\/moto-oprema.com\/de\/wp-json\/wp\/v2\/gender?post=128071"},{"taxonomy":"product_brand","embeddable":true,"href":"https:\/\/moto-oprema.com\/de\/wp-json\/wp\/v2\/product_brand?post=128071"},{"taxonomy":"product_cat","embeddable":true,"href":"https:\/\/moto-oprema.com\/de\/wp-json\/wp\/v2\/product_cat?post=128071"},{"taxonomy":"product_tag","embeddable":true,"href":"https:\/\/moto-oprema.com\/de\/wp-json\/wp\/v2\/product_tag?post=128071"}],"curies":[{"name":"wp","href":"https:\/\/api.w.org\/{rel}","templated":true}]}}