{"id":128050,"date":"2018-02-09T04:39:05","date_gmt":"2018-02-09T04:39:05","guid":{"rendered":"https:\/\/moto-oprema.com\/Artikel\/shift-whit3-label-gp-hose\/"},"modified":"2018-02-09T04:39:05","modified_gmt":"2018-02-09T04:39:05","slug":"shift-whit3-label-gp-hose","status":"publish","type":"product","link":"https:\/\/moto-oprema.com\/de\/Artikel\/shift-whit3-label-gp-hose\/","title":{"rendered":"SHIFT WHIT3 LABEL GP HOSE"},"content":{"rendered":"<p>Strategisch platzierte Stretcheins\u00e4tze erm\u00f6glichen eine pr\u00e4zise Passform, ohne die Bewegungsfreiheit einzuschr\u00e4nken.<\/p>\n<\/p>\n<p>Zusammensetzung des Rohmaterials: 93% Polyester, 5% Leder, 2% Nylon; Innenausstattung: 100% Polyester  <\/p>\n","protected":false},"excerpt":{"rendered":"<p>Die Hose ist leicht und atmungsaktiv. Sie wurde entwickelt, um die Mobilit\u00e4t zu maximieren, ohne die&#8230;<\/p>\n","protected":false},"featured_media":2651,"comment_status":"open","ping_status":"open","template":"","meta":{"_acf_changed":false},"brand":[2724],"gender":[],"product_brand":[],"product_cat":[2028],"product_tag":[],"class_list":{"0":"post-128050","1":"product","2":"type-product","3":"status-publish","4":"has-post-thumbnail","6":"brand-shift-de","7":"product_cat-motocross-ausrustung","8":"pa_size-30-de","9":"pa_size-32-de","10":"pa_size-34-de","12":"first","13":"instock","14":"taxable","15":"shipping-taxable","16":"purchasable","17":"product-type-variable"},"acf":[],"_links":{"self":[{"href":"https:\/\/moto-oprema.com\/de\/wp-json\/wp\/v2\/product\/128050","targetHints":{"allow":["GET"]}}],"collection":[{"href":"https:\/\/moto-oprema.com\/de\/wp-json\/wp\/v2\/product"}],"about":[{"href":"https:\/\/moto-oprema.com\/de\/wp-json\/wp\/v2\/types\/product"}],"replies":[{"embeddable":true,"href":"https:\/\/moto-oprema.com\/de\/wp-json\/wp\/v2\/comments?post=128050"}],"wp:featuredmedia":[{"embeddable":true,"href":"https:\/\/moto-oprema.com\/de\/wp-json\/wp\/v2\/media\/2651"}],"wp:attachment":[{"href":"https:\/\/moto-oprema.com\/de\/wp-json\/wp\/v2\/media?parent=128050"}],"wp:term":[{"taxonomy":"brand","embeddable":true,"href":"https:\/\/moto-oprema.com\/de\/wp-json\/wp\/v2\/brand?post=128050"},{"taxonomy":"gender","embeddable":true,"href":"https:\/\/moto-oprema.com\/de\/wp-json\/wp\/v2\/gender?post=128050"},{"taxonomy":"product_brand","embeddable":true,"href":"https:\/\/moto-oprema.com\/de\/wp-json\/wp\/v2\/product_brand?post=128050"},{"taxonomy":"product_cat","embeddable":true,"href":"https:\/\/moto-oprema.com\/de\/wp-json\/wp\/v2\/product_cat?post=128050"},{"taxonomy":"product_tag","embeddable":true,"href":"https:\/\/moto-oprema.com\/de\/wp-json\/wp\/v2\/product_tag?post=128050"}],"curies":[{"name":"wp","href":"https:\/\/api.w.org\/{rel}","templated":true}]}}