{"id":128045,"date":"2017-04-13T09:37:47","date_gmt":"2017-04-13T09:37:47","guid":{"rendered":"https:\/\/moto-oprema.com\/Artikel\/pod-k4-2-0-knieschoner\/"},"modified":"2017-04-13T09:37:47","modified_gmt":"2017-04-13T09:37:47","slug":"pod-k4-2-0-knieschoner","status":"publish","type":"product","link":"https:\/\/moto-oprema.com\/de\/Artikel\/pod-k4-2-0-knieschoner\/","title":{"rendered":"POD K4 2.0 KNIESCHONER"},"content":{"rendered":"<div class=\"tw-ta-container tw-nfl\" id=\"tw-target-text-container\">\n<ul>\n<li><span xml_lang=\"sl\" lang=\"sl\">Neu und medizinisch patentiert.  <\/span><\/li>\n<li><span xml_lang=\"sl\" lang=\"sl\">Das beste Preis-Leistungs-Verh\u00e4ltnis.  <\/span><\/li>\n<li><span xml_lang=\"sl\" lang=\"sl\">Bester Schutz im Kniebereich, CE-zertifiziert, h\u00f6chste Sicherheit.<\/span><\/li>\n<li><span xml_lang=\"sl\" lang=\"sl\">Adaptiver Kniegreifer f\u00fcr eine perfekte Passform und maximalen Komfort.  <\/span><\/li>\n<li><span xml_lang=\"sl\" lang=\"sl\">Das neue Human Motion System f\u00fcr nat\u00fcrliche Bewegungen.  <\/span><\/li>\n<li><span xml_lang=\"sl\" lang=\"sl\">Der leichtere und schmalere Teil der Vectran Fibers Kupplung  <\/span><\/li>\n<li><span xml_lang=\"sl\" lang=\"sl\">5x st\u00e4rker als Stahl<\/span><\/li>\n<li><span xml_lang=\"sl\" lang=\"sl\">Die adaptiven Manschetten passen sich an unterschiedliche Beinformen an und erlauben den Muskeln, sich w\u00e4hrend der Fahrt frei zu bewegen.  <\/span><\/li>\n<li><span xml_lang=\"sl\" lang=\"sl\">Neues schwei\u00dfabsorbierendes, antimikrobielles Futter  <\/span><\/li>\n<li><span xml_lang=\"sl\" lang=\"sl\">Neues Quick-Loc Clip-System mit niedrigem Profil  <\/span><\/li>\n<li><span xml_lang=\"sl\" lang=\"sl\">Interne Gurte verhindern ein Verrutschen der Bandage beim Fahren  <\/span><\/li>\n<li><span xml_lang=\"sl\" lang=\"sl\">Das modulare System erm\u00f6glicht es Ihnen, alle Bel\u00e4ge und Riemen, Zahnr\u00e4der und defekte Sto\u00dfd\u00e4mpfer zu ersetzen.  <\/span><\/li>\n<li><span xml_lang=\"sl\" lang=\"sl\">Alle Ersatzteile f\u00fcr alle PODs auf Lager!  <\/span><\/li>\n<li><span xml_lang=\"sl\" lang=\"sl\">Medizinisches Zubeh\u00f6r mit CE-Zertifikat CA016050 MDD-93\/42 \/ EEC CE  <\/span><\/li>\n<li><span xml_lang=\"sl\" lang=\"sl\">Aufprallschutz EN16 21-1: 2012th  <\/span><\/li>\n<li><span xml_lang=\"sl\" lang=\"sl\">Medizinische Klasse 1<\/span><\/li>\n<\/ul>\n<\/div>\n<div class=\"tw-ta-container tw-nfl\" id=\"z6maec\"><\/div>\n","protected":false},"excerpt":{"rendered":"<p>POD K4 2.0 Knieschoner.<\/p>\n","protected":false},"featured_media":2418,"comment_status":"open","ping_status":"open","template":"","meta":{"_acf_changed":false},"brand":[2338],"gender":[],"product_brand":[],"product_cat":[2028],"product_tag":[],"class_list":{"0":"post-128045","1":"product","2":"type-product","3":"status-publish","4":"has-post-thumbnail","6":"brand-pod-de","7":"product_cat-motocross-ausrustung","8":"pa_size-m-l-de","9":"pa_size-xl-xxl-de","10":"pa_size-xs-s-de","12":"first","13":"instock","14":"taxable","15":"shipping-taxable","16":"purchasable","17":"product-type-variable"},"acf":[],"_links":{"self":[{"href":"https:\/\/moto-oprema.com\/de\/wp-json\/wp\/v2\/product\/128045","targetHints":{"allow":["GET"]}}],"collection":[{"href":"https:\/\/moto-oprema.com\/de\/wp-json\/wp\/v2\/product"}],"about":[{"href":"https:\/\/moto-oprema.com\/de\/wp-json\/wp\/v2\/types\/product"}],"replies":[{"embeddable":true,"href":"https:\/\/moto-oprema.com\/de\/wp-json\/wp\/v2\/comments?post=128045"}],"wp:featuredmedia":[{"embeddable":true,"href":"https:\/\/moto-oprema.com\/de\/wp-json\/wp\/v2\/media\/2418"}],"wp:attachment":[{"href":"https:\/\/moto-oprema.com\/de\/wp-json\/wp\/v2\/media?parent=128045"}],"wp:term":[{"taxonomy":"brand","embeddable":true,"href":"https:\/\/moto-oprema.com\/de\/wp-json\/wp\/v2\/brand?post=128045"},{"taxonomy":"gender","embeddable":true,"href":"https:\/\/moto-oprema.com\/de\/wp-json\/wp\/v2\/gender?post=128045"},{"taxonomy":"product_brand","embeddable":true,"href":"https:\/\/moto-oprema.com\/de\/wp-json\/wp\/v2\/product_brand?post=128045"},{"taxonomy":"product_cat","embeddable":true,"href":"https:\/\/moto-oprema.com\/de\/wp-json\/wp\/v2\/product_cat?post=128045"},{"taxonomy":"product_tag","embeddable":true,"href":"https:\/\/moto-oprema.com\/de\/wp-json\/wp\/v2\/product_tag?post=128045"}],"curies":[{"name":"wp","href":"https:\/\/api.w.org\/{rel}","templated":true}]}}