{"id":128007,"date":"2018-09-10T03:39:46","date_gmt":"2018-09-10T03:39:46","guid":{"rendered":"https:\/\/moto-oprema.com\/Artikel\/alpinestars-tech-7-dunkelgrau-hellgrau-fluo-rot\/"},"modified":"2018-09-10T03:39:46","modified_gmt":"2018-09-10T03:39:46","slug":"alpinestars-tech-7-dunkelgrau-hellgrau-fluo-rot","status":"publish","type":"product","link":"https:\/\/moto-oprema.com\/de\/Artikel\/alpinestars-tech-7-dunkelgrau-hellgrau-fluo-rot\/","title":{"rendered":"ALPINESTARS TECH 7 DUNKELGRAU HELLGRAU FLUO ROT"},"content":{"rendered":"<div id=\"tab-product-description\" class=\"ui-tabs-panel ui-widget-content ui-corner-bottom\">\n<div class=\"description\"><span style=\"font-family:arial, helvetica, sans-serif;font-size:small;\">Alpinestars TECH 7 &#8211; ein neues Modell von Stiefeln aus hochwertigem, langlebigem Material.<\/span><span style=\"font-size:small;\"><span style=\"font-family:arial, helvetica, sans-serif;\"> <\/p>\n<p><\/span><\/span><span style=\"font-family:arial, helvetica, sans-serif;font-size:small;\">Zusammensetzung des Rohmaterials: <br \/>&#8211; Obermaterial: Leder und andere Materialien<br \/>&#8211; Futter und Innensohle: Textilmaterial <br \/>&#8211; Sohle: Gummi  <\/span><\/p>\n<p><i><span style=\"font-family:arial, helvetica, sans-serif;font-size:small;\">Der revolutionierte Alpinestars Tech 7 MX-Stiefel vereint innovative Materialien und Technologien in einem v\u00f6llig neuen Design f\u00fcr einen leichteren, anatomisch besser profilierten Athleten. Dieser CE-zertifizierte Stiefel f\u00f6rdert die Kernstabilit\u00e4t und den Flex \u00fcber einen biomechanischen Drehpunkt und bietet gleichzeitig hervorragenden Kn\u00f6chelschutz.  Das Chassis des Stiefels wurde entwickelt, um ein optimales Gef\u00fchl und eine optimale Interaktion mit den Bedienelementen des Bikes zu gew\u00e4hrleisten, w\u00e4hrend das innovative Schnallensystem einen einfachen und pr\u00e4zisen Verschluss erm\u00f6glicht.  <\/span><\/i><\/p>\n<ul>\n<li><i><span style=\"font-family:arial, helvetica, sans-serif;font-size:small;\">  Das Boot-Chassis wurde mit einem ergonomisch profilierten Vorderfu\u00df und einer niedrigeren Zehenbox entwickelt, um das Schalten zu erleichtern und das Gef\u00fchl und die Kontrolle der Hinterradbremse zu verbessern.<\/span><\/i><\/li>\n<li><i><span style=\"font-family:arial, helvetica, sans-serif;font-size:small;\">  Mit einer innovativen, einteiligen, eingespritzten Zweikomponenten-Fu\u00dfschale mit mit eingespritztem, hartem Zehenschutz und integriertem Stahlschaft. Die Schale ist \u00e4u\u00dferst abrieb- und sto\u00dffest, erh\u00f6ht die Gesamtlebensdauer des Stiefels und verbessert die Stromlinienform des Stiefels.   <\/span><\/i><\/li>\n<li><i><span style=\"font-family:arial, helvetica, sans-serif;font-size:small;\">  Die neue Dual-Compound-Sohle ist nahtlos in die Grundstruktur integriert und sorgt f\u00fcr \u00fcberragende Strapazierf\u00e4higkeit, eine leistungsstarke Gummigriffstruktur und ein gutes Fahrgef\u00fchl. Die Sohle und der Fu\u00dfrasteneinsatz sind austauschbar. <\/span><\/i><\/li>\n<li><i><span style=\"font-family:arial, helvetica, sans-serif;font-size:small;\">  Obermaterial aus innovativem Mikrofasermaterial, das flexibel und abriebfest ist. Das Obermaterial ist mit PU verst\u00e4rkt, um ein hohes Ma\u00df an <\/span><\/i><\/li>\n<li><i><span style=\"font-family:arial, helvetica, sans-serif;font-size:small;\">  Wasserbest\u00e4ndigkeit und Haltbarkeit und verbesserte gewichtssparende Leistung. Das Material sorgt f\u00fcr eine gleichbleibende Passform auch bei langfristigem Gebrauch und ist leicht zu pflegen und zu reinigen. <\/span><\/i><\/li>\n<li><i><span style=\"font-family:arial, helvetica, sans-serif;font-size:small;\">  Die konturierte Wadenschutzplatte ist mit einem Hochmodulpolymer f\u00fcr Sto\u00dffestigkeit gespritzt und enth\u00e4lt das von Alpinestars entwickelte Blade Flex System f\u00fcr mehr Pr\u00e4zision bei Kontrolle und Bewegung, zus\u00e4tzlichen Schutz f\u00fcr Ferse und Achillessehne und hilft, Hyperflexion zu verhindern.  <\/span><\/i><\/li>\n<li><i><span style=\"font-family:arial, helvetica, sans-serif;font-size:small;\">  Neues TPU-Kn\u00f6chelschutzsystem mit einer biomechanischen Verbindung zwischen dem mittleren und dem unteren Teil des Stiefels, das durch eine progressive Kraftentlastung bei Torsionskr\u00e4ften Sch\u00e4den am Bein verhindert.  <\/span><\/i><\/li>\n<li><i><span style=\"font-family:arial, helvetica, sans-serif;font-size:small;\">  Die von Alpinestars entwickelte TPU-Schienbeinplatte und der mediale Schutz sind aus einem einzigen Teil gefertigt, um eine gr\u00f6\u00dfere strukturelle Integrit\u00e4t und Stabilit\u00e4t zu gew\u00e4hrleisten. Die anatomisch profilierte Schienbeinplatte verf\u00fcgt \u00fcber ein duales Verschlusssystem mit einer internen Mikrofaserklappe, die mit Klettverschluss f\u00fcr eine pr\u00e4zise Passform befestigt ist, w\u00e4hrend die robuste und langlebige Schienbeinplatte mit einer pr\u00e4zise einstellbaren Schnalle sicher befestigt ist. <\/span><\/i><\/li>\n<li><i><span style=\"font-family:arial, helvetica, sans-serif;font-size:small;\">  Die mediale TPU-Seitenverkleidung ist mit einem fortschrittlichen Wabengummi-Einsatz versehen und bietet hervorragenden Halt auf dem Fahrrad und sch\u00fctzt vor St\u00f6\u00dfen.  <\/span><\/i><\/li>\n<li><i><span style=\"font-family:arial, helvetica, sans-serif;font-size:small;\">  Die breite Einstiegs\u00f6ffnung sorgt f\u00fcr Komfort und erm\u00f6glicht eine weitreichende Anpassung und Unterst\u00fctzung der Waden.  <\/span><\/i><\/li>\n<li><i><span style=\"font-family:arial, helvetica, sans-serif;font-size:small;\">  Innovatives Schnallenverschlusssystem mit Br\u00fcckenverschl\u00fcssen aus hochfestem Aluminium, mit Memory-Einstellungen und einem Schnellverschluss-System mit selbstausrichtendem Design f\u00fcr einfaches, pr\u00e4zises Schlie\u00dfen und verbesserte Fahrleistung. Alle Schnallen sind austauschbar.   <\/span><\/i><\/li>\n<li><i><span style=\"font-family:arial, helvetica, sans-serif;font-size:small;\">  Neu gestaltete Rist- und Achilles-Akkordeon-Flexzonen-Konstruktion f\u00fcr \u00fcberragenden Komfort, Kontrolle und Halt.<\/span><\/i><\/li>\n<li><i><span style=\"font-family:arial, helvetica, sans-serif;font-size:small;\">  Die verl\u00e4ngerte Mikrofasergamasche verhindert das Eindringen von \u00fcberm\u00e4\u00dfigem Wasser und Schmutz.  <\/span><\/i><\/li>\n<li><i><span style=\"font-family:arial, helvetica, sans-serif;font-size:small;\">  Das Innenfutter besteht aus rutschfestem Mikrofaser-Veloursleder an der Ferse, das den Fu\u00df in Position h\u00e4lt.  <\/span><\/i><\/li>\n<li><i><span style=\"font-family:arial, helvetica, sans-serif;font-size:small;\">  Weiche Schaumstoffverst\u00e4rkung an Kn\u00f6cheln und Kragen f\u00fcr lang anhaltenden Komfort und Sto\u00dfd\u00e4mpfung.<\/span><\/i><\/li>\n<li><i><span style=\"font-family:arial, helvetica, sans-serif;font-size:small;\">  Das neue, herausnehmbare, anatomische Fu\u00dfbett aus EVA und Lycra sorgt f\u00fcr Komfort und Halt, eine gleichm\u00e4\u00dfige Gewichtsverteilung und eine verst\u00e4rkte Ferse.<\/span><\/i><\/li>\n<li><i><span style=\"font-family:arial, helvetica, sans-serif;font-size:small;\">  Der Tech 7 Stiefel ist CE-zertifiziert und verf\u00fcgt \u00fcber eine einzigartige, hochfeste Sohlenkonstruktion, die f\u00fcr Langlebigkeit und Schutzleistung sorgt.<\/span><\/i><\/li>\n<\/ul>\n<\/div>\n<\/div>\n","protected":false},"excerpt":{"rendered":"<p>Alpinestars TECH 7 &#8211; ein neues Modell von Stiefeln aus hochwertigem, langlebigem Material.<\/p>\n","protected":false},"featured_media":3136,"comment_status":"open","ping_status":"open","template":"","meta":{"_acf_changed":false},"brand":[2111],"gender":[],"product_brand":[],"product_cat":[2028],"product_tag":[],"class_list":{"0":"post-128007","1":"product","2":"type-product","3":"status-publish","4":"has-post-thumbnail","6":"brand-alpinestars-de","7":"product_cat-motocross-ausrustung","8":"pa_size-10445-de","9":"pa_size-11455-de","10":"pa_size-12-46-47-de","11":"pa_size-842-de","12":"pa_size-943-de","14":"first","15":"instock","16":"sale","17":"taxable","18":"shipping-taxable","19":"purchasable","20":"product-type-variable"},"acf":[],"_links":{"self":[{"href":"https:\/\/moto-oprema.com\/de\/wp-json\/wp\/v2\/product\/128007","targetHints":{"allow":["GET"]}}],"collection":[{"href":"https:\/\/moto-oprema.com\/de\/wp-json\/wp\/v2\/product"}],"about":[{"href":"https:\/\/moto-oprema.com\/de\/wp-json\/wp\/v2\/types\/product"}],"replies":[{"embeddable":true,"href":"https:\/\/moto-oprema.com\/de\/wp-json\/wp\/v2\/comments?post=128007"}],"wp:featuredmedia":[{"embeddable":true,"href":"https:\/\/moto-oprema.com\/de\/wp-json\/wp\/v2\/media\/3136"}],"wp:attachment":[{"href":"https:\/\/moto-oprema.com\/de\/wp-json\/wp\/v2\/media?parent=128007"}],"wp:term":[{"taxonomy":"brand","embeddable":true,"href":"https:\/\/moto-oprema.com\/de\/wp-json\/wp\/v2\/brand?post=128007"},{"taxonomy":"gender","embeddable":true,"href":"https:\/\/moto-oprema.com\/de\/wp-json\/wp\/v2\/gender?post=128007"},{"taxonomy":"product_brand","embeddable":true,"href":"https:\/\/moto-oprema.com\/de\/wp-json\/wp\/v2\/product_brand?post=128007"},{"taxonomy":"product_cat","embeddable":true,"href":"https:\/\/moto-oprema.com\/de\/wp-json\/wp\/v2\/product_cat?post=128007"},{"taxonomy":"product_tag","embeddable":true,"href":"https:\/\/moto-oprema.com\/de\/wp-json\/wp\/v2\/product_tag?post=128007"}],"curies":[{"name":"wp","href":"https:\/\/api.w.org\/{rel}","templated":true}]}}