{"id":127990,"date":"2017-02-09T11:37:39","date_gmt":"2017-02-09T11:37:39","guid":{"rendered":"https:\/\/moto-oprema.com\/Artikel\/alpinestars-smx-2-air-carbon-v2-schwarz\/"},"modified":"2017-02-09T11:37:39","modified_gmt":"2017-02-09T11:37:39","slug":"alpinestars-smx-2-air-carbon-v2-schwarz","status":"publish","type":"product","link":"https:\/\/moto-oprema.com\/de\/Artikel\/alpinestars-smx-2-air-carbon-v2-schwarz\/","title":{"rendered":"ALPINESTARS SMX-2 AIR CARBON V2 SCHWARZ"},"content":{"rendered":"<p>Die Alpinestars SMX-2 Air Carbon V2 Handschuhe haben ein innovatives Design. Sie sind aus neuen Materialien gefertigt, wodurch sie die h\u00f6chste Stufe der CE-Zertifizierung erreichen.  Die Glieder sind durch ein Karbonschild gesch\u00fctzt. Die Hauptkonstruktion aus 3D-Mesh und Leder bietet hervorragenden Schutz. Sie sind besonders f\u00fcr den Einsatz an hei\u00dfen Sommertagen geeignet.  <\/p>\n<p>Merkmale:<\/p>\n<ul>\n<li>Neu gestaltete und strapazierf\u00e4hige, mehrteilige Hauptschalenkonstruktion mit Vollnarbenleder und 3D-Mesh f\u00fcr Strapazierf\u00e4higkeit, Abriebfestigkeit und ein hohes Ma\u00df an Atmungsaktivit\u00e4t.<\/li>\n<li>Ein innovativer Grip-Einsatz aus Mikrofaser und PU, der strategisch auf der Handfl\u00e4che und dem Daumen positioniert ist, sorgt f\u00fcr hervorragende Griffkontrolle und Haltbarkeit.<\/li>\n<li>Der exklusive ergonomische Stretch-Einsatz von Alpinestars zwischen Handfl\u00e4che und Daumen bietet eine verbesserte Bewegungsfreiheit der Hand und eine h\u00f6here Sensibilit\u00e4t beim Bedienen der Motorradsteuerung.<\/li>\n<li>Die Handfl\u00e4che aus hochwertigem Wildleder und die Verst\u00e4rkung der Landung sorgen f\u00fcr Grip, Kontrolle und Haltbarkeit.<\/li>\n<li>Der ergonomisch geformte Alpinestars Kn\u00f6chelschutz aus Karbon bietet au\u00dfergew\u00f6hnlichen Aufprall- und Abriebschutz. Der Schutz ist auf der Innenseite mit dickem EVA-Schaumstoff verst\u00e4rkt, um Passform, Komfort und Sto\u00dfd\u00e4mpfung zu verbessern. <\/li>\n<li>Fingeroberseiten und Handr\u00fccken mit Poly-Mesh und TPR-Eins\u00e4tzen f\u00fcr zus\u00e4tzliche Abriebfestigkeit und Bel\u00fcftung in kritischen Bereichen.<\/li>\n<li>Aufprallabsorbierende EVA-Schaumstoffplatten am Daumen f\u00fcr zus\u00e4tzliche Aufprallleistung.  <\/li>\n<li>3D-Mesh-Finger- und Daumenoberfl\u00e4chen f\u00fcr K\u00fchlleistung.<\/li>\n<li>Vorgekr\u00fcmmte Fingerkonstruktion f\u00fcr erm\u00fcdungsfreies Fahren.<\/li>\n<li>Handgelenkmanschette aus Neopren mit Klettverschluss und TPR-Verschluss f\u00fcr einen sicheren und individuellen Verschluss.<\/li>\n<li>Touchscreen-kompatible Zeigefingerspitze und Daumen f\u00fcr die Verwendung mit Smartphones und GPS-Systemen.<\/li>\n<li>Stretch-Finger-Seitenw\u00e4nde f\u00fcr mehr Flexibilit\u00e4t und Komfort.<\/li>\n<\/ul>\n<p>Zusammensetzung des Rohmaterials: Leder, Carbon, Mikrofasern<\/p>\n","protected":false},"excerpt":{"rendered":"<p>Die Alpinestars SMX-2 Air Carbon V2 Handschuhe haben ein innovatives Design. Sie sind aus neuen Materialien&#8230;<\/p>\n","protected":false},"featured_media":1987,"comment_status":"open","ping_status":"open","template":"","meta":{"_acf_changed":false},"brand":[2111],"gender":[],"product_brand":[],"product_cat":[1357,2086],"product_tag":[],"class_list":{"0":"post-127990","1":"product","2":"type-product","3":"status-publish","4":"has-post-thumbnail","6":"brand-alpinestars-de","7":"product_cat-ausrustung-fur-motorradfahrer","8":"product_cat-handschuhe","9":"pa_size-l-de","10":"pa_size-m-de","11":"pa_size-s-de","12":"pa_size-xl-de","13":"pa_size-xxl-de","14":"pa_size-xxxl-de","16":"first","17":"instock","18":"taxable","19":"shipping-taxable","20":"purchasable","21":"product-type-variable"},"acf":[],"_links":{"self":[{"href":"https:\/\/moto-oprema.com\/de\/wp-json\/wp\/v2\/product\/127990","targetHints":{"allow":["GET"]}}],"collection":[{"href":"https:\/\/moto-oprema.com\/de\/wp-json\/wp\/v2\/product"}],"about":[{"href":"https:\/\/moto-oprema.com\/de\/wp-json\/wp\/v2\/types\/product"}],"replies":[{"embeddable":true,"href":"https:\/\/moto-oprema.com\/de\/wp-json\/wp\/v2\/comments?post=127990"}],"wp:featuredmedia":[{"embeddable":true,"href":"https:\/\/moto-oprema.com\/de\/wp-json\/wp\/v2\/media\/1987"}],"wp:attachment":[{"href":"https:\/\/moto-oprema.com\/de\/wp-json\/wp\/v2\/media?parent=127990"}],"wp:term":[{"taxonomy":"brand","embeddable":true,"href":"https:\/\/moto-oprema.com\/de\/wp-json\/wp\/v2\/brand?post=127990"},{"taxonomy":"gender","embeddable":true,"href":"https:\/\/moto-oprema.com\/de\/wp-json\/wp\/v2\/gender?post=127990"},{"taxonomy":"product_brand","embeddable":true,"href":"https:\/\/moto-oprema.com\/de\/wp-json\/wp\/v2\/product_brand?post=127990"},{"taxonomy":"product_cat","embeddable":true,"href":"https:\/\/moto-oprema.com\/de\/wp-json\/wp\/v2\/product_cat?post=127990"},{"taxonomy":"product_tag","embeddable":true,"href":"https:\/\/moto-oprema.com\/de\/wp-json\/wp\/v2\/product_tag?post=127990"}],"curies":[{"name":"wp","href":"https:\/\/api.w.org\/{rel}","templated":true}]}}