{"id":127933,"date":"2019-01-28T09:04:13","date_gmt":"2019-01-28T09:04:13","guid":{"rendered":"https:\/\/moto-oprema.com\/Artikel\/dainese-ellbogenschuetzer-elbow-v-e1\/"},"modified":"2019-01-28T09:04:13","modified_gmt":"2019-01-28T09:04:13","slug":"dainese-ellbogenschuetzer-elbow-v-e1","status":"publish","type":"product","link":"https:\/\/moto-oprema.com\/de\/Artikel\/dainese-ellbogenschuetzer-elbow-v-e1\/","title":{"rendered":"DAINESE Ellbogensch\u00fctzer ELBOW V E1"},"content":{"rendered":"<p style=\"font-style:normal;font-weight:normal;text-decoration:none;\">\n<div class=\"tw-ta-container tw-nfl\" id=\"tw-target-text-container\"><span xml_lang=\"sl\" lang=\"sl\">Ellbogen- und Unterarmsch\u00fctzer mit verstellbaren Riemen<br \/><\/span><\/div>\n<div class=\"tw-ta-container tw-nfl\"><span xml_lang=\"sl\" lang=\"sl\"><\/span><span xml_lang=\"sl\" lang=\"sl\">Elastische G\u00fcrtel  <\/span><\/div>\n<div class=\"tw-ta-container tw-nfl\"><\/div>\n<div class=\"tw-ta-container tw-nfl\"><span xml_lang=\"sl\" lang=\"sl\">Perforierter Stoff f\u00fcr gute Bel\u00fcftung  <\/span><span xml_lang=\"sl\" lang=\"sl\"><\/span><\/div>\n<div class=\"tw-ta-container tw-nfl\"><\/div>\n<div class=\"tw-ta-container tw-nfl\"><span xml_lang=\"sl\" lang=\"sl\">CE-zertifizierte Schutzvorrichtungen &#8211; Stufe 2 &#8211; EN 1621.1<\/span><span xml_lang=\"sl\" lang=\"sl\"><\/span><\/div>\n<div class=\"tw-ta-container tw-nfl\"><\/div>\n<div class=\"tw-ta-container tw-nfl\"><span xml_lang=\"sl\" lang=\"sl\">Zusammensetzung &#8211; Sandwich aus Polyamid, Elastan und Polyurethan  <br \/><\/span><span xml_lang=\"sl\" lang=\"sl\"><\/span><span xml_lang=\"sl\" lang=\"sl\"><\/span><\/div>\n<div class=\"tw-ta-container tw-nfl\"><\/div>\n<div class=\"tw-ta-container tw-nfl\"><span xml_lang=\"sl\" lang=\"sl\">Eine Gr\u00f6\u00dfe f\u00fcr alle.  <\/span><\/div>\n<p style=\"font-style:normal;font-weight:normal;text-decoration:none;\">\n<div class=\"tw-ta-container tw-nfl\" id=\"z6maec\">\n<p class=\"tw-data-placeholder tw-text-small tw-ta\" id=\"tw-target-rmn\" style=\"text-align:left;\" dir=\"ltr\">\n<\/div>\n<p style=\"font-style:normal;font-weight:normal;text-decoration:none;\">\n<p style=\"font-style:normal;font-weight:normal;text-decoration:none;\">\n","protected":false},"excerpt":{"rendered":"<p>Ellbogen- und Unterarmsch\u00fctzer mit verstellbaren Riemen Elastische G\u00fcrtel Perforierter Stoff f\u00fcr gute Bel\u00fcftung CE-zertifizierte Schutzvorrichtungen &#8211;&#8230;<\/p>\n","protected":false},"featured_media":3400,"comment_status":"open","ping_status":"open","template":"","meta":{"_acf_changed":false},"brand":[2113],"gender":[],"product_brand":[],"product_cat":[1357,2209],"product_tag":[],"class_list":{"0":"post-127933","1":"product","2":"type-product","3":"status-publish","4":"has-post-thumbnail","6":"brand-dainese-de","7":"product_cat-ausrustung-fur-motorradfahrer","8":"product_cat-schutzschilde-und-airbags","10":"first","11":"onbackorder","12":"sale","13":"taxable","14":"shipping-taxable","15":"purchasable","16":"product-type-simple"},"acf":[],"_links":{"self":[{"href":"https:\/\/moto-oprema.com\/de\/wp-json\/wp\/v2\/product\/127933","targetHints":{"allow":["GET"]}}],"collection":[{"href":"https:\/\/moto-oprema.com\/de\/wp-json\/wp\/v2\/product"}],"about":[{"href":"https:\/\/moto-oprema.com\/de\/wp-json\/wp\/v2\/types\/product"}],"replies":[{"embeddable":true,"href":"https:\/\/moto-oprema.com\/de\/wp-json\/wp\/v2\/comments?post=127933"}],"wp:featuredmedia":[{"embeddable":true,"href":"https:\/\/moto-oprema.com\/de\/wp-json\/wp\/v2\/media\/3400"}],"wp:attachment":[{"href":"https:\/\/moto-oprema.com\/de\/wp-json\/wp\/v2\/media?parent=127933"}],"wp:term":[{"taxonomy":"brand","embeddable":true,"href":"https:\/\/moto-oprema.com\/de\/wp-json\/wp\/v2\/brand?post=127933"},{"taxonomy":"gender","embeddable":true,"href":"https:\/\/moto-oprema.com\/de\/wp-json\/wp\/v2\/gender?post=127933"},{"taxonomy":"product_brand","embeddable":true,"href":"https:\/\/moto-oprema.com\/de\/wp-json\/wp\/v2\/product_brand?post=127933"},{"taxonomy":"product_cat","embeddable":true,"href":"https:\/\/moto-oprema.com\/de\/wp-json\/wp\/v2\/product_cat?post=127933"},{"taxonomy":"product_tag","embeddable":true,"href":"https:\/\/moto-oprema.com\/de\/wp-json\/wp\/v2\/product_tag?post=127933"}],"curies":[{"name":"wp","href":"https:\/\/api.w.org\/{rel}","templated":true}]}}