{"id":127931,"date":"2019-01-28T08:58:16","date_gmt":"2019-01-28T08:58:16","guid":{"rendered":"https:\/\/moto-oprema.com\/Artikel\/dainese-knieschuetzer-knee-v-e1\/"},"modified":"2019-01-28T08:58:16","modified_gmt":"2019-01-28T08:58:16","slug":"dainese-knieschuetzer-knee-v-e1","status":"publish","type":"product","link":"https:\/\/moto-oprema.com\/de\/Artikel\/dainese-knieschuetzer-knee-v-e1\/","title":{"rendered":"DAINESE Kniesch\u00fctzer KNEE V E1"},"content":{"rendered":"<div id=\"tw-target-text-container\" class=\"tw-ta-container tw-nfl\">\n<p id=\"tw-target-text\" class=\"tw-data-text tw-text-large tw-ta\" dir=\"ltr\" style=\"text-align: left;\"><span lang=\"sl\"><strong>Merkmale:<\/strong>    <\/span><\/p>\n<p class=\"tw-data-text tw-text-large tw-ta\" dir=\"ltr\" style=\"text-align: left;\"><span lang=\"sl\">Komposit-Protektoren  <\/span><\/p>\n<p class=\"tw-data-text tw-text-large tw-ta\" dir=\"ltr\" style=\"text-align: left;\"><span lang=\"sl\">Knieschoner und oberer und mittlerer Schienbeinschoner mit St\u00fctzriemen<br \/>\n<\/span><\/p>\n<p class=\"tw-data-text tw-text-large tw-ta\" dir=\"ltr\" style=\"text-align: left;\"><span lang=\"sl\">Perforierte Pads  <\/span><\/p>\n<p class=\"tw-data-text tw-text-large tw-ta\" dir=\"ltr\" style=\"text-align: left;\"><span lang=\"sl\">Elastischer Bund<br \/>\n<\/span><\/p>\n<p class=\"tw-data-text tw-text-large tw-ta\" dir=\"ltr\" style=\"text-align: left;\"><span lang=\"sl\">Innere Sandwich-Zusammensetzung aus Polyamid, Elastan und Polyurethan  <\/span><\/p>\n<p class=\"tw-data-text tw-text-large tw-ta\" dir=\"ltr\" style=\"text-align: left;\"><span lang=\"sl\">Externe Polyethylenplatten  <\/span><\/p>\n<p class=\"tw-data-text tw-text-large tw-ta\" dir=\"ltr\" style=\"text-align: left;\"><span lang=\"sl\">Ein synthetisches Polymer, das zur Herstellung der harten Schale von Schilden verwendet wird.  <\/span><\/p>\n<p class=\"tw-data-text tw-text-large tw-ta\" dir=\"ltr\" style=\"text-align: left;\"><span lang=\"sl\">Sie zeichnen sich durch erh\u00f6hte Abrieb- und Sto\u00dffestigkeit aus. Sehr leicht und vollst\u00e4ndig wasserdicht.   <\/span><\/p>\n<\/div>\n<div id=\"z6maec\" class=\"tw-ta-container tw-nfl\">\n<p id=\"tw-target-rmn\" class=\"tw-data-placeholder tw-text-small tw-ta\" dir=\"ltr\" style=\"text-align: left;\">\n<\/div>\n<p style=\"font-style: normal; font-weight: normal; text-decoration: none;\">\n","protected":false},"excerpt":{"rendered":"<p>Merkmale: Komposit-Protektoren Knieschoner und oberer und mittlerer Schienbeinschoner mit St\u00fctzriemen Perforierte Pads Elastischer Bund Innere Sandwich-Zusammensetzung&#8230;<\/p>\n","protected":false},"featured_media":127932,"comment_status":"open","ping_status":"closed","template":"","meta":{"_acf_changed":false},"brand":[2113],"gender":[],"product_brand":[],"product_cat":[2076],"product_tag":[],"class_list":{"0":"post-127931","1":"product","2":"type-product","3":"status-publish","4":"has-post-thumbnail","6":"brand-dainese-de","7":"product_cat-mtb-schilder","9":"first","10":"onbackorder","11":"taxable","12":"shipping-taxable","13":"purchasable","14":"product-type-simple"},"acf":[],"_links":{"self":[{"href":"https:\/\/moto-oprema.com\/de\/wp-json\/wp\/v2\/product\/127931","targetHints":{"allow":["GET"]}}],"collection":[{"href":"https:\/\/moto-oprema.com\/de\/wp-json\/wp\/v2\/product"}],"about":[{"href":"https:\/\/moto-oprema.com\/de\/wp-json\/wp\/v2\/types\/product"}],"replies":[{"embeddable":true,"href":"https:\/\/moto-oprema.com\/de\/wp-json\/wp\/v2\/comments?post=127931"}],"wp:featuredmedia":[{"embeddable":true,"href":"https:\/\/moto-oprema.com\/de\/wp-json\/wp\/v2\/media\/127932"}],"wp:attachment":[{"href":"https:\/\/moto-oprema.com\/de\/wp-json\/wp\/v2\/media?parent=127931"}],"wp:term":[{"taxonomy":"brand","embeddable":true,"href":"https:\/\/moto-oprema.com\/de\/wp-json\/wp\/v2\/brand?post=127931"},{"taxonomy":"gender","embeddable":true,"href":"https:\/\/moto-oprema.com\/de\/wp-json\/wp\/v2\/gender?post=127931"},{"taxonomy":"product_brand","embeddable":true,"href":"https:\/\/moto-oprema.com\/de\/wp-json\/wp\/v2\/product_brand?post=127931"},{"taxonomy":"product_cat","embeddable":true,"href":"https:\/\/moto-oprema.com\/de\/wp-json\/wp\/v2\/product_cat?post=127931"},{"taxonomy":"product_tag","embeddable":true,"href":"https:\/\/moto-oprema.com\/de\/wp-json\/wp\/v2\/product_tag?post=127931"}],"curies":[{"name":"wp","href":"https:\/\/api.w.org\/{rel}","templated":true}]}}