{"id":127914,"date":"2019-03-14T06:17:10","date_gmt":"2019-03-14T06:17:10","guid":{"rendered":"https:\/\/moto-oprema.com\/Artikel\/dainese-regenschutz-fuer-stiefel\/"},"modified":"2019-03-14T06:17:10","modified_gmt":"2019-03-14T06:17:10","slug":"dainese-regenschutz-fuer-stiefel","status":"publish","type":"product","link":"https:\/\/moto-oprema.com\/de\/Artikel\/dainese-regenschutz-fuer-stiefel\/","title":{"rendered":"DAINESE REGENSCHUTZ F\u00dcR STIEFEL"},"content":{"rendered":"<p style=\"font-style:normal;font-weight:normal;text-decoration:none;\">\n<p><span style=\"color:#000000;\"><span style=\"font-family:'Times New Roman', serif;\"><span style=\"font-size:medium;\"><span style=\"font-size:medium;\"><span style=\"color:#cccccc;font-family:Calibri, Arial, Helvetica, sans-serif;font-size:15px;font-style:normal;font-weight:400;letter-spacing:normal;text-align:justify;text-indent:0px;text-transform:none;white-space:normal;word-spacing:0px;background-color:#2e2d30;float:none;\"><br \/><\/span><\/span><span style=\"font-size:medium;\"><\/span><\/span><\/span><\/span><\/p>\n","protected":false},"excerpt":{"rendered":"<p>Ein Paar Regen\u00fcberz\u00fcge f\u00fcr Ihre Stiefel in einer praktischen kleinen Tasche. Gummisohle und Seitenteil. Verschluss mit&#8230;<\/p>\n","protected":false},"featured_media":158779,"comment_status":"open","ping_status":"closed","template":"","meta":{"_acf_changed":false},"brand":[2113],"gender":[],"product_brand":[],"product_cat":[1357,2208,2189,2411],"product_tag":[],"class_list":{"0":"post-127914","1":"product","2":"type-product","3":"status-publish","4":"has-post-thumbnail","6":"brand-dainese-de","7":"product_cat-ausrustung-fur-motorradfahrer","8":"product_cat-funktionskleidung-und-unterwasche","9":"product_cat-hose","10":"product_cat-regenkleidung","11":"pa_size-l-de","12":"pa_size-m-de","13":"pa_size-s-de","15":"first","16":"onbackorder","17":"taxable","18":"shipping-taxable","19":"purchasable","20":"product-type-variable"},"acf":[],"_links":{"self":[{"href":"https:\/\/moto-oprema.com\/de\/wp-json\/wp\/v2\/product\/127914","targetHints":{"allow":["GET"]}}],"collection":[{"href":"https:\/\/moto-oprema.com\/de\/wp-json\/wp\/v2\/product"}],"about":[{"href":"https:\/\/moto-oprema.com\/de\/wp-json\/wp\/v2\/types\/product"}],"replies":[{"embeddable":true,"href":"https:\/\/moto-oprema.com\/de\/wp-json\/wp\/v2\/comments?post=127914"}],"wp:featuredmedia":[{"embeddable":true,"href":"https:\/\/moto-oprema.com\/de\/wp-json\/wp\/v2\/media\/158779"}],"wp:attachment":[{"href":"https:\/\/moto-oprema.com\/de\/wp-json\/wp\/v2\/media?parent=127914"}],"wp:term":[{"taxonomy":"brand","embeddable":true,"href":"https:\/\/moto-oprema.com\/de\/wp-json\/wp\/v2\/brand?post=127914"},{"taxonomy":"gender","embeddable":true,"href":"https:\/\/moto-oprema.com\/de\/wp-json\/wp\/v2\/gender?post=127914"},{"taxonomy":"product_brand","embeddable":true,"href":"https:\/\/moto-oprema.com\/de\/wp-json\/wp\/v2\/product_brand?post=127914"},{"taxonomy":"product_cat","embeddable":true,"href":"https:\/\/moto-oprema.com\/de\/wp-json\/wp\/v2\/product_cat?post=127914"},{"taxonomy":"product_tag","embeddable":true,"href":"https:\/\/moto-oprema.com\/de\/wp-json\/wp\/v2\/product_tag?post=127914"}],"curies":[{"name":"wp","href":"https:\/\/api.w.org\/{rel}","templated":true}]}}