{"id":127841,"date":"2017-03-15T13:54:55","date_gmt":"2017-03-15T13:54:55","guid":{"rendered":"https:\/\/moto-oprema.com\/Artikel\/alpinestars-a-4-bns\/"},"modified":"2017-03-15T13:54:55","modified_gmt":"2017-03-15T13:54:55","slug":"alpinestars-a-4-bns","status":"publish","type":"product","link":"https:\/\/moto-oprema.com\/de\/Artikel\/alpinestars-a-4-bns\/","title":{"rendered":"ALPINESTARS A-4 BNS"},"content":{"rendered":"<p>Vordere und hintere Hartschale aus einem Poly-Mischgewebe. Die Mischung ist f\u00fcr Flexibilit\u00e4t und Leichtigkeit optimiert.   <br \/>Die Protektoren haben die folgenden Zertifikate:<\/p>\n<ul>\n<li>Frontschale zertifiziert nach EN 14021 (Steinschlagschutz)  <\/li>\n<li>R\u00fcckenprotektor zertifiziert nach der EN 1621_2: 2014 Stufe 1.<\/li>\n<\/ul>\n<p>Merkmale:<\/p>\n<ul>\n<li>Das Obermaterial ist f\u00fcr maximale Atmungsaktivit\u00e4t und k\u00fchlende Bel\u00fcftung perforiert, perfekt f\u00fcr hei\u00dfe, staubige Streckenfahrten.<\/li>\n<li>Der verstellbare, elastische Nierengurt ist mit thermogeformten, perforierten Rippenschutzplatten ausgestattet, die ein hohes Ma\u00df an Schutz bieten, ohne die Bewegungsfreiheit einzuschr\u00e4nken.  <\/li>\n<li>Das Nierenverschlusssystem hat neu gestaltete, schnell und einfach zu bedienende Schnallen. Der neue Schutzverschluss bedeutet, dass eine Gr\u00f6\u00dfe f\u00fcr eine Vielzahl von Fahrertypen geeignet ist.   <\/li>\n<li>Weiches, mit Bioschaum gepolstertes Chassis f\u00fcr optimalen Komfort und k\u00f6rpernahe Passform.<\/li>\n<li>Das modulare Design bedeutet, dass der A-4 f\u00fcr die Verwendung mit BNS-Nackenst\u00fctzen optimiert ist:<\/li>\n<li>Abnehmbare, gepolsterte Platte im oberen R\u00fcckenbereich f\u00fcr Kompatibilit\u00e4t mit der BNS-Nackenst\u00fctze.<\/li>\n<li>Soft-Touch-BNS-Abzieher f\u00fcr einfaches und sicheres Einsetzen des BNS.<\/li>\n<li>Abnehmbare und verstellbare Schulterpolster zur Gr\u00f6\u00dfenregulierung mit integriertem BNS-Abzieher.<\/li>\n<li>Zus\u00e4tzliche thermogeformte EVA-Schwanzverl\u00e4ngerung f\u00fcr erweiterten Schutz im Stei\u00dfbeinbereich.<\/li>\n<\/ul>\n<p>Zusammensetzung des Rohmaterials: Poly-Gewebe, EVA<\/p><\/p>\n","protected":false},"excerpt":{"rendered":"<p>Vordere und hintere Hartschale aus einem Poly-Mischgewebe. Die Mischung ist f\u00fcr Flexibilit\u00e4t und Leichtigkeit optimiert. Die&#8230;<\/p>\n","protected":false},"featured_media":2397,"comment_status":"open","ping_status":"open","template":"","meta":{"_acf_changed":false},"brand":[2111],"gender":[],"product_brand":[],"product_cat":[2028],"product_tag":[],"class_list":{"0":"post-127841","1":"product","2":"type-product","3":"status-publish","4":"has-post-thumbnail","6":"brand-alpinestars-de","7":"product_cat-motocross-ausrustung","8":"pa_size-m-l-de","9":"pa_size-xl-xxl-de","10":"pa_size-xs-s-de","12":"first","13":"instock","14":"taxable","15":"shipping-taxable","16":"purchasable","17":"product-type-variable"},"acf":[],"_links":{"self":[{"href":"https:\/\/moto-oprema.com\/de\/wp-json\/wp\/v2\/product\/127841","targetHints":{"allow":["GET"]}}],"collection":[{"href":"https:\/\/moto-oprema.com\/de\/wp-json\/wp\/v2\/product"}],"about":[{"href":"https:\/\/moto-oprema.com\/de\/wp-json\/wp\/v2\/types\/product"}],"replies":[{"embeddable":true,"href":"https:\/\/moto-oprema.com\/de\/wp-json\/wp\/v2\/comments?post=127841"}],"wp:featuredmedia":[{"embeddable":true,"href":"https:\/\/moto-oprema.com\/de\/wp-json\/wp\/v2\/media\/2397"}],"wp:attachment":[{"href":"https:\/\/moto-oprema.com\/de\/wp-json\/wp\/v2\/media?parent=127841"}],"wp:term":[{"taxonomy":"brand","embeddable":true,"href":"https:\/\/moto-oprema.com\/de\/wp-json\/wp\/v2\/brand?post=127841"},{"taxonomy":"gender","embeddable":true,"href":"https:\/\/moto-oprema.com\/de\/wp-json\/wp\/v2\/gender?post=127841"},{"taxonomy":"product_brand","embeddable":true,"href":"https:\/\/moto-oprema.com\/de\/wp-json\/wp\/v2\/product_brand?post=127841"},{"taxonomy":"product_cat","embeddable":true,"href":"https:\/\/moto-oprema.com\/de\/wp-json\/wp\/v2\/product_cat?post=127841"},{"taxonomy":"product_tag","embeddable":true,"href":"https:\/\/moto-oprema.com\/de\/wp-json\/wp\/v2\/product_tag?post=127841"}],"curies":[{"name":"wp","href":"https:\/\/api.w.org\/{rel}","templated":true}]}}