{"id":127825,"date":"2017-02-10T11:47:28","date_gmt":"2017-02-10T11:47:28","guid":{"rendered":"https:\/\/moto-oprema.com\/Artikel\/alpinestars-stella-smx-6-v2-frauen\/"},"modified":"2017-02-10T11:47:28","modified_gmt":"2017-02-10T11:47:28","slug":"alpinestars-stella-smx-6-v2-frauen","status":"publish","type":"product","link":"https:\/\/moto-oprema.com\/de\/Artikel\/alpinestars-stella-smx-6-v2-frauen\/","title":{"rendered":"ALPINESTARS STELLA SMX-6 V2 FRAUEN"},"content":{"rendered":"<p>Die Alpinestars Stella SMX-6 V2 Stiefel wurden speziell f\u00fcr Frauen neu entwickelt. Sie beinhalten die neuesten Entwicklungen und Entdeckungen von Alpinestars im Bereich Schuhe. Jedes CE-zertifizierte Teil wurde speziell entwickelt, um Fahrerinnen einen entscheidenden Vorteil in Sachen Sicherheit, Ergonomie und Leistung zu bieten. Dar\u00fcber hinaus ist der Alpinestars Stella SMX-6 V2 Stiefel auch noch bequem.  <\/p>\n<p>Merkmale:<\/p>\n<ul>\n<li>Speziell f\u00fcr die weibliche Performance-Passform entworfen und konstruiert.<\/li>\n<li>Das neu gestaltete Obermaterial des Stiefels verf\u00fcgt \u00fcber innovative Zonen an der Vorderseite, am hinteren Balg und an der hinteren Wade, die f\u00fcr ein H\u00f6chstma\u00df an Flexibilit\u00e4t sorgen. <\/li>\n<li>Ergonomischer neuer Leisten f\u00fcr den Vorfu\u00dfbereich, der eine bessere Kontrolle \u00fcber die Bedienelemente des Fahrrads erm\u00f6glicht und f\u00fcr ein \u00fcberragendes, breit gef\u00e4chertes Fu\u00dfprofil, Passform und Komfort sorgt.  <\/li>\n<li>Der innovative seitliche Kn\u00f6chelschutz aus TPU von Alpinestars bietet eine biomechanische Unterst\u00fctzung zwischen der oberen Wade\/dem Schienbein und dem Kn\u00f6chel und bietet eine verbesserte strukturelle Integrit\u00e4t, Schutz vor Aufprallst\u00f6\u00dfen, wiederholte Abriebfestigkeit und Flex-Unterst\u00fctzung.  <\/li>\n<li>Die neue und exklusive Gummisohle von Alpinestars sorgt f\u00fcr mehr Gef\u00fchl und Grip, Wasserableitung und Haltbarkeit.<\/li>\n<li>Bel\u00fcftungs\u00f6ffnungen an der Fersenkappe und der Schienbeinplatte sowie atmungsaktive Mesh-Eins\u00e4tze (nur bei der bel\u00fcfteten Version) verbessern den Komfort und verringern die Erm\u00fcdung bei langen Fahrten.  <\/li>\n<li>Schienbeinschutz, Wadenschutz, Fersenkappe, Schaltkissen, Kn\u00f6chelschutz und Zehenschieber aus TPU mit hohem Modulus f\u00fcr verbesserten Sto\u00dfschutz und Haltbarkeit.<\/li>\n<li>Der Kn\u00f6chelprotektor mit doppelter Dichte auf der medialen Seite, der unter dem Obermaterial angebracht ist, bietet Schutz in diesem wichtigen Bereich.<\/li>\n<li>Der integrierte, austauschbare, bi-injizierte TPU-Schieber verf\u00fcgt \u00fcber ein neues Konzept zur einfachen Schraubbefestigung f\u00fcr einen schnelleren und einfacheren Austausch.  <\/li>\n<li>Innovative Spann- und Achillessehnen-Flexzonen-Konstruktion f\u00fcr \u00fcberragenden Komfort, Dehnung, Kontrolle und Halt.<\/li>\n<li>Innensohle mit integrierter Schaftverst\u00e4rkung f\u00fcr zus\u00e4tzlichen Halt im Fu\u00dfgew\u00f6lbebereich und Fu\u00dfschutz.<\/li>\n<li>Das \u00d6ffnungs-\/Verschlusssystem an der medialen Seite verf\u00fcgt \u00fcber einen elastisch angebrachten Rei\u00dfverschluss mit breitem Klettverschluss f\u00fcr Flexibilit\u00e4t und sicheren Sitz. Die \u00d6ffnung ist gro\u00df, um den Ein- und Ausstieg zu erleichtern. <\/li>\n<li>Ein interner Zehenschutz ist unter dem Obermaterial angebracht und sorgt f\u00fcr Strapazierf\u00e4higkeit, ein besseres Gef\u00fchl und mehr Leistung.  <\/li>\n<li>Atmungsaktives Innenfutter aus Textil und eine rutschfeste Wildlederverst\u00e4rkung im Fersenbereich sorgen daf\u00fcr, dass der Fu\u00df w\u00e4hrend der Fahrt in Position bleibt.<\/li>\n<li>Das neue, herausnehmbare anatomische Fu\u00dfbett besteht aus EVA und Lycra f\u00fcr Leistung, Komfort und Halt.<\/li>\n<li>Der STELLA SMX-6 V2 Stiefel ist CE-zertifiziert.<\/li>\n<\/ul>\n<p>Materialeigenschaften: Mikrofaser, TPU, Lycra<\/p>\n","protected":false},"excerpt":{"rendered":"<p>Die Alpinestars Stella SMX-6 V2 Stiefel wurden speziell f\u00fcr Frauen neu entwickelt. Farbe: Schwarz &#8211; Wei\u00df<\/p>\n","protected":false},"featured_media":2066,"comment_status":"open","ping_status":"open","template":"","meta":{"_acf_changed":false},"brand":[2111],"gender":[],"product_brand":[],"product_cat":[1357],"product_tag":[],"class_list":{"0":"post-127825","1":"product","2":"type-product","3":"status-publish","4":"has-post-thumbnail","6":"brand-alpinestars-de","7":"product_cat-ausrustung-fur-motorradfahrer","8":"pa_size-36-de","9":"pa_size-37-de","10":"pa_size-38-de","11":"pa_size-39-de","12":"pa_size-40-de","13":"pa_size-41-de","14":"pa_size-42-de","15":"pa_size-43-de","17":"first","18":"instock","19":"sale","20":"taxable","21":"shipping-taxable","22":"purchasable","23":"product-type-variable"},"acf":[],"_links":{"self":[{"href":"https:\/\/moto-oprema.com\/de\/wp-json\/wp\/v2\/product\/127825","targetHints":{"allow":["GET"]}}],"collection":[{"href":"https:\/\/moto-oprema.com\/de\/wp-json\/wp\/v2\/product"}],"about":[{"href":"https:\/\/moto-oprema.com\/de\/wp-json\/wp\/v2\/types\/product"}],"replies":[{"embeddable":true,"href":"https:\/\/moto-oprema.com\/de\/wp-json\/wp\/v2\/comments?post=127825"}],"wp:featuredmedia":[{"embeddable":true,"href":"https:\/\/moto-oprema.com\/de\/wp-json\/wp\/v2\/media\/2066"}],"wp:attachment":[{"href":"https:\/\/moto-oprema.com\/de\/wp-json\/wp\/v2\/media?parent=127825"}],"wp:term":[{"taxonomy":"brand","embeddable":true,"href":"https:\/\/moto-oprema.com\/de\/wp-json\/wp\/v2\/brand?post=127825"},{"taxonomy":"gender","embeddable":true,"href":"https:\/\/moto-oprema.com\/de\/wp-json\/wp\/v2\/gender?post=127825"},{"taxonomy":"product_brand","embeddable":true,"href":"https:\/\/moto-oprema.com\/de\/wp-json\/wp\/v2\/product_brand?post=127825"},{"taxonomy":"product_cat","embeddable":true,"href":"https:\/\/moto-oprema.com\/de\/wp-json\/wp\/v2\/product_cat?post=127825"},{"taxonomy":"product_tag","embeddable":true,"href":"https:\/\/moto-oprema.com\/de\/wp-json\/wp\/v2\/product_tag?post=127825"}],"curies":[{"name":"wp","href":"https:\/\/api.w.org\/{rel}","templated":true}]}}