{"id":127778,"date":"2019-01-28T06:11:58","date_gmt":"2019-01-28T06:11:58","guid":{"rendered":"https:\/\/moto-oprema.com\/Artikel\/dainese-wave-d1-air-rueckenprotektor\/"},"modified":"2019-01-28T06:11:58","modified_gmt":"2019-01-28T06:11:58","slug":"dainese-wave-d1-air-rueckenprotektor","status":"publish","type":"product","link":"https:\/\/moto-oprema.com\/de\/Artikel\/dainese-wave-d1-air-rueckenprotektor\/","title":{"rendered":"DAINESE WAVE D1 AIR R\u00fcckenprotektor"},"content":{"rendered":"<p><span xml_lang=\"sl\" lang=\"sl\">Der DAINESE Wave 1S \/ 11\/12\/13 bietet ein H\u00f6chstma\u00df an Schutz. Er ist leicht, ergonomisch und verf\u00fcgt \u00fcber eine hervorragende Bel\u00fcftung. Dieser R\u00fcckenprotektor f\u00fcr den Rennsport wurde mit der Hilfe und Beratung von Top-Rennfahrern entwickelt. Der DAINESE Wave 1S ist nach EN 1621.2 Standard 2 zugelassen und bietet Ergonomie und Fahrkomfort.     <\/span><\/p>\n<p>Zusammensetzung: Sandwichstruktur mit Aluminiumf\u00fcllung. Er ist extrem leicht und gut bel\u00fcftet. Die Schultergurte sind verstellbar oder abnehmbar. Der R\u00fcckenprotektor sitzt perfekt und behindert den Motorradfahrer nicht. Er kann beim Fahren eines Supersportmotorrads oder eines Tourenmotorrads verwendet werden.     <\/p>\n<div class=\"tw-ta-container tw-nfl\" id=\"tw-target-text-container\">\n<p class=\"tw-data-text tw-text-large tw-ta\" style=\"text-align:left;\" dir=\"ltr\"><span xml_lang=\"sl\" lang=\"sl\"><strong>Schutz:  <\/strong>    <\/span><\/p>\n<p class=\"tw-data-text tw-text-large tw-ta\" style=\"text-align:left;\" dir=\"ltr\"><span xml_lang=\"sl\" lang=\"sl\">R\u00fcckenprotektor zertifiziert nach der Norm EN 1621.2\/2014 (Stufe 2)  <\/span><\/p>\n<p class=\"tw-data-text tw-text-large tw-ta\" style=\"text-align:left;\" dir=\"ltr\"><span xml_lang=\"sl\" lang=\"sl\">Au\u00dfenplatten aus Polypropylen mit perforierter und gewellter Struktur  <\/span><\/p>\n<p class=\"tw-data-text tw-text-large tw-ta\" style=\"text-align:left;\" dir=\"ltr\"><span xml_lang=\"sl\" lang=\"sl\">Aluminiumwabenrahmen und Astrosorb  <\/span><\/p>\n<p class=\"tw-data-text tw-text-large tw-ta\" style=\"text-align:left;\" dir=\"ltr\"><span xml_lang=\"sl\" lang=\"sl\"><strong>Komfort:  <\/strong>   <\/span><\/p>\n<p class=\"tw-data-text tw-text-large tw-ta\" style=\"text-align:left;\" dir=\"ltr\"><span xml_lang=\"sl\" lang=\"sl\">Nierengurt mit doppeltem Verstellriemen  <\/span><\/p>\n<p class=\"tw-data-text tw-text-large tw-ta\" style=\"text-align:left;\" dir=\"ltr\"><span xml_lang=\"sl\" lang=\"sl\">Thermogeformte Polyurethan-Schaumstoffauskleidung  <\/span><\/p>\n<p class=\"tw-data-text tw-text-large tw-ta\" style=\"text-align:left;\" dir=\"ltr\"><span xml_lang=\"sl\" lang=\"sl\">Verstellbare und abnehmbare Gurte  <\/span><\/p>\n<p class=\"tw-data-text tw-text-large tw-ta\" style=\"text-align:left;\" dir=\"ltr\"><span xml_lang=\"sl\" lang=\"sl\">Der W\u00e4chter kann sich nach rechts und links bewegen und nicht ausrutschen  <\/span><\/p>\n<p class=\"tw-data-text tw-text-large tw-ta\" style=\"text-align:left;\" dir=\"ltr\">\n<p class=\"tw-data-text tw-text-large tw-ta\" style=\"text-align:left;\" dir=\"ltr\"><span xml_lang=\"sl\" lang=\"sl\">Innenfutter aus Polyester  <\/p>\n<p><\/span><\/p>\n<\/div>\n<p>Erh\u00e4ltlich in vier Polsterl\u00e4ngen (1S, 11, 12 oder 13) und zwei Lendengurtl\u00e4ngen (M oder L).<\/p>\n<p style=\"margin-bottom:0cm;font-style:normal;font-weight:normal;text-decoration:none;\">\n<\/p>\n<p style=\"margin-bottom:0cm;font-style:normal;font-weight:normal;text-decoration:none;\">\n","protected":false},"excerpt":{"rendered":"<p>Der DAINESE Wave 1S \/ 11\/12\/13 bietet ein H\u00f6chstma\u00df an Schutz. Er ist leicht, ergonomisch und&#8230;<\/p>\n","protected":false},"featured_media":3365,"comment_status":"open","ping_status":"open","template":"","meta":{"_acf_changed":false},"brand":[2113],"gender":[],"product_brand":[],"product_cat":[1357,2209],"product_tag":[],"class_list":{"0":"post-127778","1":"product","2":"type-product","3":"status-publish","4":"has-post-thumbnail","6":"brand-dainese-de","7":"product_cat-ausrustung-fur-motorradfahrer","8":"product_cat-schutzschilde-und-airbags","9":"pa_size-l-de","10":"pa_size-m-de","12":"first","13":"onbackorder","14":"sale","15":"taxable","16":"shipping-taxable","17":"purchasable","18":"product-type-variable"},"acf":[],"_links":{"self":[{"href":"https:\/\/moto-oprema.com\/de\/wp-json\/wp\/v2\/product\/127778","targetHints":{"allow":["GET"]}}],"collection":[{"href":"https:\/\/moto-oprema.com\/de\/wp-json\/wp\/v2\/product"}],"about":[{"href":"https:\/\/moto-oprema.com\/de\/wp-json\/wp\/v2\/types\/product"}],"replies":[{"embeddable":true,"href":"https:\/\/moto-oprema.com\/de\/wp-json\/wp\/v2\/comments?post=127778"}],"wp:featuredmedia":[{"embeddable":true,"href":"https:\/\/moto-oprema.com\/de\/wp-json\/wp\/v2\/media\/3365"}],"wp:attachment":[{"href":"https:\/\/moto-oprema.com\/de\/wp-json\/wp\/v2\/media?parent=127778"}],"wp:term":[{"taxonomy":"brand","embeddable":true,"href":"https:\/\/moto-oprema.com\/de\/wp-json\/wp\/v2\/brand?post=127778"},{"taxonomy":"gender","embeddable":true,"href":"https:\/\/moto-oprema.com\/de\/wp-json\/wp\/v2\/gender?post=127778"},{"taxonomy":"product_brand","embeddable":true,"href":"https:\/\/moto-oprema.com\/de\/wp-json\/wp\/v2\/product_brand?post=127778"},{"taxonomy":"product_cat","embeddable":true,"href":"https:\/\/moto-oprema.com\/de\/wp-json\/wp\/v2\/product_cat?post=127778"},{"taxonomy":"product_tag","embeddable":true,"href":"https:\/\/moto-oprema.com\/de\/wp-json\/wp\/v2\/product_tag?post=127778"}],"curies":[{"name":"wp","href":"https:\/\/api.w.org\/{rel}","templated":true}]}}