{"id":127769,"date":"2019-01-17T06:53:32","date_gmt":"2019-01-17T06:53:32","guid":{"rendered":"https:\/\/moto-oprema.com\/Artikel\/alpinestars-kinder-knieschoner-sx-1\/"},"modified":"2019-01-17T06:53:32","modified_gmt":"2019-01-17T06:53:32","slug":"alpinestars-kinder-knieschoner-sx-1","status":"publish","type":"product","link":"https:\/\/moto-oprema.com\/de\/Artikel\/alpinestars-kinder-knieschoner-sx-1\/","title":{"rendered":"ALPINESTARS Kinder-Knieschoner SX-1"},"content":{"rendered":"<p style=\"font-style:normal;font-weight:normal;text-decoration:none;\" align=\"left\"><span style=\"font-family:arial, helvetica, sans-serif;\"><span style=\"font-size:medium;\">Ultraleichter Knieprotektor, zertifiziert nach EN 1621-1.<br \/><\/span><\/span><\/p>\n<p style=\"margin-bottom:0cm;font-style:normal;font-weight:normal;text-decoration:none;\" align=\"left\"><span style=\"font-family:arial, helvetica, sans-serif;\"><span style=\"font-size:medium;\">Zusammensetzung des Rohmaterials: 75% Polycarbonat, 20% Polyester, 5% andere<\/p>\n<p><\/span><\/span><\/p>\n<address>Die ALPINESTARS SX-1 Knieschoner f\u00fcr Kinder sind ergonomisch geformte, leichte, flexible und atmungsaktive Knieschoner.  <\/address>\n<address style=\"margin-bottom:0cm;font-style:normal;font-weight:normal;text-decoration:none;\"><span style=\"font-family:arial, helvetica, sans-serif;\"><span style=\"font-size:medium;\"><\/span><\/span><\/address>\n<\/p>\n<address>Schutzstufe 1  <\/address>\n<address>Ergonomisches Design<\/address>\n<address>Ober- und Unterseite aus hochwertigem Polymermaterial<\/address>\n<address><span style=\"font-size:13px;\">Hochwertiges Polymermaterial f\u00fcr optimale Flexibilit\u00e4t und St\u00e4rke<\/span><\/address>\n<address>Strategisch entworfen, um maximale Atmungsaktivit\u00e4t und Bel\u00fcftung zu gew\u00e4hrleisten<\/address>\n<address>Behalten Sie die Beweglichkeit der Beine unabh\u00e4ngig von der Position bei<\/address>\n<address>Becher aus schlagfestem Material (CE Typ A zertifiziert)<\/address>\n<address>Sie werden durch eine weiche Polsterung unterst\u00fctzt  <\/address>\n<address>Thermoschaum als Unterlage sorgt f\u00fcr Komfort auf der Haut<\/address>\n<address>Klettverschluss und TPR-System f\u00fcr einfachen, flexiblen und schnellen Verschluss<\/address>\n<p style=\"margin-bottom:0cm;font-style:normal;font-weight:normal;text-decoration:none;\" align=\"left\">\n","protected":false},"excerpt":{"rendered":"<p>Ultraleichter Knieprotektor, zertifiziert nach EN 1621-1. Zusammensetzung des Rohmaterials: 75% Polycarbonat, 20% Polyester, 5% andere Die&#8230;<\/p>\n","protected":false},"featured_media":3351,"comment_status":"open","ping_status":"open","template":"","meta":{"_acf_changed":false},"brand":[2111],"gender":[],"product_brand":[],"product_cat":[1357,2028],"product_tag":[],"class_list":{"0":"post-127769","1":"product","2":"type-product","3":"status-publish","4":"has-post-thumbnail","6":"brand-alpinestars-de","7":"product_cat-ausrustung-fur-motorradfahrer","8":"product_cat-motocross-ausrustung","9":"pa_size-l-xl-de","10":"pa_size-s-m-de","12":"first","13":"onbackorder","14":"taxable","15":"shipping-taxable","16":"purchasable","17":"product-type-variable"},"acf":[],"_links":{"self":[{"href":"https:\/\/moto-oprema.com\/de\/wp-json\/wp\/v2\/product\/127769","targetHints":{"allow":["GET"]}}],"collection":[{"href":"https:\/\/moto-oprema.com\/de\/wp-json\/wp\/v2\/product"}],"about":[{"href":"https:\/\/moto-oprema.com\/de\/wp-json\/wp\/v2\/types\/product"}],"replies":[{"embeddable":true,"href":"https:\/\/moto-oprema.com\/de\/wp-json\/wp\/v2\/comments?post=127769"}],"wp:featuredmedia":[{"embeddable":true,"href":"https:\/\/moto-oprema.com\/de\/wp-json\/wp\/v2\/media\/3351"}],"wp:attachment":[{"href":"https:\/\/moto-oprema.com\/de\/wp-json\/wp\/v2\/media?parent=127769"}],"wp:term":[{"taxonomy":"brand","embeddable":true,"href":"https:\/\/moto-oprema.com\/de\/wp-json\/wp\/v2\/brand?post=127769"},{"taxonomy":"gender","embeddable":true,"href":"https:\/\/moto-oprema.com\/de\/wp-json\/wp\/v2\/gender?post=127769"},{"taxonomy":"product_brand","embeddable":true,"href":"https:\/\/moto-oprema.com\/de\/wp-json\/wp\/v2\/product_brand?post=127769"},{"taxonomy":"product_cat","embeddable":true,"href":"https:\/\/moto-oprema.com\/de\/wp-json\/wp\/v2\/product_cat?post=127769"},{"taxonomy":"product_tag","embeddable":true,"href":"https:\/\/moto-oprema.com\/de\/wp-json\/wp\/v2\/product_tag?post=127769"}],"curies":[{"name":"wp","href":"https:\/\/api.w.org\/{rel}","templated":true}]}}