{"id":127741,"date":"2018-03-05T06:19:36","date_gmt":"2018-03-05T06:19:36","guid":{"rendered":"https:\/\/moto-oprema.com\/Artikel\/alpinestars-kr-3-nucleon-protector\/"},"modified":"2018-03-05T06:19:36","modified_gmt":"2018-03-05T06:19:36","slug":"alpinestars-kr-3-nucleon-protector","status":"publish","type":"product","link":"https:\/\/moto-oprema.com\/de\/Artikel\/alpinestars-kr-3-nucleon-protector\/","title":{"rendered":"ALPINESTARS KR-3 NUCLEON PROTECTOR"},"content":{"rendered":"<p><span id=\"result_box\" xml_lang=\"sl\" lang=\"sl\"><span title=\"Ergonomischer, leichter und stark bel\u00fcfteter R\u00fcckenprotektor, zertifiziert nach CE Stufe 2. Hergestellt aus einer Kombination von Polymeren und viskoelastischem Schaum.\">Ergonomischer und leichter R\u00fcckenprotektor, zertifiziert nach CE Stufe 2. Hergestellt aus einer Kombination von Polymeren und viskoelastischem Schaum.   <\/span><span title=\"Mit einer Gitterstruktur, einem konvexen Design im mittleren Teil und zus\u00e4tzlichen Schutzvorrichtungen an den Rippen f\u00fcr mehr Deckung und Schutz vor St\u00f6\u00dfen.\">Mit einer Netzstruktur, einem konvexen Design im mittleren Teil und zus\u00e4tzlichen N\u00e4hten an den Rippen f\u00fcr erh\u00f6hten Schutz und Aufprallschutz.<\/p>\n<p><\/span><span title=\"Hauptmerkmale:      \">Hauptmerkmale:<\/p>\n<p>    <\/span><span title=\"R\u00fcckenprotektor zertifiziert nach CE EN 1621-2:2014 Level 2.   \">Wirbels\u00e4ulenprotektor, CE-zertifiziert nach EN 1621-2:2014 Stufe 2. <br \/>    <\/span><span title=\"Entwickelt in 3 Gr\u00f6\u00dfen von der Taille bis zu den Schultern, um in jeder Gr\u00f6\u00dfe optimalen Schutz zu bieten.      \">Entwickelt in drei Gr\u00f6\u00dfen von der Taille bis zur Schulter, um eine optimale Abdeckung in jeder Gr\u00f6\u00dfe zu gew\u00e4hrleisten.<br \/>    <\/span><span title=\"Hergestellt aus einem Verbundstoff aus Hochleistungspolymeren und viskoelastischem Schaumstoff;\">Es besteht aus einem Verbundstoff aus Hochleistungspolymeren und viskoelastischem Schaum; <\/span><span title=\"und bietet eine hervorragende Flexibilit\u00e4t und ein geringes Gewicht.     \">bietet hervorragende Flexibilit\u00e4t.<br \/>   <\/span> <span title=\"Neue ergonomische Struktur mit Gitter f\u00fcr hervorragende Sto\u00dfd\u00e4mpfung und maximale Bel\u00fcftung.      \">Neue ergonomische Struktur mit Mesh f\u00fcr hervorragende Sto\u00dfd\u00e4mpfung und maximale Bel\u00fcftung.<br \/>    <\/span><span title=\"Neues konvexes Design im mittleren Teil f\u00fcr besseren Schutz der Wirbels\u00e4ule.      \">Neue konvexe Form im mittleren Teil f\u00fcr besseren Schutz der Wirbels\u00e4ule.<br \/>    <\/span><span title=\"Horizontale Flex-Gelenke zur besseren Anpassung an die verschiedenen K\u00f6rperpositionen.      \">Horizontale feste Gelenke passen sich besser an verschiedene K\u00f6rperpositionen an.<br \/>    <\/span><span title=\"Verstellbare Protektoren im Rippenbereich aus demselben Material f\u00fcr zus\u00e4tzlichen Schutz.      \">Verstellbare Rippenprotektoren aus dem gleichen Material f\u00fcr zus\u00e4tzlichen Schutz.<br \/>    <\/span><span title=\"Elastisches Lendenband f\u00fcr perfekten Sitz und Halt.      \">Elastischer Nierengurt f\u00fcr einen perfekten Sitz und Halt.<br \/>    <\/span><span title=\"Stretch-Hosentr\u00e4ger lassen sich leicht anpassen und entfernen.      \">Elastische Schultergurte zum einfachen Anpassen und Abnehmen.<br \/>    <\/span><span title=\"Kompatibel mit dem Nucleon KR-C Brustprotektor und dem KR-TB Stei\u00dfbeinprotektor (nicht im Lieferumfang enthalten).\">Kompatibel mit Nucleon KR-C Brustprotektor und KR-TB Stei\u00dfbeinprotektor (nicht im Lieferumfang enthalten).<\/span><\/span><\/p>\n<\/p>\n<p><span style=\"font-family:arial, helvetica, sans-serif;font-size:small;\"><b>Zusammensetzung des Rohmaterials<\/b>: <\/span><span style=\"font-family:arial, helvetica, sans-serif;font-size:small;\">45% Polyurethan, 20% Polyamid, 25% Polyester, 8% Elasthan, 2% Sonstige.<\/span><\/p>\n","protected":false},"excerpt":{"rendered":"<p>Ergonomischer, leichter und stark bel\u00fcfteter R\u00fcckenprotektor, zertifiziert nach CE Stufe 2.<\/p>\n","protected":false},"featured_media":2943,"comment_status":"open","ping_status":"closed","template":"","meta":{"_acf_changed":false},"brand":[2111],"gender":[2173],"product_brand":[],"product_cat":[1357,2209],"product_tag":[],"class_list":{"0":"post-127741","1":"product","2":"type-product","3":"status-publish","4":"has-post-thumbnail","6":"brand-alpinestars-de","7":"gender-unisex-de","8":"product_cat-ausrustung-fur-motorradfahrer","9":"product_cat-schutzschilde-und-airbags","10":"pa_velikost-st-l-de","11":"pa_velikost-st-m-de","12":"pa_velikost-st-s-de","13":"pa_velikost-st-xl-de","15":"first","16":"instock","17":"sale","18":"taxable","19":"shipping-taxable","20":"purchasable","21":"product-type-variable"},"acf":[],"_links":{"self":[{"href":"https:\/\/moto-oprema.com\/de\/wp-json\/wp\/v2\/product\/127741","targetHints":{"allow":["GET"]}}],"collection":[{"href":"https:\/\/moto-oprema.com\/de\/wp-json\/wp\/v2\/product"}],"about":[{"href":"https:\/\/moto-oprema.com\/de\/wp-json\/wp\/v2\/types\/product"}],"replies":[{"embeddable":true,"href":"https:\/\/moto-oprema.com\/de\/wp-json\/wp\/v2\/comments?post=127741"}],"wp:featuredmedia":[{"embeddable":true,"href":"https:\/\/moto-oprema.com\/de\/wp-json\/wp\/v2\/media\/2943"}],"wp:attachment":[{"href":"https:\/\/moto-oprema.com\/de\/wp-json\/wp\/v2\/media?parent=127741"}],"wp:term":[{"taxonomy":"brand","embeddable":true,"href":"https:\/\/moto-oprema.com\/de\/wp-json\/wp\/v2\/brand?post=127741"},{"taxonomy":"gender","embeddable":true,"href":"https:\/\/moto-oprema.com\/de\/wp-json\/wp\/v2\/gender?post=127741"},{"taxonomy":"product_brand","embeddable":true,"href":"https:\/\/moto-oprema.com\/de\/wp-json\/wp\/v2\/product_brand?post=127741"},{"taxonomy":"product_cat","embeddable":true,"href":"https:\/\/moto-oprema.com\/de\/wp-json\/wp\/v2\/product_cat?post=127741"},{"taxonomy":"product_tag","embeddable":true,"href":"https:\/\/moto-oprema.com\/de\/wp-json\/wp\/v2\/product_tag?post=127741"}],"curies":[{"name":"wp","href":"https:\/\/api.w.org\/{rel}","templated":true}]}}