{"id":127740,"date":"2018-09-24T03:26:59","date_gmt":"2018-09-24T03:26:59","guid":{"rendered":"https:\/\/moto-oprema.com\/Artikel\/alpinestars-vika-v2-schwarz\/"},"modified":"2018-09-24T03:26:59","modified_gmt":"2018-09-24T03:26:59","slug":"alpinestars-vika-v2-schwarz","status":"publish","type":"product","link":"https:\/\/moto-oprema.com\/de\/Artikel\/alpinestars-vika-v2-schwarz\/","title":{"rendered":"ALPINESTARS VIKA V2 SCHWARZ"},"content":{"rendered":"<p>Die Vika 2 Hose kombiniert den fortschrittlichsten Schutz und Mode. Die Alpinestars Vika 2-Kollektion wurde f\u00fcr Fahrerinnen entworfen, die sich von der Masse abheben wollen. Sie sind aus hochwertigem Leder gefertigt. Die F\u00fc\u00dfe sind vorgeformt und es sind diskrete Protektoren angebracht.   <\/p>\n<p>Merkmale:<\/p>\n<ul>\n<li>Erweiterter Schutz<\/li>\n<li>Stretchplatten aus Aramid<\/li>\n<li>Hergestellt aus hochwertigem Leder<\/li>\n<li>Vorgefertigte<\/li>\n<li>Chinch Bugs inklusive<\/li>\n<\/ul>\n<p>77% Rindsleder, 21% Polyamid, 2% Andere<\/p>\n","protected":false},"excerpt":{"rendered":"<p>Die Vika 2 Hose kombiniert den fortschrittlichsten Schutz und Mode. Die Alpinestars Vika 2-Kollektion wurde f\u00fcr&#8230;<\/p>\n","protected":false},"featured_media":3188,"comment_status":"open","ping_status":"open","template":"","meta":{"_acf_changed":false},"brand":[2111],"gender":[],"product_brand":[],"product_cat":[1357,2189],"product_tag":[],"class_list":{"0":"post-127740","1":"product","2":"type-product","3":"status-publish","4":"has-post-thumbnail","6":"brand-alpinestars-de","7":"product_cat-ausrustung-fur-motorradfahrer","8":"product_cat-hose","9":"pa_size-40-de","10":"pa_size-42-de","11":"pa_size-44-de","12":"pa_size-46-de","13":"pa_size-48-de","14":"pa_size-50-de","16":"first","17":"instock","18":"sale","19":"taxable","20":"shipping-taxable","21":"purchasable","22":"product-type-variable"},"acf":[],"_links":{"self":[{"href":"https:\/\/moto-oprema.com\/de\/wp-json\/wp\/v2\/product\/127740","targetHints":{"allow":["GET"]}}],"collection":[{"href":"https:\/\/moto-oprema.com\/de\/wp-json\/wp\/v2\/product"}],"about":[{"href":"https:\/\/moto-oprema.com\/de\/wp-json\/wp\/v2\/types\/product"}],"replies":[{"embeddable":true,"href":"https:\/\/moto-oprema.com\/de\/wp-json\/wp\/v2\/comments?post=127740"}],"wp:featuredmedia":[{"embeddable":true,"href":"https:\/\/moto-oprema.com\/de\/wp-json\/wp\/v2\/media\/3188"}],"wp:attachment":[{"href":"https:\/\/moto-oprema.com\/de\/wp-json\/wp\/v2\/media?parent=127740"}],"wp:term":[{"taxonomy":"brand","embeddable":true,"href":"https:\/\/moto-oprema.com\/de\/wp-json\/wp\/v2\/brand?post=127740"},{"taxonomy":"gender","embeddable":true,"href":"https:\/\/moto-oprema.com\/de\/wp-json\/wp\/v2\/gender?post=127740"},{"taxonomy":"product_brand","embeddable":true,"href":"https:\/\/moto-oprema.com\/de\/wp-json\/wp\/v2\/product_brand?post=127740"},{"taxonomy":"product_cat","embeddable":true,"href":"https:\/\/moto-oprema.com\/de\/wp-json\/wp\/v2\/product_cat?post=127740"},{"taxonomy":"product_tag","embeddable":true,"href":"https:\/\/moto-oprema.com\/de\/wp-json\/wp\/v2\/product_tag?post=127740"}],"curies":[{"name":"wp","href":"https:\/\/api.w.org\/{rel}","templated":true}]}}