{"id":127736,"date":"2018-06-27T00:15:38","date_gmt":"2018-06-27T00:15:38","guid":{"rendered":"https:\/\/moto-oprema.com\/Artikel\/dainse-pro-armour-ruecken-kurz\/"},"modified":"2018-06-27T00:15:38","modified_gmt":"2018-06-27T00:15:38","slug":"dainse-pro-armour-ruecken-kurz","status":"publish","type":"product","link":"https:\/\/moto-oprema.com\/de\/Artikel\/dainse-pro-armour-ruecken-kurz\/","title":{"rendered":"DAINSE PRO-ARMOUR R\u00dcCKEN KURZ"},"content":{"rendered":"<p>Der CE-zertifizierte Dainese Pro-Armour Schildkr\u00f6tenpanzer ist ideal f\u00fcr Fahrer, die Schutz und Komfort suchen. Befestigen Sie ihn mit den verstellbaren Schulterriemen und dem H\u00fcftgurt. Der Schildkr\u00f6tenpanzer ist anatomisch geformt f\u00fcr eine perfekte Passform.  <\/p>\n<p>Merkmale:<\/p>\n<ul>\n<li>Geeignet f\u00fcr K\u00f6rpergr\u00f6\u00dfen zwischen 165 und 175 cm<\/li>\n<li>Verstellbarer und abnehmbarer Lendengurt<\/li>\n<li>Verstellbare Schultergurte<\/li>\n<li>Dynamische Dicke<\/li>\n<li>CE-Zertifikat &#8211; Kat. II -EN 1621.2 \/ 2014 Stufe 2<\/li>\n<li>Perforiert<\/li>\n<\/ul>\n","protected":false},"excerpt":{"rendered":"<p>Der CE-zertifizierte Dainese Pro-Armour Schildkr\u00f6tenpanzer ist ideal f\u00fcr Fahrer, die Schutz und Komfort suchen. Befestigen Sie&#8230;<\/p>\n","protected":false},"featured_media":3105,"comment_status":"open","ping_status":"open","template":"","meta":{"_acf_changed":false},"brand":[2113],"gender":[],"product_brand":[],"product_cat":[1357,2209],"product_tag":[],"class_list":{"0":"post-127736","1":"product","2":"type-product","3":"status-publish","4":"has-post-thumbnail","6":"brand-dainese-de","7":"product_cat-ausrustung-fur-motorradfahrer","8":"product_cat-schutzschilde-und-airbags","9":"pa_size-l-xl-de","10":"pa_size-xs-s-de","12":"first","13":"instock","14":"taxable","15":"shipping-taxable","16":"purchasable","17":"product-type-variable"},"acf":[],"_links":{"self":[{"href":"https:\/\/moto-oprema.com\/de\/wp-json\/wp\/v2\/product\/127736","targetHints":{"allow":["GET"]}}],"collection":[{"href":"https:\/\/moto-oprema.com\/de\/wp-json\/wp\/v2\/product"}],"about":[{"href":"https:\/\/moto-oprema.com\/de\/wp-json\/wp\/v2\/types\/product"}],"replies":[{"embeddable":true,"href":"https:\/\/moto-oprema.com\/de\/wp-json\/wp\/v2\/comments?post=127736"}],"wp:featuredmedia":[{"embeddable":true,"href":"https:\/\/moto-oprema.com\/de\/wp-json\/wp\/v2\/media\/3105"}],"wp:attachment":[{"href":"https:\/\/moto-oprema.com\/de\/wp-json\/wp\/v2\/media?parent=127736"}],"wp:term":[{"taxonomy":"brand","embeddable":true,"href":"https:\/\/moto-oprema.com\/de\/wp-json\/wp\/v2\/brand?post=127736"},{"taxonomy":"gender","embeddable":true,"href":"https:\/\/moto-oprema.com\/de\/wp-json\/wp\/v2\/gender?post=127736"},{"taxonomy":"product_brand","embeddable":true,"href":"https:\/\/moto-oprema.com\/de\/wp-json\/wp\/v2\/product_brand?post=127736"},{"taxonomy":"product_cat","embeddable":true,"href":"https:\/\/moto-oprema.com\/de\/wp-json\/wp\/v2\/product_cat?post=127736"},{"taxonomy":"product_tag","embeddable":true,"href":"https:\/\/moto-oprema.com\/de\/wp-json\/wp\/v2\/product_tag?post=127736"}],"curies":[{"name":"wp","href":"https:\/\/api.w.org\/{rel}","templated":true}]}}