{"id":127735,"date":"2017-03-15T11:33:25","date_gmt":"2017-03-15T11:33:25","guid":{"rendered":"https:\/\/moto-oprema.com\/Artikel\/interphone-tour-enojna\/"},"modified":"2017-03-15T11:33:25","modified_gmt":"2017-03-15T11:33:25","slug":"interphone-tour-enojna","status":"publish","type":"product","link":"https:\/\/moto-oprema.com\/de\/Artikel\/interphone-tour-enojna\/","title":{"rendered":"INTERPHONE TOUR ENOJNA"},"content":{"rendered":"<p><span>Keine Kompromisse f\u00fcr diejenigen, die das meiste wollen. Interphone Tour ist das Flaggschiff der neuen Interphone Cellularline Kommunikationsreihe. Noch nie dagewesene Qualit\u00e4t und    <\/span><\/p>\n<p><span>elegantes Design sind die Markenzeichen der neuen Intercom.<\/span><\/p>\n<\/p>\n<p><span>Das Interphone Tour kann bis zu vier Motorr\u00e4der miteinander verbinden, die bis zu einer Entfernung von 1,5 km miteinander kommunizieren k\u00f6nnen. Die integrierte Bluetooth\u00ae-Technologie erm\u00f6glicht   <\/span><\/p>\n<p><span>kommuniziert mit allen Smartphones, macht und empf\u00e4ngt Anrufe, h\u00f6rt Musik und folgt Navigationsanweisungen. Es ist kompatibel mit allen   <\/span><\/p>\n<p><span>Helme und ist vollst\u00e4ndig wasserdicht. Es ist mit einem Akku ausgestattet, der eine 20-st\u00fcndige Nutzung erm\u00f6glicht und sich dank der Fast Charge-Technologie sehr schnell wieder aufl\u00e4dt.   <\/span><\/p>\n<p><span>Er ist sehr gut f\u00fcr lange Reisen geeignet.<\/span><\/p>\n<\/p>\n<p><span>Das einfach zu installierende Interphone Tour vereint fortschrittliche Technologie, gro\u00dfartiges Design und Benutzerfreundlichkeit.<\/span><\/p>\n<\/p>\n<p><span>Interphone App verf\u00fcgbar f\u00fcr <a href=\"https:\/\/play.google.com\/store\/apps\/details?id=com.europhils.f6app\" target=\"_blank\" rel=\"noopener\">Android-Smartphones<\/a>.<br \/><\/span><\/p>\n","protected":false},"excerpt":{"rendered":"<p>Keine Kompromisse f\u00fcr diejenigen, die das meiste wollen. Interphone Tour ist das Flaggschiff der neuen Interphone&#8230;<\/p>\n","protected":false},"featured_media":2379,"comment_status":"open","ping_status":"open","template":"","meta":{"_acf_changed":false},"brand":[2669],"gender":[],"product_brand":[],"product_cat":[1357],"product_tag":[],"class_list":{"0":"post-127735","1":"product","2":"type-product","3":"status-publish","4":"has-post-thumbnail","6":"brand-interphone-de","7":"product_cat-ausrustung-fur-motorradfahrer","9":"first","10":"instock","11":"taxable","12":"shipping-taxable","13":"purchasable","14":"product-type-simple"},"acf":[],"_links":{"self":[{"href":"https:\/\/moto-oprema.com\/de\/wp-json\/wp\/v2\/product\/127735","targetHints":{"allow":["GET"]}}],"collection":[{"href":"https:\/\/moto-oprema.com\/de\/wp-json\/wp\/v2\/product"}],"about":[{"href":"https:\/\/moto-oprema.com\/de\/wp-json\/wp\/v2\/types\/product"}],"replies":[{"embeddable":true,"href":"https:\/\/moto-oprema.com\/de\/wp-json\/wp\/v2\/comments?post=127735"}],"wp:featuredmedia":[{"embeddable":true,"href":"https:\/\/moto-oprema.com\/de\/wp-json\/wp\/v2\/media\/2379"}],"wp:attachment":[{"href":"https:\/\/moto-oprema.com\/de\/wp-json\/wp\/v2\/media?parent=127735"}],"wp:term":[{"taxonomy":"brand","embeddable":true,"href":"https:\/\/moto-oprema.com\/de\/wp-json\/wp\/v2\/brand?post=127735"},{"taxonomy":"gender","embeddable":true,"href":"https:\/\/moto-oprema.com\/de\/wp-json\/wp\/v2\/gender?post=127735"},{"taxonomy":"product_brand","embeddable":true,"href":"https:\/\/moto-oprema.com\/de\/wp-json\/wp\/v2\/product_brand?post=127735"},{"taxonomy":"product_cat","embeddable":true,"href":"https:\/\/moto-oprema.com\/de\/wp-json\/wp\/v2\/product_cat?post=127735"},{"taxonomy":"product_tag","embeddable":true,"href":"https:\/\/moto-oprema.com\/de\/wp-json\/wp\/v2\/product_tag?post=127735"}],"curies":[{"name":"wp","href":"https:\/\/api.w.org\/{rel}","templated":true}]}}