{"id":127718,"date":"2018-04-06T06:35:56","date_gmt":"2018-04-06T06:35:56","guid":{"rendered":"https:\/\/moto-oprema.com\/Artikel\/alpinestars-kr-y-kinder-rueckenprotektor\/"},"modified":"2018-04-06T06:35:56","modified_gmt":"2018-04-06T06:35:56","slug":"alpinestars-kr-y-kinder-rueckenprotektor","status":"publish","type":"product","link":"https:\/\/moto-oprema.com\/de\/Artikel\/alpinestars-kr-y-kinder-rueckenprotektor\/","title":{"rendered":"ALPINESTARS KR-Y KINDER R\u00dcCKENPROTEKTOR"},"content":{"rendered":"<p>Vollst\u00e4ndig entworfen und entwickelt f\u00fcr die j\u00fcngsten Fahrer. Der Alpinestars Nucelon KR-Y ist leicht und ergonomisch. Der Nierengurt sorgt f\u00fcr eine sichere Befestigung.   <\/p>\n<p>Merkmale:<\/p>\n<ul>\n<li>Extrem leicht und ergonomisch geformt f\u00fcr die kleinsten Fahrer<\/li>\n<li>Ein System, das die Luft umleitet und Sie k\u00fchl h\u00e4lt<\/li>\n<li>PU-Schaum f\u00fcr mehr Komfort<\/li>\n<li>Nierengurt zur sicheren Befestigung<\/li>\n<li>Verstellbare und abnehmbare Schulterriemen<\/li>\n<li>CE-Zertifikat 1621_2:2014 LEVEL 2.<\/li>\n<\/ul>\n","protected":false},"excerpt":{"rendered":"<p>Alpinestars Nucleon kr-y Youth Schildkr\u00f6te f\u00fcr die Kleinen.<\/p>\n","protected":false},"featured_media":3030,"comment_status":"open","ping_status":"open","template":"","meta":{"_acf_changed":false},"brand":[2111],"gender":[],"product_brand":[],"product_cat":[1357,2330,2209],"product_tag":[],"class_list":{"0":"post-127718","1":"product","2":"type-product","3":"status-publish","4":"has-post-thumbnail","6":"brand-alpinestars-de","7":"product_cat-ausrustung-fur-motorradfahrer","8":"product_cat-mx-protektoren","9":"product_cat-schutzschilde-und-airbags","11":"first","12":"instock","13":"sale","14":"taxable","15":"shipping-taxable","16":"purchasable","17":"product-type-simple"},"acf":[],"_links":{"self":[{"href":"https:\/\/moto-oprema.com\/de\/wp-json\/wp\/v2\/product\/127718","targetHints":{"allow":["GET"]}}],"collection":[{"href":"https:\/\/moto-oprema.com\/de\/wp-json\/wp\/v2\/product"}],"about":[{"href":"https:\/\/moto-oprema.com\/de\/wp-json\/wp\/v2\/types\/product"}],"replies":[{"embeddable":true,"href":"https:\/\/moto-oprema.com\/de\/wp-json\/wp\/v2\/comments?post=127718"}],"wp:featuredmedia":[{"embeddable":true,"href":"https:\/\/moto-oprema.com\/de\/wp-json\/wp\/v2\/media\/3030"}],"wp:attachment":[{"href":"https:\/\/moto-oprema.com\/de\/wp-json\/wp\/v2\/media?parent=127718"}],"wp:term":[{"taxonomy":"brand","embeddable":true,"href":"https:\/\/moto-oprema.com\/de\/wp-json\/wp\/v2\/brand?post=127718"},{"taxonomy":"gender","embeddable":true,"href":"https:\/\/moto-oprema.com\/de\/wp-json\/wp\/v2\/gender?post=127718"},{"taxonomy":"product_brand","embeddable":true,"href":"https:\/\/moto-oprema.com\/de\/wp-json\/wp\/v2\/product_brand?post=127718"},{"taxonomy":"product_cat","embeddable":true,"href":"https:\/\/moto-oprema.com\/de\/wp-json\/wp\/v2\/product_cat?post=127718"},{"taxonomy":"product_tag","embeddable":true,"href":"https:\/\/moto-oprema.com\/de\/wp-json\/wp\/v2\/product_tag?post=127718"}],"curies":[{"name":"wp","href":"https:\/\/api.w.org\/{rel}","templated":true}]}}