{"id":127705,"date":"2019-05-17T00:23:06","date_gmt":"2019-05-17T00:23:06","guid":{"rendered":"https:\/\/moto-oprema.com\/Artikel\/spidi-track-wind-pro-rot-fluo-gelb\/"},"modified":"2019-05-17T00:23:06","modified_gmt":"2019-05-17T00:23:06","slug":"spidi-track-wind-pro-rot-fluo-gelb","status":"publish","type":"product","link":"https:\/\/moto-oprema.com\/de\/Artikel\/spidi-track-wind-pro-rot-fluo-gelb\/","title":{"rendered":"SPIDI TRACK WIND PRO ROT\/FLUO-GELB"},"content":{"rendered":"<p><span id=\"result_box\" xml_lang=\"sl\" lang=\"sl\"><span>Die Erfahrung von Spidi in der MotoGP und Word Superbike hat bei der Entwicklung des Track Wind Pro Anzugs geholfen. Die Knieschoner sind verstellbar und k\u00f6nnen mit einem R\u00fccken- und Brustpolster aufger\u00fcstet werden. Neopren an Kragen und \u00c4rmeln. Das Gewicht des Anzugs betr\u00e4gt ca. 4,5 kg.    <\/p>\n<p>Zusammensetzung des Rohmaterials:<br \/>Au\u00dfen: 80% Leder, 20% Nylon<br \/>Futter: 100% Polyester<\/p>\n<p>  Vollnarbiges Rindsleder (1,2\/1,3 mm St\u00e4rke)<br \/> Herausnehmbares Innenfutter Mesh-Innenfutter<br \/> Force Tech Protektoren an den Ellbogen<br \/> Biomechanic Protektoren an den Schultern<br \/> Multitech Protektoren an H\u00fcfte und Knie (h\u00f6henverstellbar) ,<br \/> Flex Tenax Bereiche f\u00fcr perfekte Passform<br \/> Warrior Back Protector Lev.1 oder Lev.2 Anordnung<br \/> Warrior Chest Protector Anordnung<br \/> Clarino-Eins\u00e4tze im Nackenbereich Neopren-Eins\u00e4tze im Nacken- und Handgelenksbereich<br \/> High-Flow-Bel\u00fcftungen an Schultern und R\u00fccken<\/span><\/span><\/p>\n","protected":false},"excerpt":{"rendered":"<p>SPIDI TRACK WIND PRO LEDEROVERALL<\/p>\n","protected":false},"featured_media":176687,"comment_status":"open","ping_status":"open","template":"","meta":{"_acf_changed":false},"brand":[2124],"gender":[],"product_brand":[],"product_cat":[2220,1357],"product_tag":[],"class_list":{"0":"post-127705","1":"product","2":"type-product","3":"status-publish","4":"has-post-thumbnail","6":"brand-spidi-de","7":"product_cat-1-teilige-latzhose","8":"product_cat-ausrustung-fur-motorradfahrer","9":"pa_size-48-de","10":"pa_size-50-de","11":"pa_size-52-de","12":"pa_size-54-de","13":"pa_size-56-de","14":"pa_size-58-de","16":"first","17":"instock","18":"sale","19":"taxable","20":"shipping-taxable","21":"purchasable","22":"product-type-variable"},"acf":[],"_links":{"self":[{"href":"https:\/\/moto-oprema.com\/de\/wp-json\/wp\/v2\/product\/127705","targetHints":{"allow":["GET"]}}],"collection":[{"href":"https:\/\/moto-oprema.com\/de\/wp-json\/wp\/v2\/product"}],"about":[{"href":"https:\/\/moto-oprema.com\/de\/wp-json\/wp\/v2\/types\/product"}],"replies":[{"embeddable":true,"href":"https:\/\/moto-oprema.com\/de\/wp-json\/wp\/v2\/comments?post=127705"}],"wp:featuredmedia":[{"embeddable":true,"href":"https:\/\/moto-oprema.com\/de\/wp-json\/wp\/v2\/media\/176687"}],"wp:attachment":[{"href":"https:\/\/moto-oprema.com\/de\/wp-json\/wp\/v2\/media?parent=127705"}],"wp:term":[{"taxonomy":"brand","embeddable":true,"href":"https:\/\/moto-oprema.com\/de\/wp-json\/wp\/v2\/brand?post=127705"},{"taxonomy":"gender","embeddable":true,"href":"https:\/\/moto-oprema.com\/de\/wp-json\/wp\/v2\/gender?post=127705"},{"taxonomy":"product_brand","embeddable":true,"href":"https:\/\/moto-oprema.com\/de\/wp-json\/wp\/v2\/product_brand?post=127705"},{"taxonomy":"product_cat","embeddable":true,"href":"https:\/\/moto-oprema.com\/de\/wp-json\/wp\/v2\/product_cat?post=127705"},{"taxonomy":"product_tag","embeddable":true,"href":"https:\/\/moto-oprema.com\/de\/wp-json\/wp\/v2\/product_tag?post=127705"}],"curies":[{"name":"wp","href":"https:\/\/api.w.org\/{rel}","templated":true}]}}