{"id":127656,"date":"2018-02-23T04:49:04","date_gmt":"2018-02-23T04:49:04","guid":{"rendered":"https:\/\/moto-oprema.com\/Artikel\/alpinestars-kapuzenpulli-chrom-sport\/"},"modified":"2018-02-23T04:49:04","modified_gmt":"2018-02-23T04:49:04","slug":"alpinestars-kapuzenpulli-chrom-sport","status":"publish","type":"product","link":"https:\/\/moto-oprema.com\/de\/Artikel\/alpinestars-kapuzenpulli-chrom-sport\/","title":{"rendered":"ALPINESTARS KAPUZENPULLI CHROM SPORT"},"content":{"rendered":"<p><span id=\"result_box\" lang=\"sl\" xml_lang=\"sl\">Urbane, textile Jacke (Strickjacke)<\/span><span lang=\"sl\" xml_lang=\"sl\">) mit internen Aramidfaser-Verst\u00e4rkungen an Ellbogen, Schultern und R\u00fccken f\u00fcr erh\u00f6hten Schutz. Mit Bio-Light zertifiziertem Schutz an Schultern und Ellbogen. <\/span><\/p>\n<p><span lang=\"sl\" xml_lang=\"sl\"><span lang=\"sl\" xml_lang=\"sl\">  Die Jacke ist nach EC-89\/686\/EEC zertifiziert.<\/span><\/span><\/p>\n<p><span lang=\"sl\" xml_lang=\"sl\">95% Baumwolle, 5% Polyester<\/span><\/p>\n","protected":false},"excerpt":{"rendered":"<p>Urbane, textile Jacke (Strickjacken-Look)) mit internen Aramidfaser-Verst\u00e4rkungen f\u00fcr erh\u00f6hten Schutz.<\/p>\n","protected":false},"featured_media":2860,"comment_status":"open","ping_status":"open","template":"","meta":{"_acf_changed":false},"brand":[2111],"gender":[],"product_brand":[],"product_cat":[1357,2045],"product_tag":[],"class_list":{"0":"post-127656","1":"product","2":"type-product","3":"status-publish","4":"has-post-thumbnail","6":"brand-alpinestars-de","7":"product_cat-ausrustung-fur-motorradfahrer","8":"product_cat-jakne-de","9":"pa_size-s-de","10":"pa_size-xl-de","11":"pa_size-xxl-de","13":"first","14":"instock","15":"sale","16":"taxable","17":"shipping-taxable","18":"purchasable","19":"product-type-variable"},"acf":[],"_links":{"self":[{"href":"https:\/\/moto-oprema.com\/de\/wp-json\/wp\/v2\/product\/127656","targetHints":{"allow":["GET"]}}],"collection":[{"href":"https:\/\/moto-oprema.com\/de\/wp-json\/wp\/v2\/product"}],"about":[{"href":"https:\/\/moto-oprema.com\/de\/wp-json\/wp\/v2\/types\/product"}],"replies":[{"embeddable":true,"href":"https:\/\/moto-oprema.com\/de\/wp-json\/wp\/v2\/comments?post=127656"}],"wp:featuredmedia":[{"embeddable":true,"href":"https:\/\/moto-oprema.com\/de\/wp-json\/wp\/v2\/media\/2860"}],"wp:attachment":[{"href":"https:\/\/moto-oprema.com\/de\/wp-json\/wp\/v2\/media?parent=127656"}],"wp:term":[{"taxonomy":"brand","embeddable":true,"href":"https:\/\/moto-oprema.com\/de\/wp-json\/wp\/v2\/brand?post=127656"},{"taxonomy":"gender","embeddable":true,"href":"https:\/\/moto-oprema.com\/de\/wp-json\/wp\/v2\/gender?post=127656"},{"taxonomy":"product_brand","embeddable":true,"href":"https:\/\/moto-oprema.com\/de\/wp-json\/wp\/v2\/product_brand?post=127656"},{"taxonomy":"product_cat","embeddable":true,"href":"https:\/\/moto-oprema.com\/de\/wp-json\/wp\/v2\/product_cat?post=127656"},{"taxonomy":"product_tag","embeddable":true,"href":"https:\/\/moto-oprema.com\/de\/wp-json\/wp\/v2\/product_tag?post=127656"}],"curies":[{"name":"wp","href":"https:\/\/api.w.org\/{rel}","templated":true}]}}