{"id":127636,"date":"2021-05-12T10:10:13","date_gmt":"2021-05-12T10:10:13","guid":{"rendered":"https:\/\/moto-oprema.com\/Artikel\/oakley-brille-o-frame-mx-gruen\/"},"modified":"2021-05-12T10:10:13","modified_gmt":"2021-05-12T10:10:13","slug":"oakley-brille-o-frame-mx-gruen","status":"publish","type":"product","link":"https:\/\/moto-oprema.com\/de\/Artikel\/oakley-brille-o-frame-mx-gruen\/","title":{"rendered":"OAKLEY BRILLE O-FRAME MX GR\u00dcN"},"content":{"rendered":"<p>Klassische Nicht-MX-Brille. \u00dcber 1000 Mal erfolgreich in verschiedenen Rennen und Trainings eingesetzt. Hochgradig sto\u00df- und kratzfestes Visier. 100% UVA\/UVB\/UVC-Schutz. Ausgezeichneter Tragekomfort und Anpassung an die Gesichtsform.     <\/p><\/p>\n","protected":false},"excerpt":{"rendered":"<p>Farbe des Glases: Transparent RAHMENBILD: Gr\u00fcne<\/p>\n","protected":false},"featured_media":12956,"comment_status":"open","ping_status":"open","template":"","meta":{"_acf_changed":false},"brand":[2181],"gender":[2173],"product_brand":[],"product_cat":[1357,2028,2182],"product_tag":[],"class_list":{"0":"post-127636","1":"product","2":"type-product","3":"status-publish","4":"has-post-thumbnail","6":"brand-oakley-de","7":"gender-unisex-de","8":"product_cat-ausrustung-fur-motorradfahrer","9":"product_cat-motocross-ausrustung","10":"product_cat-mx-brille","12":"first","13":"onbackorder","14":"taxable","15":"shipping-taxable","16":"purchasable","17":"product-type-simple"},"acf":[],"_links":{"self":[{"href":"https:\/\/moto-oprema.com\/de\/wp-json\/wp\/v2\/product\/127636","targetHints":{"allow":["GET"]}}],"collection":[{"href":"https:\/\/moto-oprema.com\/de\/wp-json\/wp\/v2\/product"}],"about":[{"href":"https:\/\/moto-oprema.com\/de\/wp-json\/wp\/v2\/types\/product"}],"replies":[{"embeddable":true,"href":"https:\/\/moto-oprema.com\/de\/wp-json\/wp\/v2\/comments?post=127636"}],"wp:featuredmedia":[{"embeddable":true,"href":"https:\/\/moto-oprema.com\/de\/wp-json\/wp\/v2\/media\/12956"}],"wp:attachment":[{"href":"https:\/\/moto-oprema.com\/de\/wp-json\/wp\/v2\/media?parent=127636"}],"wp:term":[{"taxonomy":"brand","embeddable":true,"href":"https:\/\/moto-oprema.com\/de\/wp-json\/wp\/v2\/brand?post=127636"},{"taxonomy":"gender","embeddable":true,"href":"https:\/\/moto-oprema.com\/de\/wp-json\/wp\/v2\/gender?post=127636"},{"taxonomy":"product_brand","embeddable":true,"href":"https:\/\/moto-oprema.com\/de\/wp-json\/wp\/v2\/product_brand?post=127636"},{"taxonomy":"product_cat","embeddable":true,"href":"https:\/\/moto-oprema.com\/de\/wp-json\/wp\/v2\/product_cat?post=127636"},{"taxonomy":"product_tag","embeddable":true,"href":"https:\/\/moto-oprema.com\/de\/wp-json\/wp\/v2\/product_tag?post=127636"}],"curies":[{"name":"wp","href":"https:\/\/api.w.org\/{rel}","templated":true}]}}