{"id":127631,"date":"2019-06-11T05:20:37","date_gmt":"2019-06-11T05:20:37","guid":{"rendered":"https:\/\/moto-oprema.com\/Artikel\/dainese-x-tourer-d-wp-black-stiefel\/"},"modified":"2019-06-11T05:20:37","modified_gmt":"2019-06-11T05:20:37","slug":"dainese-x-tourer-d-wp-black-stiefel","status":"publish","type":"product","link":"https:\/\/moto-oprema.com\/de\/Artikel\/dainese-x-tourer-d-wp-black-stiefel\/","title":{"rendered":"DAINESE X-TOURER D-WP BLACK Stiefel"},"content":{"rendered":"<div class=\"prod-info\">\n<p><span style=\"color: #000000\"><span style=\"text-decoration: none\"><span style=\"font-family: 'Times New Roman', serif\"><span style=\"font-size: medium\">Neue wasserdichte Motorradtourenstiefel. Sie bieten viel Komfort und Schutz. Diese Stiefel sind f\u00fcr alle Jahreszeiten geeignet. Das Obermaterial besteht aus Mikrofaser und der Rest aus hochresistentem Polyamid. Reflektierende N\u00e4hte. CE-Kat. II &#8211; EN 13634 Stardand.      <\/span><\/span><\/span><\/span><\/p>\n<p><strong>100%<\/strong> Mikrofaser<\/p>\n<p><strong>Merkmale:<\/strong><\/p>\n<ul>\n<li>zertifiziert nach EN 13634<\/li>\n<li>Steife Eins\u00e4tze an den Kn\u00f6cheln<\/li>\n<li>Thermogeformter Tibiaeinsatz<\/li>\n<li>Einfacher Einstieg durch langen Seitenrei\u00dfverschluss<\/li>\n<li>zus\u00e4tzliche Sicherheit durch Klettverschluss am Schaft<\/li>\n<li>Flexibilit\u00e4t f\u00fcr zus\u00e4tzlichen Komfort beim Gehen<\/li>\n<li>wasserdicht D-WP innen<\/li>\n<li>reflektierende Eins\u00e4tze<\/li>\n<li>Gummisohle mit speziellem Design<\/li>\n<li>TPU (thermoplastisches Polyurethan) Schutzschalter<\/li>\n<\/ul>\n<\/div>\n","protected":false},"excerpt":{"rendered":"<p>Neue wasserdichte Motorradtourenstiefel. Sie bieten viel Komfort und Schutz. Diese Stiefel sind f\u00fcr alle Jahreszeiten geeignet&#8230;.<\/p>\n","protected":false},"featured_media":194219,"comment_status":"open","ping_status":"closed","template":"","meta":{"_acf_changed":false},"brand":[2113],"gender":[2168],"product_brand":[],"product_cat":[1357,3406,2043,2049],"product_tag":[],"class_list":{"0":"post-127631","1":"product","2":"type-product","3":"status-publish","4":"has-post-thumbnail","6":"brand-dainese-de","7":"gender-moski-de","8":"product_cat-ausrustung-fur-motorradfahrer","9":"product_cat-outlet-de","10":"product_cat-schuhe","11":"product_cat-touring-schuhe","12":"pa_size-39-de","13":"pa_size-40-de","14":"pa_size-41-de","15":"pa_size-42-de","16":"pa_size-43-de","17":"pa_size-44-de","18":"pa_size-45-de","19":"pa_size-46-de","20":"pa_size-47-de","21":"pa_size-48-de","22":"pa_size-49-de","23":"pa_size-50-de","25":"first","26":"onbackorder","27":"sale","28":"taxable","29":"shipping-taxable","30":"purchasable","31":"product-type-variable"},"acf":[],"_links":{"self":[{"href":"https:\/\/moto-oprema.com\/de\/wp-json\/wp\/v2\/product\/127631","targetHints":{"allow":["GET"]}}],"collection":[{"href":"https:\/\/moto-oprema.com\/de\/wp-json\/wp\/v2\/product"}],"about":[{"href":"https:\/\/moto-oprema.com\/de\/wp-json\/wp\/v2\/types\/product"}],"replies":[{"embeddable":true,"href":"https:\/\/moto-oprema.com\/de\/wp-json\/wp\/v2\/comments?post=127631"}],"wp:featuredmedia":[{"embeddable":true,"href":"https:\/\/moto-oprema.com\/de\/wp-json\/wp\/v2\/media\/194219"}],"wp:attachment":[{"href":"https:\/\/moto-oprema.com\/de\/wp-json\/wp\/v2\/media?parent=127631"}],"wp:term":[{"taxonomy":"brand","embeddable":true,"href":"https:\/\/moto-oprema.com\/de\/wp-json\/wp\/v2\/brand?post=127631"},{"taxonomy":"gender","embeddable":true,"href":"https:\/\/moto-oprema.com\/de\/wp-json\/wp\/v2\/gender?post=127631"},{"taxonomy":"product_brand","embeddable":true,"href":"https:\/\/moto-oprema.com\/de\/wp-json\/wp\/v2\/product_brand?post=127631"},{"taxonomy":"product_cat","embeddable":true,"href":"https:\/\/moto-oprema.com\/de\/wp-json\/wp\/v2\/product_cat?post=127631"},{"taxonomy":"product_tag","embeddable":true,"href":"https:\/\/moto-oprema.com\/de\/wp-json\/wp\/v2\/product_tag?post=127631"}],"curies":[{"name":"wp","href":"https:\/\/api.w.org\/{rel}","templated":true}]}}